{"id":1024,"date":"2017-02-16T16:28:17","date_gmt":"2017-02-16T05:28:17","guid":{"rendered":"http:\/\/cjproductionnc.com\/?page_id=1024"},"modified":"2017-04-14T20:01:36","modified_gmt":"2017-04-14T09:01:36","slug":"plexi","status":"publish","type":"page","link":"https:\/\/cjproductionnc.com\/index.php\/trophees\/plexi\/","title":{"rendered":"Troph\u00e9es Plexi"},"content":{"rendered":"<p><em>Vous \u00eates ici :<\/em> <a href=\"https:\/\/cjproductionnc.com\/\">Home<\/a> \/ <a href=\"https:\/\/cjproductionnc.com\/index.php\/trophees\">Troph\u00e9es<\/a> \/ <span style=\"color: #999999;\">Troph\u00e9es \u00e0 base de Plexiglas<\/span><\/p>\n<p style=\"text-align: right;\"><a class=\"button medium orange\" href=\"https:\/\/cjproductionnc.com\/index.php\/demande-de-devis-trophees\/\">Demande de devis<\/a><\/p>\n<h1 style=\"text-align: center;\"><span style=\"color: #3366ff;\">Galerie des troph\u00e9es \u00e0 base de Plexiglas<\/span><\/h1>\n<p>&nbsp;<\/p>\n<div class=\"boxes\">\n<div class=\"box three first\" style=\"text-align: center;\"><span style=\"color: #3366ff;\">Troph\u00e9e BCI plexi<a  href=\"https:\/\/cjproductionnc.com\/index.php\/product\/956\/\"><img decoding=\"async\" class=\"aligncenter size-full wp-image-921\" src=\"https:\/\/cjproductionnc.com\/wp-content\/uploads\/2017\/02\/BCI13-300.jpg\" alt=\"\" width=\"200\" height=\"200\" \/><\/a><\/span><\/div>\n<div class=\"box three\" style=\"text-align: center;\"><span style=\"color: #3366ff;\">Troph\u00e9e Bourail 2014<a href=\"https:\/\/cjproductionnc.com\/index.php\/product\/955\/\"><img decoding=\"async\" class=\"aligncenter size-full wp-image-924\" src=\"https:\/\/cjproductionnc.com\/wp-content\/uploads\/2017\/02\/IVNC-300.jpg\" alt=\"\" width=\"200\" height=\"200\" \/><\/a><\/span><\/div>\n<div class=\"box three last\" style=\"text-align: center;\"><span style=\"color: #3366ff;\">Troph\u00e9e Marathon 2014<a  href=\"https:\/\/cjproductionnc.com\/index.php\/product\/951\/\"><img decoding=\"async\" class=\"aligncenter size-full wp-image-923\" src=\"https:\/\/cjproductionnc.com\/wp-content\/uploads\/2017\/02\/marathon14-300.jpg\" alt=\"\" width=\"200\" height=\"200\" \/><\/a><\/span><\/div>\n<\/div>\n<div class=\"boxes\">\n<div class=\"box three first\" style=\"text-align: center;\"><span style=\"color: #3366ff;\">Troph\u00e9e Course plexi<a  href=\"https:\/\/cjproductionnc.com\/index.php\/product\/965\/\"><img loading=\"lazy\" decoding=\"async\" class=\"aligncenter size-full wp-image-921\" src=\"https:\/\/cjproductionnc.com\/wp-content\/uploads\/2017\/02\/CIEL-course-300.jpg\" alt=\"\" width=\"200\" height=\"200\" \/><\/a><\/span><\/div>\n<div class=\"box three\" style=\"text-align: center;\"><span style=\"color: #3366ff;\">Troph\u00e9e CHT plexi peint<a  href=\"https:\/\/cjproductionnc.com\/index.php\/product\/963\/\"><img loading=\"lazy\" decoding=\"async\" class=\"aligncenter size-full wp-image-924\" src=\"https:\/\/cjproductionnc.com\/wp-content\/uploads\/2017\/02\/CHTimpr-300.jpg\" alt=\"\" width=\"200\" height=\"200\" \/><\/a><\/span><\/div>\n<div class=\"box three last\" style=\"text-align: center;\"><span style=\"color: #3366ff;\">Troph\u00e9e Mutuelle plexi<a  href=\"https:\/\/cjproductionnc.com\/index.php\/product\/961\/\"><img loading=\"lazy\" decoding=\"async\" class=\"aligncenter size-full wp-image-923\" src=\"https:\/\/cjproductionnc.com\/wp-content\/uploads\/2017\/02\/mutuelle-300.jpg\" alt=\"\" width=\"200\" height=\"200\" \/><\/a><\/span><\/div>\n<\/div>\n<div class=\"boxes\">\n<div class=\"box three first\" style=\"text-align: center;\"><span style=\"color: #3366ff;\">Troph\u00e9e Tennis plexi<a  href=\"https:\/\/cjproductionnc.com\/index.php\/product\/980\/\"><img loading=\"lazy\" decoding=\"async\" class=\"aligncenter size-full wp-image-921\" src=\"https:\/\/cjproductionnc.com\/wp-content\/uploads\/2017\/02\/CIEL-tennis-300.jpg\" alt=\"\" width=\"200\" height=\"200\" \/><\/a><\/span><\/div>\n<div class=\"box three\" style=\"text-align: center;\"><span style=\"color: #3366ff;\">Troph\u00e9e CHT plexi<a  href=\"https:\/\/cjproductionnc.com\/index.php\/product\/979\/\"><img loading=\"lazy\" decoding=\"async\" class=\"aligncenter size-full wp-image-924\" src=\"https:\/\/cjproductionnc.com\/wp-content\/uploads\/2017\/02\/CHT-300.jpg\" alt=\"\" width=\"200\" height=\"200\" \/><\/a><\/span><\/div>\n<div class=\"box three last\" style=\"text-align: center;\"><span style=\"color: #3366ff;\">Troph\u00e9e Dict\u00e9e plexi<a  href=\"https:\/\/cjproductionnc.com\/index.php\/product\/967\/\"><img loading=\"lazy\" decoding=\"async\" class=\"aligncenter size-full wp-image-923\" src=\"https:\/\/cjproductionnc.com\/wp-content\/uploads\/2017\/02\/dictee-300.jpg\" alt=\"\" width=\"200\" height=\"200\" \/><\/a><\/span><\/div>\n<\/div>\n<div class=\"boxes\">\n<div class=\"box three first\" style=\"text-align: center;\"><span style=\"color: #3366ff;\">Troph\u00e9e Voile plexi<a  href=\"https:\/\/cjproductionnc.com\/index.php\/product\/986\/\"><img loading=\"lazy\" decoding=\"async\" class=\"aligncenter size-full wp-image-921\" src=\"https:\/\/cjproductionnc.com\/wp-content\/uploads\/2017\/02\/cielvoile-300.jpg\" alt=\"\" width=\"200\" height=\"200\" \/><\/a><\/span><\/div>\n<div class=\"box three\" style=\"text-align: center;\"><span style=\"color: #3366ff;\">Troph\u00e9e Golf plexi<a  href=\"https:\/\/cjproductionnc.com\/index.php\/product\/985\/\"><img loading=\"lazy\" decoding=\"async\" class=\"aligncenter size-full wp-image-924\" src=\"https:\/\/cjproductionnc.com\/wp-content\/uploads\/2017\/02\/CIEL-golf-300.jpg\" alt=\"\" width=\"200\" height=\"200\" \/><\/a><\/span><\/div>\n<div class=\"box three last\" style=\"text-align: center;\"><span style=\"color: #3366ff;\">Troph\u00e9e OPT plexi<a  href=\"https:\/\/cjproductionnc.com\/index.php\/product\/984\/\"><img loading=\"lazy\" decoding=\"async\" class=\"aligncenter size-full wp-image-923\" src=\"https:\/\/cjproductionnc.com\/wp-content\/uploads\/2017\/02\/ordi-OPT-300.jpg\" alt=\"\" width=\"200\" height=\"200\" \/><\/a><\/span><\/div>\n<\/div>\n<p>&nbsp;<\/p>\n<p style=\"text-align: center;\"><a class=\"button small dark\" href=\"https:\/\/cjproductionnc.com\/index.php\/trophees\/bois\/\">Galerie des troph\u00e9es bois<\/a> <a class=\"button small dark\" href=\"https:\/\/cjproductionnc.com\/index.php\/trophees\/metal\/\">Galerie des troph\u00e9es m\u00e9tal<\/a><\/p>\n<p style=\"text-align: center;\"><a class=\"button small dark\" href=\"https:\/\/cjproductionnc.com\/index.php\/trophees\/multi\/\">Galerie des troph\u00e9es multi mat\u00e9riaux<\/a><\/p>\n<p><span style=\"border-radius: 2px; text-indent: 20px; width: auto; padding: 0px 4px 0px 0px; text-align: center; font: bold 11px\/20px 'Helvetica Neue',Helvetica,sans-serif; color: #ffffff; background: #bd081c no-repeat scroll 3px 50% \/ 14px 14px; position: absolute; opacity: 1; z-index: 8675309; display: none; cursor: pointer;\">Enregistrer<\/span><\/p>","protected":false},"excerpt":{"rendered":"<p>Vous \u00eates ici : Home \/ Troph\u00e9es \/ Troph\u00e9es \u00e0 base de Plexiglas Demande de devis Galerie des troph\u00e9es \u00e0 base de Plexiglas &nbsp; Troph\u00e9e BCI plexi Troph\u00e9e Bourail 2014 Troph\u00e9e Marathon 2014 Troph\u00e9e Course plexi Troph\u00e9e CHT plexi peint Troph\u00e9e Mutuelle plexi Troph\u00e9e Tennis plexi Troph\u00e9e CHT plexi Troph\u00e9e Dict\u00e9e plexi Troph\u00e9e Voile plexi [&hellip;]<\/p>\n","protected":false},"author":1,"featured_media":0,"parent":13,"menu_order":0,"comment_status":"closed","ping_status":"closed","template":"","meta":{"footnotes":""},"class_list":["post-1024","page","type-page","status-publish","hentry"],"_links":{"self":[{"href":"https:\/\/cjproductionnc.com\/index.php\/wp-json\/wp\/v2\/pages\/1024","targetHints":{"allow":["GET"]}}],"collection":[{"href":"https:\/\/cjproductionnc.com\/index.php\/wp-json\/wp\/v2\/pages"}],"about":[{"href":"https:\/\/cjproductionnc.com\/index.php\/wp-json\/wp\/v2\/types\/page"}],"author":[{"embeddable":true,"href":"https:\/\/cjproductionnc.com\/index.php\/wp-json\/wp\/v2\/users\/1"}],"replies":[{"embeddable":true,"href":"https:\/\/cjproductionnc.com\/index.php\/wp-json\/wp\/v2\/comments?post=1024"}],"version-history":[{"count":0,"href":"https:\/\/cjproductionnc.com\/index.php\/wp-json\/wp\/v2\/pages\/1024\/revisions"}],"up":[{"embeddable":true,"href":"https:\/\/cjproductionnc.com\/index.php\/wp-json\/wp\/v2\/pages\/13"}],"wp:attachment":[{"href":"https:\/\/cjproductionnc.com\/index.php\/wp-json\/wp\/v2\/media?parent=1024"}],"curies":[{"name":"wp","href":"https:\/\/api.w.org\/{rel}","templated":true}]}}