{"id":12,"date":"2017-02-02T00:12:49","date_gmt":"2017-02-01T23:12:49","guid":{"rendered":"http:\/\/cjproductionnc.com\/?page_id=12"},"modified":"2017-04-13T22:17:33","modified_gmt":"2017-04-13T11:17:33","slug":"tampons","status":"publish","type":"page","link":"https:\/\/cjproductionnc.com\/index.php\/tampons\/","title":{"rendered":"Tampons"},"content":{"rendered":"<p><em>Vous \u00eates ici :<\/em> <a href=\"https:\/\/cjproductionnc.com\/\">Home <\/a>\/ <span style=\"color: #999999;\">Les tampons<\/span><\/p>\n<h1 style=\"text-align: center;\"><strong>Les Tampons<\/strong><\/h1>\n<div class=\"frame slider\"><div class=\"flexslider shortcode\"><ul class=\"slides\"><li><img decoding=\"async\" src=\"https:\/\/cjproductionnc.com\/wp-content\/uploads\/2017\/02\/tampons-Shiny-01.png\" alt=\"Usage normal\" \/><\/li>\n<li><img decoding=\"async\" src=\"https:\/\/cjproductionnc.com\/wp-content\/uploads\/2017\/02\/tampons-Shiny-03.png\" alt=\"Usage intensif\" \/><\/li><\/ul> <\/div><\/div>\n<p><a href=\"https:\/\/cjproductionnc.com\/index.php\/tampons\/recharges-tampons-shiny\/\"> Recharges <\/a><\/p>\n<h1 style=\"text-align: center;\"><strong>Etape 1 : <\/strong><em>Comment choisir son Tampon<\/em><\/h1>\n<h3><img decoding=\"async\" src=\"http:\/\/www.sg-laser.fr\/ckfinder\/userfiles\/images\/tampons-1.png\" alt=\"\" \/>\u00a0Quelle utilisation ?<\/h3>\n<p>D\u00e9terminez d&rsquo;abord l&rsquo;utilisation que vous allez faire de votre tampon.<br \/>\n<strong>\u00a0\u00a0\u00a0\u00a0\u00a0\u00a0\u00a0\u00a0\u00a0\u00a0 Usage quotidien<\/strong> au bureau ?<br \/>\n<strong>\u00a0\u00a0\u00a0\u00a0\u00a0\u00a0\u00a0\u00a0\u00a0\u00a0\u00a0Usage rep\u00e9t\u00e9 <\/strong>comme les services courrier ou\u00a0comptabilit\u00e9 ?<br \/>\n<strong>\u00a0\u00a0\u00a0\u00a0\u00a0\u00a0\u00a0\u00a0\u00a0\u00a0\u00a0<\/strong>Pour une <strong>utilisation itin\u00e9rante<\/strong>\u00a0:\u00a0commerciaux, m\u00e9decins, etc&#8230; ?<\/p>\n\n\t    <script type=\"text\/javascript\">\n\t\t\/* <![CDATA[ *\/\n\t\t\t jQuery(document).ready(function(){  \n\t\t     \tjQuery(\"#accordion_random_224172\").tabs(\".pane\", {tabs: '.title', effect: 'slide' , initialIndex: null });\n\t\t\t });\n\t    \/* ]]> *\/\t\n\t    <\/script>\t\n    <div id=\"accordion_random_224172\" class=\"accordion \">\n<div class=\"title\"><span>Tampons antibact\u00e9riens<\/span><\/div>\n<div class=\"pane\">\n<h4 style=\"text-align: center;\"><strong>Tampons antibact\u00e9riens<\/strong><\/h4>\n<p><img fetchpriority=\"high\" fetchpriority=\"high\" decoding=\"async\" class=\" wp-image-195 alignleft\" src=\"https:\/\/cjproductionnc.com\/wp-content\/uploads\/2017\/02\/serieA-600d.png\" alt=\"\" width=\"169\" height=\"320\" \/><\/p>\n<p style=\"text-align: left;\">Ces boitiers sont trait\u00e9s avec un agent fongistatique qui stoppe la croissance des champignons pathog\u00e8nes.<br \/>\nCet agent retarde aussi le d\u00e9veloppement et l&rsquo;activit\u00e9 des odeurs bact\u00e9riennes.<\/p>\n<p style=\"text-align: left;\">Dans notre vie quotidienne nous sommes cern\u00e9s par de nombreuses bact\u00e9ries invisibles qui peuvent survivre jusqu&rsquo;\u00e0 3 jours.<br \/>\nLa ligne NTbac de Shiny int\u00e8gre un agent fongista\u00adtique pendant son processus de fabrication qui peut d\u00e9truire jusqu&rsquo;\u00e0 99.99% des bact\u00e9ries.<\/p>\n<p style=\"text-align: left;\">Le rapport peut \u00eatre t\u00e9l\u00e9charg\u00e9 depuis l&rsquo;adresse :<em> www.shinystamp.com\/antibac.htm<\/em><\/p>\n<div class=\"clear\"><\/div>\n<\/div>\n<div class=\"title\"><span>Tampons \u00e0 usage intensif<\/span><\/div>\n<div class=\"pane\">\n<h4 style=\"text-align: center;\"><strong>Tampons \u00e0 usage intensif<\/strong><\/h4>\n<p><a href=\"https:\/\/cjproductionnc.com\/wp-content\/uploads\/2017\/04\/Essential-Line-png24-657x932.png\"><img decoding=\"async\" class=\"aligncenter  wp-image-1755\" src=\"https:\/\/cjproductionnc.com\/wp-content\/uploads\/2017\/04\/Essential-Line-png24-657x932.png\" alt=\"\" width=\"300\" height=\"426\" srcset=\"https:\/\/cjproductionnc.com\/wp-content\/uploads\/2017\/04\/Essential-Line-png24-657x932.png 657w, https:\/\/cjproductionnc.com\/wp-content\/uploads\/2017\/04\/Essential-Line-png24-657x932-106x150.png 106w, https:\/\/cjproductionnc.com\/wp-content\/uploads\/2017\/04\/Essential-Line-png24-657x932-211x300.png 211w\" sizes=\"(max-width: 300px) 100vw, 300px\" \/><\/a><\/p>\n<div class=\"clear\"><\/div>\n<\/div>\n<div class=\"title\"><span>Tampons itin\u00e9rants<\/span><\/div>\n<div class=\"pane\">\n<h4 style=\"text-align: center;\"><strong>Tampons pour usage itin\u00e9rant<\/strong><\/h4>\n<p style=\"text-align: center;\"><span style=\"color: #ff0000;\"><a href=\"https:\/\/cjproductionnc.com\/wp-content\/uploads\/2017\/04\/tpons-itin\u00e9rants.png\"><img decoding=\"async\" class=\"aligncenter  wp-image-1756\" src=\"https:\/\/cjproductionnc.com\/wp-content\/uploads\/2017\/04\/tpons-itin\u00e9rants.png\" alt=\"\" width=\"476\" height=\"339\" srcset=\"https:\/\/cjproductionnc.com\/wp-content\/uploads\/2017\/04\/tpons-itin\u00e9rants.png 605w, https:\/\/cjproductionnc.com\/wp-content\/uploads\/2017\/04\/tpons-itin\u00e9rants-150x107.png 150w, https:\/\/cjproductionnc.com\/wp-content\/uploads\/2017\/04\/tpons-itin\u00e9rants-300x214.png 300w\" sizes=\"(max-width: 476px) 100vw, 476px\" \/><\/a><\/span><\/p>\n<div class=\"clear\"><\/div>\n<\/div>\n<div class=\"title\"><span>Fermeture<\/span><\/div>\n<div class=\"pane\">\n<div class=\"clear\"><\/div>\n<\/div><\/div>\n<h3><img decoding=\"async\" src=\"http:\/\/www.sg-laser.fr\/ckfinder\/userfiles\/images\/tampons-2.png\" alt=\"\" \/>\u00a0Quelles informations ?<\/h3>\n<p>Que souhaitez-vous faire figurer sur votre tampon ?<br \/>\nLe nombre de lignes n\u00e9cessaires vous indiquera <strong>la taille de tampon ad\u00e9quate<\/strong>.<br \/>\nRespectez le nombre de lignes maximum pour obtenir un tampon de qualit\u00e9.<\/p>\n<h3><img decoding=\"async\" src=\"http:\/\/www.sg-laser.fr\/ckfinder\/userfiles\/images\/tampons-3.png\" alt=\"\" \/>\u00a0Les options de personnalisation<\/h3>\n<p>Vous pouvez <strong>embellir votre tampon\u00a0<\/strong>avec le logo de votre soci\u00e9t\u00e9, un pictogramme, une bordure d\u00e9corative, etc&#8230;<br \/>\nIl est \u00e9galement possible de faire fabriquer des <strong>tampons officiels selon les proc\u00e9dures en vigueur<\/strong> (notamment pour l&rsquo;Administration).<br \/>\n<a href=\"cjproductionnc.com@gmail.com\">N&rsquo;h\u00e9sitez pas \u00e0 nous consulter<\/a> pour \u00e9tudier ensemble le tampon adapt\u00e9 \u00e0 vos attentes.<\/p>\n<hr \/>\n<h1 style=\"text-align: center;\"><strong>Etape 2 : <\/strong><em>Choisir son Tampon<\/em><\/h1>\n<p>&nbsp;<\/p>\n<div class=\"boxes\">\n<div class=\"box two last\" style=\"text-align: center;\">\n<p><a class=\"button medium red\" href=\"https:\/\/cjproductionnc.com\/index.php\/tampons\/les-tampons-shiny\/usage-normal\/\">Tampons pour usage normal<\/a><\/p>\n<p><a href=\"https:\/\/cjproductionnc.com\/index.php\/tampons\/les-tampons-shiny\/usage-normal\/\"><img loading=\"lazy\" decoding=\"async\" class=\"aligncenter wp-image-214\" src=\"https:\/\/cjproductionnc.com\/wp-content\/uploads\/2017\/02\/tampons-Shiny-ordinaires.png\" alt=\"\" width=\"304\" height=\"105\" srcset=\"https:\/\/cjproductionnc.com\/wp-content\/uploads\/2017\/02\/tampons-Shiny-ordinaires.png 620w, https:\/\/cjproductionnc.com\/wp-content\/uploads\/2017\/02\/tampons-Shiny-ordinaires-300x104.png 300w\" sizes=\"(max-width: 304px) 100vw, 304px\" \/><\/a><br \/>\n<a class=\"button medium red\" href=\"https:\/\/cjproductionnc.com\/index.php\/tampons\/les-tampons-shiny\/usage-intensif\/\">Tampons pour usage intensif<\/a><br \/>\n<a href=\"https:\/\/cjproductionnc.com\/index.php\/tampons\/les-tampons-shiny\/usage-intensif\/\"><br \/>\n<img loading=\"lazy\" decoding=\"async\" class=\"size-medium wp-image-103 aligncenter\" src=\"https:\/\/cjproductionnc.com\/wp-content\/uploads\/2017\/02\/tampons-Shiny-metal.png\" alt=\"\" width=\"300\" height=\"70\" \/><\/a><\/p>\n<\/div>\n<div class=\"box two last\" style=\"text-align: center;\">\n<p><a class=\"button medium red\" href=\"https:\/\/cjproductionnc.com\/index.php\/tampons\/les-tampons-shiny\/antibacteriens\/\">Tampons antibact\u00e9riens<\/a><br \/>\n<a href=\"https:\/\/cjproductionnc.com\/index.php\/tampons\/les-tampons-shiny\/antibacteriens\/\"><br \/>\n<img loading=\"lazy\" decoding=\"async\" class=\"wp-image-197 aligncenter\" src=\"https:\/\/cjproductionnc.com\/wp-content\/uploads\/2017\/02\/serieA-600b-1.png\" alt=\"\" width=\"259\" height=\"102\" srcset=\"https:\/\/cjproductionnc.com\/wp-content\/uploads\/2017\/02\/serieA-600b-1.png 600w, https:\/\/cjproductionnc.com\/wp-content\/uploads\/2017\/02\/serieA-600b-1-300x119.png 300w\" sizes=\"(max-width: 259px) 100vw, 259px\" \/><br \/>\n<\/a><a class=\"button medium red\" href=\"https:\/\/cjproductionnc.com\/index.php\/tampons\/les-tampons-shiny\/itinerants\/\">Tampons pour usage itin\u00e9rant<\/a><a href=\"https:\/\/cjproductionnc.com\/index.php\/tampons\/les-tampons-shiny\/itinerants\/\"><img loading=\"lazy\" decoding=\"async\" class=\"alignnone size-medium wp-image-117 aligncenter\" src=\"https:\/\/cjproductionnc.com\/wp-content\/uploads\/2017\/02\/handy-stamp-300x120.png\" alt=\"\" width=\"300\" height=\"120\" srcset=\"https:\/\/cjproductionnc.com\/wp-content\/uploads\/2017\/02\/handy-stamp-300x120.png 300w, https:\/\/cjproductionnc.com\/wp-content\/uploads\/2017\/02\/handy-stamp.png 420w\" sizes=\"(max-width: 300px) 100vw, 300px\" \/><\/a><\/p>\n<\/div>\n<\/div>\n<hr \/>\n<div style=\"text-align: center;\"><a href=\"http:\/\/www.shinystamp.com\"><img loading=\"lazy\" decoding=\"async\" class=\"size-thumbnail wp-image-89\" src=\"https:\/\/cjproductionnc.com\/wp-content\/uploads\/2017\/03\/logo-shiny-1957.jpg\" alt=\"\" width=\"150\" height=\"86\" \/><\/a><br \/>\n<strong>CJ Production<\/strong><br \/>\nDistributeur de la marque Shiny<br \/>\nen Nouvelle-Cal\u00e9donie<\/div>\n<p><span style=\"border-radius: 2px; text-indent: 20px; width: auto; padding: 0px 4px 0px 0px; text-align: center; font: bold 11px\/20px 'Helvetica Neue',Helvetica,sans-serif; color: #ffffff; background: #bd081c no-repeat scroll 3px 50% \/ 14px 14px; position: absolute; opacity: 1; z-index: 8675309; display: none; cursor: pointer;\">Enregistrer<\/span><\/p>\n<p><span style=\"border-radius: 2px; text-indent: 20px; width: auto; padding: 0px 4px 0px 0px; text-align: center; font: bold 11px\/20px 'Helvetica Neue',Helvetica,sans-serif; color: #ffffff; background: #bd081c no-repeat scroll 3px 50% \/ 14px 14px; position: absolute; opacity: 1; z-index: 8675309; display: none; cursor: pointer;\">Enregistrer<\/span><\/p>","protected":false},"excerpt":{"rendered":"<p>Vous \u00eates ici : Home \/ Les tampons Les Tampons Recharges Etape 1 : Comment choisir son Tampon \u00a0Quelle utilisation ? D\u00e9terminez d&rsquo;abord l&rsquo;utilisation que vous allez faire de votre tampon. \u00a0\u00a0\u00a0\u00a0\u00a0\u00a0\u00a0\u00a0\u00a0\u00a0 Usage quotidien au bureau ? \u00a0\u00a0\u00a0\u00a0\u00a0\u00a0\u00a0\u00a0\u00a0\u00a0\u00a0Usage rep\u00e9t\u00e9 comme les services courrier ou\u00a0comptabilit\u00e9 ? \u00a0\u00a0\u00a0\u00a0\u00a0\u00a0\u00a0\u00a0\u00a0\u00a0\u00a0Pour une utilisation itin\u00e9rante\u00a0:\u00a0commerciaux, m\u00e9decins, etc&#8230; ? \u00a0Quelles informations ? [&hellip;]<\/p>\n","protected":false},"author":1,"featured_media":0,"parent":0,"menu_order":0,"comment_status":"closed","ping_status":"closed","template":"","meta":{"footnotes":""},"class_list":["post-12","page","type-page","status-publish","hentry"],"_links":{"self":[{"href":"https:\/\/cjproductionnc.com\/index.php\/wp-json\/wp\/v2\/pages\/12","targetHints":{"allow":["GET"]}}],"collection":[{"href":"https:\/\/cjproductionnc.com\/index.php\/wp-json\/wp\/v2\/pages"}],"about":[{"href":"https:\/\/cjproductionnc.com\/index.php\/wp-json\/wp\/v2\/types\/page"}],"author":[{"embeddable":true,"href":"https:\/\/cjproductionnc.com\/index.php\/wp-json\/wp\/v2\/users\/1"}],"replies":[{"embeddable":true,"href":"https:\/\/cjproductionnc.com\/index.php\/wp-json\/wp\/v2\/comments?post=12"}],"version-history":[{"count":0,"href":"https:\/\/cjproductionnc.com\/index.php\/wp-json\/wp\/v2\/pages\/12\/revisions"}],"wp:attachment":[{"href":"https:\/\/cjproductionnc.com\/index.php\/wp-json\/wp\/v2\/media?parent=12"}],"curies":[{"name":"wp","href":"https:\/\/api.w.org\/{rel}","templated":true}]}}