{"id":120,"date":"2017-02-03T11:19:56","date_gmt":"2017-02-03T00:19:56","guid":{"rendered":"http:\/\/cjproductionnc.com\/?page_id=120"},"modified":"2017-03-03T11:28:36","modified_gmt":"2017-03-03T00:28:36","slug":"recharges-tampons-shiny","status":"publish","type":"page","link":"https:\/\/cjproductionnc.com\/index.php\/tampons\/recharges-tampons-shiny\/","title":{"rendered":"Les recharges pour tampons Shiny"},"content":{"rendered":"<p><em>Vous \u00eates ici :<\/em> <a href=\"https:\/\/cjproductionnc.com\/\">Home <\/a>\/ <a href=\"https:\/\/cjproductionnc.com\/index.php\/tampons\/\">Tampons <\/a>\/ <span style=\"color: #999999;\">Les recharges pour tampons Shiny<\/span><\/p>\n<p style=\"text-align: right;\"><a class=\"button medium orange\" href=\"https:\/\/cjproductionnc.com\/index.php\/tampons\/les-tampons-shiny\/devis-tampons\/\">Demande de devis<\/a><\/p>\n<h1 style=\"text-align: center;\"><span style=\"color: #000000;\"> Les recharges pour tampons Shiny<\/span><\/h1>\n<div class=\"box full\"><div class=\"taps_wrap\"><ul class=\"tabs\"><li><a href=\"#\">Recharges<\/a><\/li><li><a href=\"#\">monochromes s\u00e9rie S-800<\/a><\/li><li><a href=\"#\">monochromes s\u00e9ries S-300 et S-500<\/a><\/li><li><a href=\"#\">monochromes s\u00e9rie A- 800<\/a><\/li><li><a href=\"#\">bicolores dateurs s\u00e9rie S<\/a><\/li><li><a href=\"#\">monochromes et bicolores s\u00e9rie E<\/a><\/li><\/ul><br \/>\n <div class=\"pane\"><h5 style=\"text-align: center;\"><span style=\"color: #ff0000;\"> Cliquez sur un onglet pour faire apparaitre le tableau de recharges Shiny correspondant<\/span><\/h5><\/div>\n <div class=\"pane\"><h4>Recharges monochromes* pour les tampons de la s\u00e9rie S- 800<\/h4>\n<p style=\"padding-left: 60px; text-align: left;\"><strong>* :<\/strong> recharges d&rsquo;une couleur<\/p>\n<table style=\"border-collapse: collapse; width: 100%;\" border=\"0\" cellspacing=\"0\" cellpadding=\"0\">\n<tbody>\n<tr style=\"height: 10.0pt;\">\n<td style=\"height: 10.0pt; width: 30%;\" bgcolor=\"#EEE\"><\/td>\n<td style=\"width: 10%; text-align: center;\"><span style=\"color: #000000;\"><strong>Ref tampon<\/strong><\/span><\/td>\n<td style=\"width: 10%; text-align: center;\"><span style=\"color: #000000;\"><strong><em>Ref recharge<\/em><\/strong><\/span><\/td>\n<td style=\"width: 20%; text-align: center;\"><span style=\"color: #000000;\"><strong>Couleurs disponibles<br \/>\n<img decoding=\"async\" class=\"size-full wp-image-167\" src=\"https:\/\/cjproductionnc.com\/wp-content\/uploads\/2017\/03\/NBRVM.png\" alt=\"\" width=\"50\" \/><br \/>\n<\/strong><\/span><\/td>\n<td style=\"width: 30%;\" bgcolor=\"#EEE\"><\/td>\n<\/tr>\n<tr style=\"height: 10.0pt;\">\n<td style=\"height: 10.0pt; width: 30%;\" bgcolor=\"#EEE\"><\/td>\n<td style=\"width: 10%; text-align: center;\" height=\"10\"><strong>S-821<br \/>\nS-822<br \/>\nS-823<br \/>\nS-824<br \/>\nS-825<br \/>\nS-826<br \/>\nS-826D<br \/>\nS-827<br \/>\nS-827D<br \/>\nS-828<br \/>\nS-828D<br \/>\nS-829<br \/>\nS-829D<br \/>\nS-830<br \/>\nS-830D<br \/>\nS-831<br \/>\nS-832<br \/>\nS-833<br \/>\nS-841<br \/>\nS-842<br \/>\nS-843<br \/>\nS-844<br \/>\nS-845<br \/>\nS-851<br \/>\nS-852<br \/>\nS-853<br \/>\nS-854<br \/>\nS-855<\/strong><\/td>\n<td style=\"width: 10%; text-align: center;\" height=\"10\"><span style=\"color: #000000;\"><strong><em>S-851-7<br \/>\nS-852-7<br \/>\nS-853-7<br \/>\nS-854-7<br \/>\nS-855-7<br \/>\nS-400B-7<br \/>\nS-400B-7<br \/>\nS-827-7<br \/>\nS-827-7<br \/>\nS-828-7<br \/>\nS-828-7<br \/>\nS-829-7<br \/>\nS-829-7<br \/>\nS-830-7<br \/>\nS-830-7<br \/>\nS-831-7<br \/>\nS-832-7<br \/>\nS-833-7<br \/>\nS-851-7<br \/>\nS-852-7<br \/>\nS-853-7<br \/>\nS-854-7<br \/>\nS-855-7<br \/>\nS-851-7<br \/>\nS-852-7<br \/>\nS-853-7<br \/>\nS-854-7<br \/>\nS-855-7<br \/>\n<\/em><\/strong><\/span><\/td>\n<td style=\"width: 20%; text-align: center;\" height=\"10\"><span style=\"color: #000000;\">N<\/span> <span style=\"color: #3366ff;\">B<\/span> <span style=\"color: #ff0000;\">R <span style=\"color: #339966;\">V<\/span> <span style=\"color: #993366;\">M<\/span><br \/>\n<span style=\"color: #000000;\">N<\/span> <span style=\"color: #3366ff;\">B<\/span> R <span style=\"color: #339966;\">V<\/span> <span style=\"color: #993366;\">M<\/span><br \/>\n<span style=\"color: #000000;\">N<\/span> <span style=\"color: #3366ff;\">B<\/span> R <span style=\"color: #339966;\">V<\/span> <span style=\"color: #993366;\">M<\/span><br \/>\n<span style=\"color: #000000;\">N<\/span> <span style=\"color: #3366ff;\">B<\/span> R <span style=\"color: #339966;\">V<\/span> <span style=\"color: #993366;\">M<\/span><br \/>\n<span style=\"color: #000000;\">N<\/span> <span style=\"color: #3366ff;\">B<\/span> R <span style=\"color: #339966;\">V<\/span> <span style=\"color: #993366;\">M<\/span><br \/>\n<span style=\"color: #000000;\">N<\/span> <span style=\"color: #3366ff;\">B<\/span> R<span style=\"color: #ffffff;\"> V M<\/span><br \/>\n<span style=\"color: #000000;\">N<\/span> <span style=\"color: #3366ff;\">B<\/span> R<span style=\"color: #ffffff;\"> V M<\/span><br \/>\n<span style=\"color: #000000;\">N<\/span> <span style=\"color: #3366ff;\">B<\/span> R<span style=\"color: #ffffff;\"> V M<\/span><br \/>\n<span style=\"color: #000000;\">N<\/span> <span style=\"color: #3366ff;\">B<\/span> R<span style=\"color: #ffffff;\"> V M<\/span><br \/>\n<span style=\"color: #000000;\">N<\/span> <span style=\"color: #3366ff;\">B<\/span> R<span style=\"color: #ffffff;\"> V M<\/span><br \/>\n<span style=\"color: #000000;\">N<\/span> <span style=\"color: #3366ff;\">B<\/span> R<span style=\"color: #ffffff;\"> V M<\/span><br \/>\n<span style=\"color: #000000;\">N<\/span> <span style=\"color: #3366ff;\">B<\/span> R<span style=\"color: #ffffff;\"> V M<\/span><br \/>\n<span style=\"color: #000000;\">N<\/span> <span style=\"color: #3366ff;\">B<\/span> R<span style=\"color: #ffffff;\"> V M<\/span><br \/>\n<span style=\"color: #000000;\">N<\/span> <span style=\"color: #3366ff;\">B<\/span> R<span style=\"color: #ffffff;\"> V M<\/span><br \/>\n<span style=\"color: #000000;\">N<\/span> <span style=\"color: #3366ff;\">B<\/span> R<span style=\"color: #ffffff;\"> V M<\/span><br \/>\n<span style=\"color: #000000;\">N<\/span> <span style=\"color: #3366ff;\">B<\/span> R<span style=\"color: #ffffff;\"> V M<\/span><br \/>\n<span style=\"color: #000000;\">N<\/span> <span style=\"color: #3366ff;\">B<\/span> R<span style=\"color: #ffffff;\"> V M<\/span><br \/>\n<span style=\"color: #000000;\">N<\/span> <span style=\"color: #3366ff;\">B<\/span> R<span style=\"color: #ffffff;\"> V M<\/span><br \/>\n<span style=\"color: #000000;\">N<\/span> <span style=\"color: #3366ff;\">B<\/span> R<span style=\"color: #ffffff;\"> V M<\/span><br \/>\n<span style=\"color: #000000;\">N<\/span> <span style=\"color: #3366ff;\">B<\/span> R<span style=\"color: #ffffff;\"> V M<\/span><br \/>\n<span style=\"color: #000000;\">N<\/span> <span style=\"color: #3366ff;\">B<\/span> R<span style=\"color: #ffffff;\"> V M<\/span><br \/>\n<span style=\"color: #000000;\">N<\/span> <span style=\"color: #3366ff;\">B<\/span> R<span style=\"color: #ffffff;\"> V M<\/span><br \/>\n<span style=\"color: #000000;\">N<\/span> <span style=\"color: #3366ff;\">B<\/span> R<span style=\"color: #ffffff;\"> V M<\/span><br \/>\n<span style=\"color: #000000;\">N<\/span> <span style=\"color: #3366ff;\">B<\/span> R<span style=\"color: #ffffff;\"> V M<\/span><br \/>\n<span style=\"color: #000000;\">N<\/span> <span style=\"color: #3366ff;\">B<\/span> R<span style=\"color: #ffffff;\"> V M<\/span><br \/>\n<span style=\"color: #000000;\">N<\/span> <span style=\"color: #3366ff;\">B<\/span> R<span style=\"color: #ffffff;\"> V M<\/span><br \/>\n<span style=\"color: #000000;\">N<\/span> <span style=\"color: #3366ff;\">B<\/span> R<span style=\"color: #ffffff;\"> V M<\/span><br \/>\n<span style=\"color: #000000;\">N<\/span> <span style=\"color: #3366ff;\">B<\/span> R<span style=\"color: #ffffff;\"> V M<\/span><br \/>\n<\/span><\/td>\n<td style=\"width: 30%;\" bgcolor=\"#EEE\"><\/td>\n<\/tr>\n<\/tbody>\n<\/table><\/div>\n <div class=\"pane\"><h4>Recharges monochromes pour les tampons des s\u00e9ries S- 300 \u00e0 500<\/h4>\n<table style=\"border-collapse: collapse; width: 100%;\" border=\"0\" cellspacing=\"0\" cellpadding=\"0\">\n<tbody>\n<tr style=\"height: 10.0pt;\">\n<td style=\"height: 10.0pt; width: 30%;\" bgcolor=\"#EEE\"><\/td>\n<td style=\"width: 10%; text-align: center;\"><span style=\"color: #000000;\"><strong>Ref tampon<\/strong><\/span><\/td>\n<td style=\"width: 10%; text-align: center;\"><span style=\"color: #000000;\"><strong><em>Ref recharge<\/em><\/strong><\/span><\/td>\n<td style=\"width: 20%; text-align: center;\"><span style=\"color: #000000;\"><strong>Couleurs disponibles<br \/>\n<img decoding=\"async\" class=\"size-full wp-image-167\" src=\"https:\/\/cjproductionnc.com\/wp-content\/uploads\/2017\/03\/NBRVM.png\" alt=\"\" width=\"50\" \/><br \/>\n<\/strong><\/span><\/td>\n<td style=\"width: 30%;\" bgcolor=\"#EEE\"><\/td>\n<\/tr>\n<tr style=\"height: 10.0pt;\">\n<td style=\"height: 10.0pt; width: 30%;\" bgcolor=\"#EEE\"><\/td>\n<td style=\"width: 10%; text-align: center;\" height=\"10\"><strong>S-300<br \/>\nS-308<br \/>\nS-400<br \/>\nS-510<br \/>\nS-520<br \/>\nS-530<br \/>\nS-530D<br \/>\nS-542<br \/>\nS-542D<\/strong><\/td>\n<td style=\"width: 10%; text-align: center;\" height=\"10\"><span style=\"color: #000000;\"><strong><em>S-300-7<br \/>\nS-308-7<br \/>\nS-400-7<br \/>\nS-510-7<br \/>\nS-520-7<br \/>\nS-530-7<br \/>\nS-530-7<br \/>\nS-542-7<br \/>\nS-542-7<\/em><\/strong><\/span><\/td>\n<td style=\"width: 20%; text-align: center;\" height=\"10\"><span style=\"color: #000000;\">N <span style=\"color: #3366ff;\">B<\/span> <span style=\"color: #ff0000;\">R<\/span><span style=\"color: #ffffff;\"><span style=\"color: #ff0000;\"> <span style=\"color: #339966;\">V<\/span> <span style=\"color: #993366;\">M<\/span><\/span><\/span><br \/>\nN <span style=\"color: #3366ff;\">B<\/span> <span style=\"color: #ff0000;\">R<\/span><span style=\"color: #ffffff;\"><span style=\"color: #ff0000;\"> <span style=\"color: #339966;\">V<\/span> <span style=\"color: #993366;\">M<\/span><\/span><\/span><br \/>\nN<\/span> <span style=\"color: #3366ff;\">B<\/span> <span style=\"color: #ff0000;\">R<\/span><span style=\"color: #ffffff;\"><span style=\"color: #ff0000;\"> <span style=\"color: #339966;\">V<\/span> <span style=\"color: #993366;\">M<\/span><\/span><\/span><br \/>\n<span style=\"color: #ffffff;\"><span style=\"color: #000000;\">N<\/span> <span style=\"color: #3366ff;\">B<\/span> <span style=\"color: #ff0000;\">R <span style=\"color: #339966;\">V<\/span> <span style=\"color: #993366;\">M<\/span><br \/>\n<span style=\"color: #000000;\">N<\/span> <span style=\"color: #3366ff;\">B<\/span> R <span style=\"color: #339966;\">V<\/span> <span style=\"color: #993366;\">M<\/span><br \/>\n<span style=\"color: #000000;\">N<\/span> <span style=\"color: #3366ff;\">B<\/span> R <span style=\"color: #339966;\">V<\/span> <span style=\"color: #993366;\">M<\/span><br \/>\n<span style=\"color: #000000;\">N<\/span> <span style=\"color: #3366ff;\">B<\/span> R <span style=\"color: #339966;\">V<\/span> <span style=\"color: #993366;\">M<\/span><br \/>\n<span style=\"color: #000000;\">N<\/span> <span style=\"color: #3366ff;\">B<\/span> R <span style=\"color: #339966;\">V<\/span> <span style=\"color: #993366;\">M<\/span><br \/>\n<span style=\"color: #000000;\">N<\/span> <span style=\"color: #3366ff;\">B<\/span> R <span style=\"color: #339966;\">V<\/span> <span style=\"color: #993366;\">M<\/span><\/span><\/span><\/td>\n<td style=\"width: 30%;\" bgcolor=\"#EEE\"><\/td>\n<\/tr>\n<\/tbody>\n<\/table><\/div>\n <div class=\"pane\"><h4>Recharges monochromes* pour les tampons de la s\u00e9rie A- 800<\/h4>\n<p style=\"padding-left: 60px; text-align: left;\"><strong>* :<\/strong> recharges d&rsquo;une couleur<\/p>\n<table style=\"border-collapse: collapse; width: 100%;\" border=\"0\" cellspacing=\"0\" cellpadding=\"0\">\n<tbody>\n<tr style=\"height: 10.0pt;\">\n<td style=\"height: 10.0pt; width: 30%;\" bgcolor=\"#EEE\"><\/td>\n<td style=\"width: 10%; text-align: center;\"><span style=\"color: #000000;\"><strong>Ref tampon<\/strong><\/span><\/td>\n<td style=\"width: 10%; text-align: center;\"><span style=\"color: #000000;\"><strong><em>Ref recharge<\/em><\/strong><\/span><\/td>\n<td style=\"width: 20%; text-align: center;\"><span style=\"color: #000000;\"><strong>Couleurs disponibles<br \/>\n<img decoding=\"async\" class=\"size-full wp-image-167\" src=\"https:\/\/cjproductionnc.com\/wp-content\/uploads\/2017\/03\/NBR.png\" alt=\"\" width=\"30\" \/><br \/>\n<\/strong><\/span><\/td>\n<td style=\"width: 30%;\" bgcolor=\"#EEE\"><\/td>\n<\/tr>\n<tr style=\"height: 10.0pt;\">\n<td style=\"height: 10.0pt; width: 30%;\" bgcolor=\"#EEE\"><\/td>\n<td style=\"width: 10%; text-align: center;\" height=\"10\"><strong>A-841<br \/>\nA-842<br \/>\nA-843<br \/>\nA-844<br \/>\nA-845<\/strong><\/td>\n<td style=\"width: 10%; text-align: center;\" height=\"10\"><span style=\"color: #000000;\"><strong><em>S-851-7<br \/>\nS-852-7<br \/>\nS-853-7<br \/>\nS-854-7<br \/>\nS-855-7<br \/>\n<\/em><\/strong><\/span><\/td>\n<td style=\"width: 20%; text-align: center;\" height=\"10\"><span style=\"color: #000000;\">N<\/span> <span style=\"color: #3366ff;\">B<\/span> <span style=\"color: #ff0000;\">R<\/span><br \/>\n<span style=\"color: #000000;\">N<\/span> <span style=\"color: #3366ff;\">B<\/span> <span style=\"color: #ff0000;\">R<\/span><br \/>\n<span style=\"color: #000000;\">N<\/span> <span style=\"color: #3366ff;\">B<\/span> <span style=\"color: #ff0000;\">R<\/span><br \/>\n<span style=\"color: #000000;\">N<\/span> <span style=\"color: #3366ff;\">B<\/span> <span style=\"color: #ff0000;\">R<\/span><br \/>\n<span style=\"color: #000000;\">N<\/span> <span style=\"color: #3366ff;\">B<\/span> <span style=\"color: #ff0000;\">R<\/span><\/td>\n<td style=\"width: 30%;\" bgcolor=\"#EEE\"><\/td>\n<\/tr>\n<\/tbody>\n<\/table><\/div>\n <div class=\"pane\"><h4>Recharges bicolores pour les tampons <strong>dateurs<\/strong> de la s\u00e9rie S<\/h4>\n<p>Note : les dateurs acceptent bien s\u00fbr les recharges monochromes, voir alors dans les tableaux pr\u00e9c\u00e9dents<\/p>\n<table style=\"border-collapse: collapse; width: 100%;\" border=\"0\" cellspacing=\"0\" cellpadding=\"0\">\n<tbody>\n<tr style=\"height: 10.0pt;\">\n<td style=\"height: 10.0pt; width: 30%;\" bgcolor=\"#EEE\"><\/td>\n<td style=\"width: 10%; text-align: center;\"><span style=\"color: #000000;\"><strong>Ref tampon<\/strong><\/span><\/td>\n<td style=\"width: 10%; text-align: center;\"><span style=\"color: #000000;\"><strong><em>Ref recharge<\/em><\/strong><\/span><\/td>\n<td style=\"width: 20%; text-align: center;\"><span style=\"color: #000000;\"><strong>Couleurs disponibles<br \/>\n<img decoding=\"async\" class=\"size-full wp-image-167\" src=\"https:\/\/cjproductionnc.com\/wp-content\/uploads\/2017\/03\/datrs-NR-BR.png\" alt=\"\" width=\"60\" \/><br \/>\n<\/strong><\/span><\/td>\n<td style=\"width: 30%;\" bgcolor=\"#EEE\"><\/td>\n<\/tr>\n<tr style=\"height: 10.0pt;\">\n<td style=\"height: 10.0pt; width: 30%;\" bgcolor=\"#EEE\"><\/td>\n<td style=\"width: 10%; text-align: center;\" height=\"10\"><strong>S-826D<br \/>\nS-827D<br \/>\nS-828D<br \/>\nS-829D<br \/>\nS-830D<br \/>\nS-530D<br \/>\nS-542D<br \/>\n<\/strong><\/td>\n<td style=\"width: 10%; text-align: center;\" height=\"10\"><span style=\"color: #000000;\"><span style=\"color: #000000;\"><strong><em>S-400-7C<br \/>\nS-827D-7<br \/>\nS-828D-7<br \/>\nS-829D-7<br \/>\nS-830D-7<br \/>\nS-530D-7<br \/>\nS-542D-7<\/em><\/strong><\/span><\/span><\/td>\n<td style=\"width: 20%; text-align: center;\" height=\"10\"><span style=\"color: #ff0000;\"><span style=\"color: #ff0000;\"><span style=\"color: #000000;\">N\/<span style=\"color: #ff0000;\">R<\/span><\/span>\u00a0 <span style=\"color: #808080;\">ou\u00a0<\/span> <span style=\"color: #3366ff;\">B\/<\/span>R<span style=\"color: #ffffff;\"><br \/>\n<span style=\"color: #000000;\">N\/<span style=\"color: #ff0000;\">R<\/span><\/span>\u00a0 <span style=\"color: #808080;\">ou\u00a0<\/span> <span style=\"color: #3366ff;\">B\/<\/span><span style=\"color: #ff0000;\">R <\/span><\/span><br \/>\n<span style=\"color: #000000;\">N\/<span style=\"color: #ff0000;\">R<\/span><\/span>\u00a0 <span style=\"color: #808080;\">ou\u00a0<\/span> <span style=\"color: #3366ff;\">B\/<\/span>R<span style=\"color: #ffffff;\"><br \/>\n<span style=\"color: #000000;\">N\/<span style=\"color: #ff0000;\">R<\/span><\/span>\u00a0 <span style=\"color: #808080;\">ou\u00a0<\/span> <span style=\"color: #3366ff;\">B\/<\/span><span style=\"color: #ff0000;\">R <\/span><\/span><br \/>\n<span style=\"color: #000000;\">N\/<span style=\"color: #ff0000;\">R<\/span><\/span>\u00a0 <span style=\"color: #808080;\">ou\u00a0<\/span> <span style=\"color: #3366ff;\">B\/<\/span>R<span style=\"color: #ffffff;\"><br \/>\n<span style=\"color: #000000;\">N\/<span style=\"color: #ff0000;\">R<\/span><\/span>\u00a0 <span style=\"color: #808080;\">ou\u00a0<\/span> <span style=\"color: #3366ff;\">B\/<\/span><span style=\"color: #ff0000;\">R <\/span><\/span><br \/>\n<span style=\"color: #ffffff;\"><span style=\"color: #000000;\">N\/<span style=\"color: #ff0000;\">R<\/span><\/span>\u00a0 <span style=\"color: #808080;\">ou\u00a0<\/span> <span style=\"color: #3366ff;\">B\/<\/span><span style=\"color: #ff0000;\">R<\/span><\/span><\/span><\/span><\/td>\n<td style=\"width: 30%;\" bgcolor=\"#EEE\"><\/td>\n<\/tr>\n<\/tbody>\n<\/table><\/div>\n <div class=\"pane\"><h4><\/h4>\n<h4>Recharges monochromes et bicolores pour les tampons de la s\u00e9rie E<\/h4>\n<p>Note : les dateurs acceptent bien s\u00fbr les recharges monochromes<\/p>\n<table style=\"border-collapse: collapse; width: 100%;\" border=\"0\" cellspacing=\"0\" cellpadding=\"0\">\n<tbody>\n<tr style=\"height: 10.0pt;\">\n<td style=\"height: 10.0pt; width: 20%;\" bgcolor=\"#EEE\"><\/td>\n<td style=\"width: 20%; text-align: center;\"><span style=\"color: #000000;\"><strong>Ref tampon<\/strong><\/span><\/td>\n<td style=\"width: 10%; text-align: center;\"><span style=\"color: #000000;\"><strong><em>Ref recharge<\/em><\/strong><\/span><\/td>\n<td style=\"width: 20%; text-align: center;\"><span style=\"color: #000000;\"><strong>Couleurs disponibles<br \/>\n<img decoding=\"async\" class=\"size-full wp-image-167\" src=\"https:\/\/cjproductionnc.com\/wp-content\/uploads\/2017\/03\/NBR.png\" alt=\"\" width=\"30\" \/><br \/>\n<img decoding=\"async\" class=\"size-full wp-image-167\" src=\"https:\/\/cjproductionnc.com\/wp-content\/uploads\/2017\/03\/datrs-NR-BR.png\" alt=\"\" width=\"60\" \/><br \/>\n<\/strong><\/span><\/td>\n<td style=\"width: 30%;\" bgcolor=\"#EEE\"><\/td>\n<\/tr>\n<tr style=\"height: 10.0pt;\">\n<td style=\"height: 10.0pt; width: 20%;\" bgcolor=\"#EEE\"><\/td>\n<td style=\"width: 20%; text-align: center;\" height=\"10\"><strong>E-903<br \/>\nE-913 (D)<br \/>\n\u00a0\u00bb \u00a0\u00bb<br \/>\nE-905&gt;<br \/>\nE-906<br \/>\nE-916 (D)<br \/>\n\u00a0\u00bb \u00a0\u00bb<br \/>\nE-907<br \/>\nE-917 (D)<br \/>\n\u00a0\u00bb \u00a0\u00bb<br \/>\nE-908<br \/>\nE-918 (D)<br \/>\n\u00a0\u00bb \u00ab\u00a0<\/strong><\/td>\n<td style=\"width: 10%; text-align: center;\" height=\"10\"><span style=\"color: #000000;\"><strong><em>E-903-7<br \/>\nE-903-7<br \/>\nE-913-7<br \/>\nE-905-7<br \/>\nE-906-7<br \/>\nE-906-7<br \/>\nE-916-7<br \/>\nE-907-7<br \/>\nE-907-7<br \/>\nE-917-7<br \/>\nE-908-7<br \/>\nE-908-7<br \/>\nE-918-7<br \/>\n<\/em><\/strong><\/span><\/td>\n<td style=\"width: 20%; text-align: center;\" height=\"10\"><span style=\"color: #ff0000;\"><span style=\"color: #000000;\">N <span style=\"color: #3366ff;\">B<\/span> <span style=\"color: #ff0000;\">R<\/span><br \/>\nN <span style=\"color: #3366ff;\">B<\/span> <span style=\"color: #ff0000;\">R<\/span><br \/>\nN\/<span style=\"color: #ff0000;\">R<\/span><\/span>\u00a0 <span style=\"color: #808080;\">ou\u00a0<\/span> <span style=\"color: #3366ff;\">B\/<\/span>R<br \/>\n<span style=\"color: #000000;\">N <span style=\"color: #3366ff;\">B<\/span> <span style=\"color: #ff0000;\">R<\/span><br \/>\nN <span style=\"color: #3366ff;\">B<\/span> <span style=\"color: #ff0000;\">R<\/span><br \/>\nN <span style=\"color: #3366ff;\">B<\/span> <span style=\"color: #ff0000;\">R<\/span><br \/>\nN\/<span style=\"color: #ff0000;\">R<\/span><\/span>\u00a0 <span style=\"color: #808080;\">ou\u00a0<\/span> <span style=\"color: #3366ff;\">B\/<\/span>R<br \/>\n<span style=\"color: #000000;\">N <span style=\"color: #3366ff;\">B<\/span> <span style=\"color: #ff0000;\">R<\/span><br \/>\nN <span style=\"color: #3366ff;\">B<\/span> <span style=\"color: #ff0000;\">R<\/span><br \/>\nN\/<span style=\"color: #ff0000;\">R<\/span><\/span>\u00a0 <span style=\"color: #808080;\">ou\u00a0<\/span> <span style=\"color: #3366ff;\">B\/<\/span>R<br \/>\n<span style=\"color: #000000;\">N <span style=\"color: #3366ff;\">B<\/span> <span style=\"color: #ff0000;\">R<\/span><br \/>\nN <span style=\"color: #3366ff;\">B<\/span> <span style=\"color: #ff0000;\">R<\/span><br \/>\nN\/<span style=\"color: #ff0000;\">R<\/span><\/span>\u00a0 <span style=\"color: #808080;\">ou\u00a0<\/span> <span style=\"color: #3366ff;\">B\/<\/span>R<br \/>\n<\/span><\/td>\n<td style=\"width: 30%;\" bgcolor=\"#EEE\"><\/td>\n<\/tr>\n<\/tbody>\n<\/table><\/div><\/div><\/div>\n<hr \/>\n<p style=\"text-align: right;\"><a class=\"button medium orange\" href=\"https:\/\/cjproductionnc.com\/index.php\/tampons\/les-tampons-shiny\/devis-tampons\/\">Demande de devis<\/a><\/p>\n<h4><\/h4>\n<div class=\"boxes\">\n<div class=\"box two first\" style=\"text-align: right;\"><a href=\"http:\/\/www.shinystamp.com\"><img decoding=\"async\" class=\"size-thumbnail wp-image-89\" src=\"https:\/\/cjproductionnc.com\/wp-content\/uploads\/2017\/03\/logo-shiny-1957.jpg\" alt=\"\" width=\"150\" height=\"86\" \/><\/a><\/div>\n<div class=\"box two last\"><span style=\"color: #ffffff;\">.<\/span> <strong>CJ Production<\/strong><br \/>\nDistributeur de la marque Shiny<br \/>\nen Nouvelle-Cal\u00e9donie<\/div>\n<\/div>\n<p>&nbsp;<\/p>\n<p><span style=\"border-radius: 2px; text-indent: 20px; width: auto; padding: 0px 4px 0px 0px; text-align: center; font: bold 11px\/20px 'Helvetica Neue',Helvetica,sans-serif; color: #ffffff; background: #bd081c no-repeat scroll 3px 50% \/ 14px 14px; position: absolute; opacity: 1; z-index: 8675309; display: none; cursor: pointer;\">Enregistrer<\/span><\/p>\n<p><span style=\"border-radius: 2px; text-indent: 20px; width: auto; padding: 0px 4px 0px 0px; text-align: center; font: bold 11px\/20px 'Helvetica Neue',Helvetica,sans-serif; color: #ffffff; background: #bd081c no-repeat scroll 3px 50% \/ 14px 14px; position: absolute; opacity: 1; z-index: 8675309; display: none; cursor: pointer;\">Enregistrer<\/span><\/p>\n<p><span style=\"border-radius: 2px; text-indent: 20px; width: auto; padding: 0px 4px 0px 0px; text-align: center; font: bold 11px\/20px 'Helvetica Neue',Helvetica,sans-serif; color: #ffffff; background: #bd081c  no-repeat scroll 3px 50% \/ 14px 14px; position: absolute; opacity: 1; z-index: 8675309; display: none; cursor: pointer;\">Enregistrer<\/span><\/p>","protected":false},"excerpt":{"rendered":"<p>Vous \u00eates ici : Home \/ Tampons \/ Les recharges pour tampons Shiny Demande de devis Les recharges pour tampons Shiny Demande de devis . CJ Production Distributeur de la marque Shiny en Nouvelle-Cal\u00e9donie &nbsp; Enregistrer Enregistrer Enregistrer<\/p>\n","protected":false},"author":1,"featured_media":0,"parent":12,"menu_order":2,"comment_status":"closed","ping_status":"closed","template":"","meta":{"footnotes":""},"class_list":["post-120","page","type-page","status-publish","hentry"],"_links":{"self":[{"href":"https:\/\/cjproductionnc.com\/index.php\/wp-json\/wp\/v2\/pages\/120","targetHints":{"allow":["GET"]}}],"collection":[{"href":"https:\/\/cjproductionnc.com\/index.php\/wp-json\/wp\/v2\/pages"}],"about":[{"href":"https:\/\/cjproductionnc.com\/index.php\/wp-json\/wp\/v2\/types\/page"}],"author":[{"embeddable":true,"href":"https:\/\/cjproductionnc.com\/index.php\/wp-json\/wp\/v2\/users\/1"}],"replies":[{"embeddable":true,"href":"https:\/\/cjproductionnc.com\/index.php\/wp-json\/wp\/v2\/comments?post=120"}],"version-history":[{"count":0,"href":"https:\/\/cjproductionnc.com\/index.php\/wp-json\/wp\/v2\/pages\/120\/revisions"}],"up":[{"embeddable":true,"href":"https:\/\/cjproductionnc.com\/index.php\/wp-json\/wp\/v2\/pages\/12"}],"wp:attachment":[{"href":"https:\/\/cjproductionnc.com\/index.php\/wp-json\/wp\/v2\/media?parent=120"}],"curies":[{"name":"wp","href":"https:\/\/api.w.org\/{rel}","templated":true}]}}