{"id":13,"date":"2017-02-02T00:12:50","date_gmt":"2017-02-01T23:12:50","guid":{"rendered":"http:\/\/cjproductionnc.com\/?page_id=13"},"modified":"2017-04-14T20:00:06","modified_gmt":"2017-04-14T09:00:06","slug":"trophees","status":"publish","type":"page","link":"https:\/\/cjproductionnc.com\/index.php\/trophees\/","title":{"rendered":"Troph\u00e9es"},"content":{"rendered":"<p><em>Vous \u00eates ici :<\/em> <a href=\"https:\/\/cjproductionnc.com\/\">Home<\/a> \/ <span style=\"color: #999999;\">Troph\u00e9es<\/span><\/p>\n<p style=\"text-align: right;\"><a class=\"button medium orange\" href=\"https:\/\/cjproductionnc.com\/index.php\/demande-de-devis-trophees\/\">Demande de devis<\/a><\/p>\n<h1 style=\"text-align: center;\"><span style=\"color: #3366ff;\"><strong>Troph\u00e9es<\/strong><\/span><\/h1>\n<p>&nbsp;<\/p>\n<h4 style=\"text-align: center;\"><span style=\"color: #000000;\">Nous concevons et fabriquons nos troph\u00e9es avec du Plexiglas, du bois ou du m\u00e9tal,<br \/>\nque nous utilisons s\u00e9par\u00e9ment ou combin\u00e9s.<\/span><\/h4>\n<h4 style=\"text-align: center;\"><span style=\"color: #000000;\">Chaque troph\u00e9e est unique<\/span><\/h4>\n<p>&nbsp;<\/p>\n<p style=\"text-align: center;\"><span style=\"color: #808080;\"><em>Cliquez ci-dessous sur un visuel de troph\u00e9es pour acc\u00e9der \u00e0 la galerie des troph\u00e9es correspondante<\/em><\/span><\/p>\n<div class=\"boxes\">\n<h5 class=\"box two first\" style=\"text-align: center;\"><span style=\"color: #000000;\">Troph\u00e9es en <span style=\"color: #ff6600;\">Plexiglas<\/span> d\u00e9coup\u00e9 au laser <\/span><br \/>\n<span style=\"color: #000000;\"> et\/ou grav\u00e9 et\/ou imprim\u00e9<\/span><br \/>\n<div class=\"frame slider\"><div class=\"flexslider shortcode\"><ul class=\"slides\"><li><a href=\"https:\/\/cjproductionnc.com\/index.php\/trophees\/plexi\/\"><img decoding=\"async\" src=\"https:\/\/cjproductionnc.com\/wp-content\/uploads\/2017\/02\/CIEL-course-300.jpg\"  alt=\"Cliquez pour voir la galerie des troph\u00e9es Plexiglas\" \/><\/a><\/li>\n<li><a href=\"https:\/\/cjproductionnc.com\/index.php\/trophees\/plexi\/\"><img decoding=\"async\" src=\"https:\/\/cjproductionnc.com\/wp-content\/uploads\/2017\/02\/marathon14-300.jpg\"  alt=\"Cliquez pour voir la galerie des troph\u00e9es Plexiglas\" \/><\/a><\/li>\n<li><a href=\"https:\/\/cjproductionnc.com\/index.php\/trophees\/plexi\/\"><img decoding=\"async\" src=\"https:\/\/cjproductionnc.com\/wp-content\/uploads\/2017\/02\/CHT-300.jpg\"  alt=\"Cliquez pour voir la galerie des troph\u00e9es Plexiglas\" \/><\/a><\/li>\n<li><a href=\"https:\/\/cjproductionnc.com\/index.php\/trophees\/plexi\/\"><img decoding=\"async\" src=\"https:\/\/cjproductionnc.com\/wp-content\/uploads\/2017\/02\/CHTimpr-300.jpg\"  alt=\"Cliquez pour voir la galerie des troph\u00e9es Plexiglas\" \/><\/a><\/li><\/ul> <\/div><\/div><br \/>\n<span style=\"color: #000000;\">Troph\u00e9es en <span style=\"color: #ff6600;\">M\u00e9tal<\/span> (inox, alu, laiton, etc)<\/span><br \/>\n<span style=\"color: #000000;\">grav\u00e9 et\/ou imprim\u00e9<\/span><br \/>\n<div class=\"frame slider\"><div class=\"flexslider shortcode\"><ul class=\"slides\"><li><a href=\"https:\/\/cjproductionnc.com\/index.php\/trophees\/metal\/\"><img decoding=\"async\" src=\"https:\/\/cjproductionnc.com\/wp-content\/uploads\/2017\/02\/BCI-boismetal-300.jpg\"  alt=\"\" \/><\/a><\/li>\n<li><img decoding=\"async\" src=\"https:\/\/cjproductionnc.com\/wp-content\/uploads\/2017\/02\/BCI-boismetal-300.jpg\"  alt=\"\" \/><\/li><\/ul> <\/div><\/div><\/h5>\n<h5 class=\"box two last\" style=\"text-align: center;\"><\/h5>\n<p>&nbsp;<\/p>\n<h5 class=\"box two last\" style=\"text-align: center;\"><\/h5>\n<h5 class=\"box two last\" style=\"text-align: center;\"><span style=\"color: #000000;\">Troph\u00e9es en <span style=\"color: #ff6600;\">bois<\/span><\/span><br \/>\n<span style=\"color: #000000;\"> grav\u00e9 et\/ou imprim\u00e9<\/span><br \/>\n<div class=\"frame slider\"><div class=\"flexslider shortcode\"><ul class=\"slides\"><li><a href=\"https:\/\/cjproductionnc.com\/index.php\/trophees\/bois\/\"><img decoding=\"async\" src=\"https:\/\/cjproductionnc.com\/wp-content\/uploads\/2017\/02\/Plaque-GPI-2015-300.jpg\"  alt=\"\" \/><\/a><\/li>\n<li><a href=\"https:\/\/cjproductionnc.com\/index.php\/trophees\/bois\/\"><img decoding=\"async\" src=\"https:\/\/cjproductionnc.com\/wp-content\/uploads\/2017\/02\/palme01b-300.jpg\"  alt=\"\" \/><\/a><\/li><\/ul> <\/div><\/div><br \/>\n<span style=\"color: #000000;\">Troph\u00e9es <span style=\"color: #ff6600;\">multi mat\u00e9riaux<\/span><\/span><br \/>\n<span style=\"color: #000000;\"> avec plexi \/ bois \/ m\u00e9tal<\/span><br \/>\n<div class=\"frame slider\"><div class=\"flexslider shortcode\"><ul class=\"slides\"><li><a href=\"https:\/\/cjproductionnc.com\/index.php\/trophees\/multi\/\"><img decoding=\"async\" src=\"https:\/\/cjproductionnc.com\/wp-content\/uploads\/2017\/02\/CPNSL-2016-300.jpg\"  alt=\"\" \/><\/a><\/li>\n<li><a href=\"https:\/\/cjproductionnc.com\/index.php\/trophees\/multi\/\"><img decoding=\"async\" src=\"https:\/\/cjproductionnc.com\/wp-content\/uploads\/2017\/02\/bbous-CPNSL-300.jpg\"  alt=\"\" \/><\/a><\/li>\n<li><a href=\"https:\/\/cjproductionnc.com\/index.php\/trophees\/multi\/\"><img decoding=\"async\" src=\"https:\/\/cjproductionnc.com\/wp-content\/uploads\/2017\/02\/ordi-OPT-300.jpg\"  alt=\"\" \/><\/a><\/li><\/ul> <\/div><\/div><\/h5>\n<\/div>\n<hr \/>\n<h4 style=\"text-align: center;\"><span style=\"color: #3366ff;\">Pour les socles nous vous proposons :<\/span><\/h4>\n<div class=\"boxes\">\n<h5 class=\"box three first\" style=\"text-align: center;\"><span style=\"color: #000000;\"> Inserts inox :<br \/>\n<\/span><br \/>\n<a href=\"https:\/\/cjproductionnc.com\/wp-content\/uploads\/2017\/02\/socl-inserts-200.jpg\"><img decoding=\"async\" class=\"aligncenter size-full wp-image-921\" src=\"https:\/\/cjproductionnc.com\/wp-content\/uploads\/2017\/02\/socl-inserts-200.jpg\" alt=\"\" width=\"200\" height=\"200\" srcset=\"https:\/\/cjproductionnc.com\/wp-content\/uploads\/2017\/02\/socl-inserts-200.jpg 200w, https:\/\/cjproductionnc.com\/wp-content\/uploads\/2017\/02\/socl-inserts-200-150x150.jpg 150w\" sizes=\"(max-width: 200px) 100vw, 200px\" \/><\/a><\/h5>\n<h5 class=\"box three\" style=\"text-align: center;\"><span style=\"color: #000000;\"> Pieds plexi \u00e0 fa\u00e7on :<br \/>\n<\/span><br \/>\n<a href=\"https:\/\/cjproductionnc.com\/wp-content\/uploads\/2017\/02\/pieds-plexi-200.jpg\"><img decoding=\"async\" class=\"aligncenter size-full wp-image-924\" src=\"https:\/\/cjproductionnc.com\/wp-content\/uploads\/2017\/02\/pieds-plexi-200.jpg\" alt=\"\" width=\"200\" height=\"200\" srcset=\"https:\/\/cjproductionnc.com\/wp-content\/uploads\/2017\/02\/pieds-plexi-200.jpg 200w, https:\/\/cjproductionnc.com\/wp-content\/uploads\/2017\/02\/pieds-plexi-200-150x150.jpg 150w\" sizes=\"(max-width: 200px) 100vw, 200px\" \/><\/a><\/h5>\n<h5 class=\"box three last\" style=\"text-align: center;\"><span style=\"color: #000000;\"> Socle bois rainur\u00e9 :<br \/>\n<\/span><br \/>\n<a href=\"https:\/\/cjproductionnc.com\/wp-content\/uploads\/2017\/02\/soocl-bois-200.jpg\"><img decoding=\"async\" class=\"aligncenter size-full wp-image-923\" src=\"https:\/\/cjproductionnc.com\/wp-content\/uploads\/2017\/02\/soocl-bois-200.jpg\" alt=\"\" width=\"200\" height=\"200\" srcset=\"https:\/\/cjproductionnc.com\/wp-content\/uploads\/2017\/02\/soocl-bois-200.jpg 200w, https:\/\/cjproductionnc.com\/wp-content\/uploads\/2017\/02\/soocl-bois-200-150x150.jpg 150w\" sizes=\"(max-width: 200px) 100vw, 200px\" \/><\/a><\/h5>\n<div class=\"boxes\">\n<h5 class=\"box two first\" style=\"text-align: center;\"><span style=\"color: #000000;\"> Socle en plexi :<br \/>\n<\/span><br \/>\n<a href=\"https:\/\/cjproductionnc.com\/wp-content\/uploads\/2017\/02\/socl-plexi-200.jpg\"><img loading=\"lazy\" decoding=\"async\" class=\"aligncenter size-full wp-image-922\" src=\"https:\/\/cjproductionnc.com\/wp-content\/uploads\/2017\/02\/socl-plexi-200.jpg\" alt=\"\" width=\"200\" height=\"200\" srcset=\"https:\/\/cjproductionnc.com\/wp-content\/uploads\/2017\/02\/socl-plexi-200.jpg 200w, https:\/\/cjproductionnc.com\/wp-content\/uploads\/2017\/02\/socl-plexi-200-150x150.jpg 150w\" sizes=\"(max-width: 200px) 100vw, 200px\" \/><\/a><\/h5>\n<h5 class=\"box two last\" style=\"text-align: center;\"><span style=\"color: #000000;\"> Autres supports<br \/>\n<\/span><br \/>\n<a href=\"https:\/\/cjproductionnc.com\/wp-content\/uploads\/2017\/02\/socl-etc-200.jpg\"><img loading=\"lazy\" decoding=\"async\" class=\"aligncenter size-full wp-image-920\" src=\"https:\/\/cjproductionnc.com\/wp-content\/uploads\/2017\/02\/socl-etc-200.jpg\" alt=\"\" width=\"200\" height=\"200\" srcset=\"https:\/\/cjproductionnc.com\/wp-content\/uploads\/2017\/02\/socl-etc-200.jpg 200w, https:\/\/cjproductionnc.com\/wp-content\/uploads\/2017\/02\/socl-etc-200-150x150.jpg 150w\" sizes=\"(max-width: 200px) 100vw, 200px\" \/><\/a><\/h5>\n<\/div>\n<h4 style=\"text-align: center;\">Soumettez nous votre besoin et nous vous proposerons un projet !<\/h4>\n<\/div>\n<p><span style=\"border-radius: 2px; text-indent: 20px; width: auto; padding: 0px 4px 0px 0px; text-align: center; font: bold 11px\/20px 'Helvetica Neue',Helvetica,sans-serif; color: #ffffff; background: #bd081c no-repeat scroll 3px 50% \/ 14px 14px; position: absolute; opacity: 1; z-index: 8675309; display: none; cursor: pointer;\">Enregistrer<\/span><\/p>\n<p><span style=\"border-radius: 2px; text-indent: 20px; width: auto; padding: 0px 4px 0px 0px; text-align: center; font: bold 11px\/20px 'Helvetica Neue',Helvetica,sans-serif; color: #ffffff; background: #bd081c no-repeat scroll 3px 50% \/ 14px 14px; position: absolute; opacity: 1; z-index: 8675309; display: none; cursor: pointer;\">Enregistrer<\/span><\/p>\n<p><span style=\"border-radius: 2px; text-indent: 20px; width: auto; padding: 0px 4px 0px 0px; text-align: center; font: bold 11px\/20px 'Helvetica Neue',Helvetica,sans-serif; color: #ffffff; background: #bd081c no-repeat scroll 3px 50% \/ 14px 14px; position: absolute; opacity: 1; z-index: 8675309; display: none; cursor: pointer;\">Enregistrer<\/span><\/p>\n<p><span style=\"border-radius: 2px; text-indent: 20px; width: auto; padding: 0px 4px 0px 0px; text-align: center; font: bold 11px\/20px 'Helvetica Neue',Helvetica,sans-serif; color: #ffffff; background: #bd081c no-repeat scroll 3px 50% \/ 14px 14px; position: absolute; opacity: 1; z-index: 8675309; display: none; cursor: pointer; top: 1410px; left: 473px;\">Enregistrer<\/span><\/p>\n<p><span style=\"border-radius: 2px; text-indent: 20px; width: auto; padding: 0px 4px 0px 0px; text-align: center; font: bold 11px\/20px 'Helvetica Neue',Helvetica,sans-serif; color: #ffffff; background: #bd081c  no-repeat scroll 3px 50% \/ 14px 14px; position: absolute; opacity: 1; z-index: 8675309; display: none; cursor: pointer; top: 1324px; left: 473px;\">Enregistrer<\/span><\/p>","protected":false},"excerpt":{"rendered":"<p>Vous \u00eates ici : Home \/ Troph\u00e9es Demande de devis Troph\u00e9es &nbsp; Nous concevons et fabriquons nos troph\u00e9es avec du Plexiglas, du bois ou du m\u00e9tal, que nous utilisons s\u00e9par\u00e9ment ou combin\u00e9s. Chaque troph\u00e9e est unique &nbsp; Cliquez ci-dessous sur un visuel de troph\u00e9es pour acc\u00e9der \u00e0 la galerie des troph\u00e9es correspondante Troph\u00e9es en Plexiglas [&hellip;]<\/p>\n","protected":false},"author":1,"featured_media":0,"parent":0,"menu_order":0,"comment_status":"closed","ping_status":"closed","template":"","meta":{"footnotes":""},"class_list":["post-13","page","type-page","status-publish","hentry"],"_links":{"self":[{"href":"https:\/\/cjproductionnc.com\/index.php\/wp-json\/wp\/v2\/pages\/13","targetHints":{"allow":["GET"]}}],"collection":[{"href":"https:\/\/cjproductionnc.com\/index.php\/wp-json\/wp\/v2\/pages"}],"about":[{"href":"https:\/\/cjproductionnc.com\/index.php\/wp-json\/wp\/v2\/types\/page"}],"author":[{"embeddable":true,"href":"https:\/\/cjproductionnc.com\/index.php\/wp-json\/wp\/v2\/users\/1"}],"replies":[{"embeddable":true,"href":"https:\/\/cjproductionnc.com\/index.php\/wp-json\/wp\/v2\/comments?post=13"}],"version-history":[{"count":0,"href":"https:\/\/cjproductionnc.com\/index.php\/wp-json\/wp\/v2\/pages\/13\/revisions"}],"wp:attachment":[{"href":"https:\/\/cjproductionnc.com\/index.php\/wp-json\/wp\/v2\/media?parent=13"}],"curies":[{"name":"wp","href":"https:\/\/api.w.org\/{rel}","templated":true}]}}