{"id":15,"date":"2017-02-02T00:12:50","date_gmt":"2017-02-01T23:12:50","guid":{"rendered":"http:\/\/cjproductionnc.com\/?page_id=15"},"modified":"2017-04-14T21:41:04","modified_gmt":"2017-04-14T10:41:04","slug":"impression-creation","status":"publish","type":"page","link":"https:\/\/cjproductionnc.com\/index.php\/impression-creation\/","title":{"rendered":"Impression &#038; cr\u00e9ation"},"content":{"rendered":"<p><em>Vous \u00eates ici :<\/em> <a href=\"https:\/\/cjproductionnc.com\/\">Home<\/a> \/ <span style=\"color: #999999;\">Impression &amp; cr\u00e9ation<br \/>\n<\/span><\/p>\n<p style=\"text-align: right;\"><a class=\"button medium orange\" href=\"https:\/\/cjproductionnc.com\/index.php\/demande-de-devis-dimpression\/\">Demande de devis<\/a><\/p>\n<h1 style=\"text-align: center;\"><span style=\"color: #993300;\"><strong>Impression &amp; cr\u00e9ation<br \/>\n<\/strong><\/span><\/h1>\n<div class=\"frame slider\"><div class=\"flexslider shortcode\"><ul class=\"slides\"><li><img decoding=\"async\" src=\"https:\/\/cjproductionnc.com\/wp-content\/uploads\/2017\/04\/Mus\u00e9e-2e-guerre.png\"  alt=\"Impression\" \/><\/li>\n<li><img decoding=\"async\" src=\"https:\/\/cjproductionnc.com\/wp-content\/uploads\/2017\/04\/alucobd-siteblup.png\"  alt=\"Impression\" \/><\/li>\n<li><img decoding=\"async\" src=\"https:\/\/cjproductionnc.com\/wp-content\/uploads\/2017\/04\/fanions.png\"  alt=\"Impression\" \/><\/li>\n<li><img decoding=\"async\" src=\"https:\/\/cjproductionnc.com\/wp-content\/uploads\/2017\/04\/dapxLVDHM.png\"  alt=\"Impression\" \/><\/li><\/ul> <\/div><\/div>\n<h5 style=\"text-align: center;\"><em><span style=\"color: #000000;\">N&rsquo;h\u00e9sitez pas \u00e0 nous consultez pour une demande de devis.<br \/>\nNous vous r\u00e9pondrons dans les meilleurs d\u00e9lais.<\/span><\/em><\/h5>\n<h5 style=\"text-align: center;\"><span style=\"color: #000000;\">Nous saurons vous conseiller et vous assister dans l&rsquo;\u00e9laboration de votre projet.<\/span><\/h5>\n<p>&nbsp;<\/p>\n<h2 style=\"text-align: center;\"><span style=\"color: #993300;\">Impression sur tout support<br \/>\n<\/span><\/h2>\n<p>&nbsp;<\/p>\n<div class=\"boxes\">\n<div class=\"box two first\" style=\"text-align: center;\"><img fetchpriority=\"high\" decoding=\"async\" class=\"aligncenter size-full wp-image-1815\" src=\"https:\/\/cjproductionnc.com\/wp-content\/uploads\/2017\/04\/crbst_CHEVALET_20SOL_20GLISSANT.gif\" alt=\"\" width=\"336\" height=\"360\" \/><br \/>\nImpression sur alucobond bross\u00e9<\/div>\n<div class=\"box two last\" style=\"text-align: center;\"><a href=\"https:\/\/cjproductionnc.com\/wp-content\/uploads\/2017\/04\/imprcrnc2.jpg\"><img decoding=\"async\" class=\"aligncenter size-full wp-image-1820\" src=\"https:\/\/cjproductionnc.com\/wp-content\/uploads\/2017\/04\/imprcrnc2.jpg\" alt=\"\" width=\"308\" height=\"400\" srcset=\"https:\/\/cjproductionnc.com\/wp-content\/uploads\/2017\/04\/imprcrnc2.jpg 308w, https:\/\/cjproductionnc.com\/wp-content\/uploads\/2017\/04\/imprcrnc2-116x150.jpg 116w, https:\/\/cjproductionnc.com\/wp-content\/uploads\/2017\/04\/imprcrnc2-231x300.jpg 231w\" sizes=\"(max-width: 308px) 100vw, 308px\" \/><\/a>\u00a0Impression sur plaque dilophane autocollante<\/div>\n<\/div>\n<p>&nbsp;<\/p>\n<p><span style=\"color: #008000;\">\u00a0<\/span><\/p>\n<p><span style=\"border-radius: 2px; text-indent: 20px; width: auto; padding: 0px 4px 0px 0px; text-align: center; font: bold 11px\/20px 'Helvetica Neue',Helvetica,sans-serif; color: #ffffff; background: #bd081c no-repeat scroll 3px 50% \/ 14px 14px; position: absolute; opacity: 1; z-index: 8675309; display: none; cursor: pointer; top: 238px; left: 364px;\">Enregistrer<\/span><\/p>\n<p><span style=\"border-radius: 2px; text-indent: 20px; width: auto; padding: 0px 4px 0px 0px; text-align: center; font: bold 11px\/20px 'Helvetica Neue',Helvetica,sans-serif; color: #ffffff; background: #bd081c no-repeat scroll 3px 50% \/ 14px 14px; position: absolute; opacity: 1; z-index: 8675309; display: none; cursor: pointer; top: 287px; left: 16px;\">Enregistrer<\/span><\/p>\n<p><span style=\"border-radius: 2px; text-indent: 20px; width: auto; padding: 0px 4px 0px 0px; text-align: center; font: bold 11px\/20px 'Helvetica Neue',Helvetica,sans-serif; color: #ffffff; background: #bd081c no-repeat scroll 3px 50% \/ 14px 14px; position: absolute; opacity: 1; z-index: 8675309; display: none; cursor: pointer;\">Enregistrer<\/span><\/p>\n<p><span style=\"border-radius: 2px; text-indent: 20px; width: auto; padding: 0px 4px 0px 0px; text-align: center; font: bold 11px\/20px 'Helvetica Neue',Helvetica,sans-serif; color: #ffffff; background: #bd081c no-repeat scroll 3px 50% \/ 14px 14px; position: absolute; opacity: 1; z-index: 8675309; display: none; cursor: pointer;\">Enregistrer<\/span><\/p>\n<p><span style=\"border-radius: 2px; text-indent: 20px; width: auto; padding: 0px 4px 0px 0px; text-align: center; font: bold 11px\/20px 'Helvetica Neue',Helvetica,sans-serif; color: #ffffff; background: #bd081c  no-repeat scroll 3px 50% \/ 14px 14px; position: absolute; opacity: 1; z-index: 8675309; display: none; cursor: pointer;\">Enregistrer<\/span><\/p>","protected":false},"excerpt":{"rendered":"<p>Vous \u00eates ici : Home \/ Impression &amp; cr\u00e9ation Demande de devis Impression &amp; cr\u00e9ation N&rsquo;h\u00e9sitez pas \u00e0 nous consultez pour une demande de devis. Nous vous r\u00e9pondrons dans les meilleurs d\u00e9lais. Nous saurons vous conseiller et vous assister dans l&rsquo;\u00e9laboration de votre projet. &nbsp; Impression sur tout support &nbsp; Impression sur alucobond bross\u00e9 \u00a0Impression [&hellip;]<\/p>\n","protected":false},"author":1,"featured_media":0,"parent":0,"menu_order":0,"comment_status":"closed","ping_status":"closed","template":"","meta":{"footnotes":""},"class_list":["post-15","page","type-page","status-publish","hentry"],"_links":{"self":[{"href":"https:\/\/cjproductionnc.com\/index.php\/wp-json\/wp\/v2\/pages\/15","targetHints":{"allow":["GET"]}}],"collection":[{"href":"https:\/\/cjproductionnc.com\/index.php\/wp-json\/wp\/v2\/pages"}],"about":[{"href":"https:\/\/cjproductionnc.com\/index.php\/wp-json\/wp\/v2\/types\/page"}],"author":[{"embeddable":true,"href":"https:\/\/cjproductionnc.com\/index.php\/wp-json\/wp\/v2\/users\/1"}],"replies":[{"embeddable":true,"href":"https:\/\/cjproductionnc.com\/index.php\/wp-json\/wp\/v2\/comments?post=15"}],"version-history":[{"count":0,"href":"https:\/\/cjproductionnc.com\/index.php\/wp-json\/wp\/v2\/pages\/15\/revisions"}],"wp:attachment":[{"href":"https:\/\/cjproductionnc.com\/index.php\/wp-json\/wp\/v2\/media?parent=15"}],"curies":[{"name":"wp","href":"https:\/\/api.w.org\/{rel}","templated":true}]}}