{"id":16,"date":"2017-02-02T00:12:50","date_gmt":"2017-02-01T23:12:50","guid":{"rendered":"http:\/\/cjproductionnc.com\/?page_id=16"},"modified":"2017-04-14T21:27:33","modified_gmt":"2017-04-14T10:27:33","slug":"objets-pub","status":"publish","type":"page","link":"https:\/\/cjproductionnc.com\/index.php\/objets-pub\/","title":{"rendered":"Objets pub"},"content":{"rendered":"<p><em>Vous \u00eates ici :<\/em> <a href=\"https:\/\/cjproductionnc.com\/\">Home<\/a> \/ <span style=\"color: #999999;\">Objets pub<\/span><\/p>\n<p style=\"text-align: right;\"><a class=\"button medium orange\" href=\"https:\/\/cjproductionnc.com\/index.php\/demande-de-devis-objets-pub\/\">Demande de devis<\/a><\/p>\n<h1 style=\"text-align: center;\"><span style=\"color: #3366ff;\"><strong>Objets pub<\/strong><\/span><\/h1>\n<p>&nbsp;<\/p>\n<p><div class=\"frame slider\"><div class=\"flexslider shortcode\"><ul class=\"slides\"><li><img decoding=\"async\" src=\"https:\/\/cjproductionnc.com\/wp-content\/uploads\/2017\/04\/grpe-cle-usb-p.png\"  alt=\"Objets pub\" \/><\/li>\n<li><img decoding=\"async\" src=\"https:\/\/cjproductionnc.com\/wp-content\/uploads\/2017\/04\/CL\u00c9-CRNCp.png\"  alt=\"Objets pub\" \/><\/li>\n<li><img decoding=\"async\" src=\"https:\/\/cjproductionnc.com\/wp-content\/uploads\/2017\/04\/etuisbleup.png\"  alt=\"Objets pub\" \/><\/li>\n<li><img decoding=\"async\" src=\"https:\/\/cjproductionnc.com\/wp-content\/uploads\/2017\/04\/flasqueGSBdDp.png\"  alt=\"Objets pub\" \/><\/li>\n<li><img decoding=\"async\" src=\"https:\/\/cjproductionnc.com\/wp-content\/uploads\/2017\/04\/stylosp.png\"  alt=\"Objets pub\" \/><\/li>\n<li><img decoding=\"async\" src=\"https:\/\/cjproductionnc.com\/wp-content\/uploads\/2017\/04\/styloetuip.png\"  alt=\"Objets pub\" \/><\/li><\/ul> <\/div><\/div><br \/>\n&nbsp;<\/p>\n<h5 style=\"text-align: center;\"><em><span style=\"color: #000000;\">N&rsquo;h\u00e9sitez pas \u00e0 nous consultez pour une demande de devis.<br \/>\nNous vous r\u00e9pondrons dans les meilleurs d\u00e9lais.<\/span><\/em><\/h5>\n<h5 style=\"text-align: center;\"><span style=\"color: #000000;\">Nous saurons vous conseiller et vous assister dans l&rsquo;\u00e9laboration de votre projet.<\/span><\/h5>\n<p>&nbsp;<\/p>","protected":false},"excerpt":{"rendered":"<p>Vous \u00eates ici : Home \/ Objets pub Demande de devis Objets pub &nbsp; &nbsp; N&rsquo;h\u00e9sitez pas \u00e0 nous consultez pour une demande de devis. Nous vous r\u00e9pondrons dans les meilleurs d\u00e9lais. Nous saurons vous conseiller et vous assister dans l&rsquo;\u00e9laboration de votre projet. &nbsp;<\/p>\n","protected":false},"author":1,"featured_media":0,"parent":0,"menu_order":0,"comment_status":"closed","ping_status":"closed","template":"","meta":{"footnotes":""},"class_list":["post-16","page","type-page","status-publish","hentry"],"_links":{"self":[{"href":"https:\/\/cjproductionnc.com\/index.php\/wp-json\/wp\/v2\/pages\/16","targetHints":{"allow":["GET"]}}],"collection":[{"href":"https:\/\/cjproductionnc.com\/index.php\/wp-json\/wp\/v2\/pages"}],"about":[{"href":"https:\/\/cjproductionnc.com\/index.php\/wp-json\/wp\/v2\/types\/page"}],"author":[{"embeddable":true,"href":"https:\/\/cjproductionnc.com\/index.php\/wp-json\/wp\/v2\/users\/1"}],"replies":[{"embeddable":true,"href":"https:\/\/cjproductionnc.com\/index.php\/wp-json\/wp\/v2\/comments?post=16"}],"version-history":[{"count":0,"href":"https:\/\/cjproductionnc.com\/index.php\/wp-json\/wp\/v2\/pages\/16\/revisions"}],"wp:attachment":[{"href":"https:\/\/cjproductionnc.com\/index.php\/wp-json\/wp\/v2\/media?parent=16"}],"curies":[{"name":"wp","href":"https:\/\/api.w.org\/{rel}","templated":true}]}}