{"id":2,"date":"2017-02-01T08:11:44","date_gmt":"2017-02-01T07:11:44","guid":{"rendered":"http:\/\/cjproductionnc.com\/?page_id=2"},"modified":"2017-04-14T19:44:15","modified_gmt":"2017-04-14T08:44:15","slug":"signaletique","status":"publish","type":"page","link":"https:\/\/cjproductionnc.com\/index.php\/signaletique\/","title":{"rendered":"Signal\u00e9tique"},"content":{"rendered":"<p><em>Vous \u00eates ici :<\/em> <a href=\"https:\/\/cjproductionnc.com\/\">Home<\/a> \/ <span style=\"color: #999999;\">Signal\u00e9tique<\/span><\/p>\n<p style=\"text-align: right;\"><a class=\"button medium orange\" href=\"https:\/\/cjproductionnc.com\/index.php\/demande-de-devis-signaletique\/\">Demande de devis<\/a><\/p>\n<h1 style=\"text-align: center;\"><span style=\"color: #993300;\"><strong>Signal\u00e9tique<\/strong><\/span><\/h1>\n<p><div class=\"frame slider\"><div class=\"flexslider shortcode\"><ul class=\"slides\"><li><img decoding=\"async\" src=\"https:\/\/cjproductionnc.com\/wp-content\/uploads\/2017\/04\/plaquefun600p.png\"  alt=\"Gravure laser\" \/><\/li>\n<li><img decoding=\"async\" src=\"https:\/\/cjproductionnc.com\/wp-content\/uploads\/2017\/04\/inoxaeip.png\"  alt=\"Gravure laser\" \/><\/li>\n<li><img decoding=\"async\" src=\"https:\/\/cjproductionnc.com\/wp-content\/uploads\/2017\/04\/trianglep.png\"  alt=\"Gravure laser\" \/><\/li>\n<li><img decoding=\"async\" src=\"https:\/\/cjproductionnc.com\/wp-content\/uploads\/2017\/04\/dilphjaunetroup.png\"  alt=\"Gravure laser\" \/><\/li><\/ul> <\/div><\/div><br \/>\n&nbsp;<\/p>\n<h2 style=\"text-align: center;\"><span style=\"color: #993300;\">Signal\u00e9tique industrielle<\/span><\/h2>\n<p>&nbsp;<\/p>\n<div class=\"boxes\">\n<div class=\"box two first\" style=\"text-align: center;\">\n<p><img decoding=\"async\" class=\"aligncenter wp-image-1808\" src=\"https:\/\/cjproductionnc.com\/wp-content\/uploads\/2017\/04\/3-etiqurge.jpg\" alt=\"\" width=\"180\" height=\"220\" srcset=\"https:\/\/cjproductionnc.com\/wp-content\/uploads\/2017\/04\/3-etiqurge.jpg 246w, https:\/\/cjproductionnc.com\/wp-content\/uploads\/2017\/04\/3-etiqurge-123x150.jpg 123w\" sizes=\"(max-width: 180px) 100vw, 180px\" \/>Gravure et d\u00e9coupe au laser de plaque dilophane<br \/>\n(ici surface rouge avec arri\u00e8re fond blanc)<\/p>\n<\/div>\n<div class=\"box two last\" style=\"text-align: center;\">\u00a0<img fetchpriority=\"high\" decoding=\"async\" class=\"aligncenter size-full wp-image-1809\" src=\"https:\/\/cjproductionnc.com\/wp-content\/uploads\/2017\/04\/2etiqujaune.png\" alt=\"\" width=\"386\" height=\"245\" srcset=\"https:\/\/cjproductionnc.com\/wp-content\/uploads\/2017\/04\/2etiqujaune.png 386w, https:\/\/cjproductionnc.com\/wp-content\/uploads\/2017\/04\/2etiqujaune-150x95.png 150w, https:\/\/cjproductionnc.com\/wp-content\/uploads\/2017\/04\/2etiqujaune-300x190.png 300w\" sizes=\"(max-width: 386px) 100vw, 386px\" \/>Gravure et pr\u00e9-d\u00e9coupe au laser d&rsquo;\u00e9tiquettes dilophanes<br \/>\n(surface jaune avec arri\u00e8re fond noir)<\/div>\n<\/div>\n<p>&nbsp;<\/p>\n<h2 style=\"text-align: center;\"><\/h2>\n<h2 style=\"text-align: center;\"><span style=\"color: #993300;\">Signal\u00e9tique professionnelle<\/span><\/h2>\n<p style=\"text-align: center;\">\u00a0<img decoding=\"async\" class=\"aligncenter size-full wp-image-1811\" src=\"https:\/\/cjproductionnc.com\/wp-content\/uploads\/2017\/04\/plaqudabome600p.png\" alt=\"\" width=\"600\" height=\"300\" srcset=\"https:\/\/cjproductionnc.com\/wp-content\/uploads\/2017\/04\/plaqudabome600p.png 600w, https:\/\/cjproductionnc.com\/wp-content\/uploads\/2017\/04\/plaqudabome600p-150x75.png 150w, https:\/\/cjproductionnc.com\/wp-content\/uploads\/2017\/04\/plaqudabome600p-300x150.png 300w\" sizes=\"(max-width: 600px) 100vw, 600px\" \/>Gravure et d\u00e9coupe au laser de plaque dilophane<br \/>\n(ici surface dor\u00e9e avec arri\u00e8re fond noir)<\/p>\n<h2 style=\"text-align: center;\"><span style=\"color: #993300;\">Plaques fun\u00e9raires<br \/>\n<\/span><\/h2>\n<p style=\"text-align: center;\"><img loading=\"lazy\" decoding=\"async\" class=\"aligncenter size-full wp-image-1812\" src=\"https:\/\/cjproductionnc.com\/wp-content\/uploads\/2017\/04\/crbst_plaque-fun.gif\" alt=\"\" width=\"367\" height=\"300\" \/><\/p>\n<p><span style=\"color: #008000;\">\u00a0<\/span><\/p>\n<p><span style=\"border-radius: 2px; text-indent: 20px; width: auto; padding: 0px 4px 0px 0px; text-align: center; font: bold 11px\/20px 'Helvetica Neue',Helvetica,sans-serif; color: #ffffff; background: #bd081c no-repeat scroll 3px 50% \/ 14px 14px; position: absolute; opacity: 1; z-index: 8675309; display: none; cursor: pointer;\">Enregistrer<\/span><\/p>\n<p><span style=\"border-radius: 2px; text-indent: 20px; width: auto; padding: 0px 4px 0px 0px; text-align: center; font: bold 11px\/20px 'Helvetica Neue',Helvetica,sans-serif; color: #ffffff; background: #bd081c no-repeat scroll 3px 50% \/ 14px 14px; position: absolute; opacity: 1; z-index: 8675309; display: none; cursor: pointer; top: 358px; left: 358px;\">Enregistrer<\/span><\/p>\n<p><span style=\"border-radius: 2px; text-indent: 20px; width: auto; padding: 0px 4px 0px 0px; text-align: center; font: bold 11px\/20px 'Helvetica Neue',Helvetica,sans-serif; color: #ffffff; background: #bd081c no-repeat scroll 3px 50% \/ 14px 14px; position: absolute; opacity: 1; z-index: 8675309; display: none; cursor: pointer; top: 803px; left: 321px;\">Enregistrer<\/span><\/p>\n<p><span style=\"border-radius: 2px; text-indent: 20px; width: auto; padding: 0px 4px 0px 0px; text-align: center; font: bold 11px\/20px 'Helvetica Neue',Helvetica,sans-serif; color: #ffffff; background: #bd081c no-repeat scroll 3px 50% \/ 14px 14px; position: absolute; opacity: 1; z-index: 8675309; display: none; cursor: pointer;\">Enregistrer<\/span><\/p>\n<p><span style=\"border-radius: 2px; text-indent: 20px; width: auto; padding: 0px 4px 0px 0px; text-align: center; font: bold 11px\/20px 'Helvetica Neue',Helvetica,sans-serif; color: #ffffff; background: #bd081c  no-repeat scroll 3px 50% \/ 14px 14px; position: absolute; opacity: 1; z-index: 8675309; display: none; cursor: pointer;\">Enregistrer<\/span><\/p>","protected":false},"excerpt":{"rendered":"<p>Vous \u00eates ici : Home \/ Signal\u00e9tique Demande de devis Signal\u00e9tique &nbsp; Signal\u00e9tique industrielle &nbsp; Gravure et d\u00e9coupe au laser de plaque dilophane (ici surface rouge avec arri\u00e8re fond blanc) \u00a0Gravure et pr\u00e9-d\u00e9coupe au laser d&rsquo;\u00e9tiquettes dilophanes (surface jaune avec arri\u00e8re fond noir) &nbsp; Signal\u00e9tique professionnelle \u00a0Gravure et d\u00e9coupe au laser de plaque dilophane (ici [&hellip;]<\/p>\n","protected":false},"author":1,"featured_media":0,"parent":0,"menu_order":0,"comment_status":"closed","ping_status":"open","template":"","meta":{"footnotes":""},"class_list":["post-2","page","type-page","status-publish","hentry"],"_links":{"self":[{"href":"https:\/\/cjproductionnc.com\/index.php\/wp-json\/wp\/v2\/pages\/2","targetHints":{"allow":["GET"]}}],"collection":[{"href":"https:\/\/cjproductionnc.com\/index.php\/wp-json\/wp\/v2\/pages"}],"about":[{"href":"https:\/\/cjproductionnc.com\/index.php\/wp-json\/wp\/v2\/types\/page"}],"author":[{"embeddable":true,"href":"https:\/\/cjproductionnc.com\/index.php\/wp-json\/wp\/v2\/users\/1"}],"replies":[{"embeddable":true,"href":"https:\/\/cjproductionnc.com\/index.php\/wp-json\/wp\/v2\/comments?post=2"}],"version-history":[{"count":0,"href":"https:\/\/cjproductionnc.com\/index.php\/wp-json\/wp\/v2\/pages\/2\/revisions"}],"wp:attachment":[{"href":"https:\/\/cjproductionnc.com\/index.php\/wp-json\/wp\/v2\/media?parent=2"}],"curies":[{"name":"wp","href":"https:\/\/api.w.org\/{rel}","templated":true}]}}