{"id":2054,"date":"2025-11-19T19:40:10","date_gmt":"2025-11-19T08:40:10","guid":{"rendered":"https:\/\/cjproductionnc.com\/?page_id=2054"},"modified":"2025-11-19T19:52:18","modified_gmt":"2025-11-19T08:52:18","slug":"impression-uv-sur-objet","status":"publish","type":"page","link":"https:\/\/cjproductionnc.com\/index.php\/impression-uv-sur-objet\/","title":{"rendered":"Impression UV sur objet"},"content":{"rendered":"<div data-elementor-type=\"wp-page\" data-elementor-id=\"2054\" class=\"elementor elementor-2054\">\n\t\t\t\t<div class=\"elementor-element elementor-element-854c6a2 e-grid e-con-boxed e-con e-parent\" data-id=\"854c6a2\" data-element_type=\"container\" data-e-type=\"container\">\n\t\t\t\t\t<div class=\"e-con-inner\">\n\t\t<div class=\"elementor-element elementor-element-8d771a0 e-con-full e-flex e-con e-child\" data-id=\"8d771a0\" data-element_type=\"container\" data-e-type=\"container\">\n\t\t<div class=\"elementor-element elementor-element-fc0042b e-grid e-con-full e-con e-child\" data-id=\"fc0042b\" data-element_type=\"container\" data-e-type=\"container\">\n\t\t\t\t<div class=\"elementor-element elementor-element-45fd516 elementor-widget elementor-widget-heading\" data-id=\"45fd516\" data-element_type=\"widget\" data-e-type=\"widget\" data-widget_type=\"heading.default\">\n\t\t\t\t\t<h2 class=\"elementor-heading-title elementor-size-default\">Impression sur objet\n\nPersonnalisez vos supports avec la Roland LEF-300<\/h2>\t\t\t\t<\/div>\n\t\t\t\t<div class=\"elementor-element elementor-element-05146b8 elementor-widget elementor-widget-text-editor\" data-id=\"05146b8\" data-element_type=\"widget\" data-e-type=\"widget\" data-widget_type=\"text-editor.default\">\n\t\t\t\t\t\t\t\t\t<div class=\"elementor-element elementor-element-4c842ae7 e-con-full e-flex e-con e-child\" data-id=\"4c842ae7\" data-element_type=\"container\"><div class=\"elementor-element elementor-element-32bc1046 elementor-widget elementor-widget-heading\" data-id=\"32bc1046\" data-element_type=\"widget\" data-widget_type=\"heading.default\"><h2 class=\"elementor-heading-title elementor-size-default\"><span style=\"color: #333333; font-family: Arial, Helvetica, sans-serif; font-size: 12px;\">Gr\u00e2ce \u00e0 notre imprimante UV Roland LEF-300, CJ Production imprime directement sur une large gamme d\u2019objets : m\u00e9tal, plastique, bois, verre, cuir\u2026 pour des rendus durables et \u00e9clatants.<\/span><\/h2><\/div><\/div>\t\t\t\t\t\t\t\t<\/div>\n\t\t\t\t<\/div>\n\t\t\t\t<\/div>\n\t\t\t\t<div class=\"elementor-element elementor-element-d20babf elementor-widget elementor-widget-image\" data-id=\"d20babf\" data-element_type=\"widget\" data-e-type=\"widget\" data-widget_type=\"image.default\">\n\t\t\t\t\t\t\t\t\t\t\t\t\t\t\t<img fetchpriority=\"high\" decoding=\"async\" width=\"295\" height=\"325\" src=\"https:\/\/cjproductionnc.com\/wp-content\/uploads\/2025\/10\/Capture-decran-2025-10-12-a-18.12.04.png\" class=\"attachment-full size-full wp-image-1922\" alt=\"\" srcset=\"https:\/\/cjproductionnc.com\/wp-content\/uploads\/2025\/10\/Capture-decran-2025-10-12-a-18.12.04.png 295w, https:\/\/cjproductionnc.com\/wp-content\/uploads\/2025\/10\/Capture-decran-2025-10-12-a-18.12.04-272x300.png 272w, https:\/\/cjproductionnc.com\/wp-content\/uploads\/2025\/10\/Capture-decran-2025-10-12-a-18.12.04-136x150.png 136w\" sizes=\"(max-width: 295px) 100vw, 295px\" \/>\t\t\t\t\t\t\t\t\t\t\t\t\t\t\t<\/div>\n\t\t\t\t<div class=\"elementor-element elementor-element-c33b49f elementor-widget elementor-widget-image\" data-id=\"c33b49f\" data-element_type=\"widget\" data-e-type=\"widget\" data-widget_type=\"image.default\">\n\t\t\t\t\t\t\t\t\t\t\t\t\t\t\t<img decoding=\"async\" width=\"413\" height=\"1024\" src=\"https:\/\/cjproductionnc.com\/wp-content\/uploads\/2025\/10\/THERMOS-CAMALONGA-WEB-413x1024.jpg\" class=\"attachment-large size-large wp-image-2006\" alt=\"Thermos personnalis\u00e9 via impression UV\" srcset=\"https:\/\/cjproductionnc.com\/wp-content\/uploads\/2025\/10\/THERMOS-CAMALONGA-WEB-413x1024.jpg 413w, https:\/\/cjproductionnc.com\/wp-content\/uploads\/2025\/10\/THERMOS-CAMALONGA-WEB-121x300.jpg 121w, https:\/\/cjproductionnc.com\/wp-content\/uploads\/2025\/10\/THERMOS-CAMALONGA-WEB-60x150.jpg 60w, https:\/\/cjproductionnc.com\/wp-content\/uploads\/2025\/10\/THERMOS-CAMALONGA-WEB.jpg 476w\" sizes=\"(max-width: 413px) 100vw, 413px\" \/>\t\t\t\t\t\t\t\t\t\t\t\t\t\t\t<\/div>\n\t\t<div class=\"elementor-element elementor-element-1ea5f33 e-con-full e-flex e-con e-child\" data-id=\"1ea5f33\" data-element_type=\"container\" data-e-type=\"container\">\n\t\t<div class=\"elementor-element elementor-element-851a90b e-grid e-con-full e-con e-child\" data-id=\"851a90b\" data-element_type=\"container\" data-e-type=\"container\">\n\t\t\t\t<div class=\"elementor-element elementor-element-46cddb0 elementor-widget elementor-widget-image\" data-id=\"46cddb0\" data-element_type=\"widget\" data-e-type=\"widget\" data-widget_type=\"image.default\">\n\t\t\t\t\t\t\t\t\t\t\t\t\t\t\t<img decoding=\"async\" width=\"620\" height=\"749\" src=\"https:\/\/cjproductionnc.com\/wp-content\/uploads\/2025\/10\/TROPHEE-LIONS-NAUTILE-2025-848x1024.png\" class=\"attachment-large size-large wp-image-1923\" alt=\"\" srcset=\"https:\/\/cjproductionnc.com\/wp-content\/uploads\/2025\/10\/TROPHEE-LIONS-NAUTILE-2025-848x1024.png 848w, https:\/\/cjproductionnc.com\/wp-content\/uploads\/2025\/10\/TROPHEE-LIONS-NAUTILE-2025-249x300.png 249w, https:\/\/cjproductionnc.com\/wp-content\/uploads\/2025\/10\/TROPHEE-LIONS-NAUTILE-2025-124x150.png 124w\" sizes=\"(max-width: 620px) 100vw, 620px\" \/>\t\t\t\t\t\t\t\t\t\t\t\t\t\t\t<\/div>\n\t\t\t\t<div class=\"elementor-element elementor-element-cce078a elementor-widget elementor-widget-image\" data-id=\"cce078a\" data-element_type=\"widget\" data-e-type=\"widget\" data-widget_type=\"image.default\">\n\t\t\t\t\t\t\t\t\t\t\t\t\t\t\t<img loading=\"lazy\" decoding=\"async\" width=\"591\" height=\"373\" src=\"https:\/\/cjproductionnc.com\/wp-content\/uploads\/2025\/10\/COUTEAUX-IMPRIMESWeb.jpg\" class=\"attachment-large size-large wp-image-2027\" alt=\"\" srcset=\"https:\/\/cjproductionnc.com\/wp-content\/uploads\/2025\/10\/COUTEAUX-IMPRIMESWeb.jpg 591w, https:\/\/cjproductionnc.com\/wp-content\/uploads\/2025\/10\/COUTEAUX-IMPRIMESWeb-300x189.jpg 300w, https:\/\/cjproductionnc.com\/wp-content\/uploads\/2025\/10\/COUTEAUX-IMPRIMESWeb-150x95.jpg 150w\" sizes=\"(max-width: 591px) 100vw, 591px\" \/>\t\t\t\t\t\t\t\t\t\t\t\t\t\t\t<\/div>\n\t\t\t\t<\/div>\n\t\t\t\t<\/div>\n\t\t\t\t\t<\/div>\n\t\t\t\t<\/div>\n\t\t<div class=\"elementor-element elementor-element-72731b1 e-flex e-con-boxed e-con e-parent\" data-id=\"72731b1\" data-element_type=\"container\" data-e-type=\"container\">\n\t\t\t\t\t<div class=\"e-con-inner\">\n\t\t\t\t<div class=\"elementor-element elementor-element-b40e70c elementor-widget elementor-widget-heading\" data-id=\"b40e70c\" data-element_type=\"widget\" data-e-type=\"widget\" data-widget_type=\"heading.default\">\n\t\t\t\t\t<h2 class=\"elementor-heading-title elementor-size-default\">Pourquoi choisir CJ Production ?\n<\/h2>\t\t\t\t<\/div>\n\t\t\t\t<div class=\"elementor-element elementor-element-c2e4d06 elementor-widget elementor-widget-text-editor\" data-id=\"c2e4d06\" data-element_type=\"widget\" data-e-type=\"widget\" data-widget_type=\"text-editor.default\">\n\t\t\t\t\t\t\t\t\t<p data-start=\"563\" data-end=\"691\">\u2705\u00a0<strong data-start=\"565\" data-end=\"596\">Impression haute d\u00e9finition<\/strong>\u00a0\u2014 rendu net, couleurs \u00e9clatantes et d\u00e9tails pr\u00e9cis gr\u00e2ce \u00e0 la technologie UV Roland LEF-300.<\/p><p data-start=\"693\" data-end=\"827\">\u2705\u00a0<strong data-start=\"695\" data-end=\"722\">Effets sp\u00e9ciaux uniques<\/strong>\u00a0\u2014 possibilit\u00e9 d\u2019ajouter du vernis, du relief ou une finition mate\/brillante pour valoriser vos objets.<\/p><p data-start=\"829\" data-end=\"931\">\u2705\u00a0<strong data-start=\"831\" data-end=\"861\">Petites et moyennes s\u00e9ries<\/strong>\u00a0\u2014 nous imprimons \u00e0 la pi\u00e8ce ou en s\u00e9rie limit\u00e9e, selon vos besoins.<\/p><p data-start=\"933\" data-end=\"1043\">\u2705\u00a0<strong data-start=\"935\" data-end=\"962\">Souplesse et r\u00e9activit\u00e9<\/strong>\u00a0\u2014 interlocuteur unique, \u00e9changes rapides et suivi personnalis\u00e9 \u00e0 chaque \u00e9tape.<\/p><p data-start=\"1045\" data-end=\"1181\">\u2705\u00a0<strong data-start=\"1047\" data-end=\"1073\">Accompagnement cr\u00e9atif<\/strong>\u00a0\u2014 nous pouvons vous aider \u00e0 adapter votre visuel ou votre logo pour un meilleur rendu sur l\u2019objet choisi.<\/p><p data-start=\"1299\" data-end=\"1428\">\u2705\u00a0<strong data-start=\"1301\" data-end=\"1326\">Qualit\u00e9 et durabilit\u00e9<\/strong>\u00a0\u2014 encres r\u00e9sistantes \u00e0 la lumi\u00e8re et \u00e0 l\u2019usure, parfaites pour un usage professionnel ou d\u00e9coratif.<\/p><p data-start=\"1430\" data-end=\"1559\">\u2705\u00a0<strong data-start=\"1432\" data-end=\"1467\">Production ma\u00eetris\u00e9e en interne<\/strong>\u00a0\u2014 tout est fait dans nos locaux, ce qui garantit contr\u00f4le, r\u00e9gularit\u00e9 et confidentialit\u00e9.<\/p><p data-start=\"1430\" data-end=\"1559\">\ud83c\udfa8\u00a0<strong data-start=\"1345\" data-end=\"1364\">Notre mission :<\/strong>\u00a0donner vie \u00e0 vos id\u00e9es, sur les supports qui comptent pour vous.<\/p><p data-start=\"1430\" data-end=\"1559\">\u00a0<\/p><p>Pour toute demande de devis, me contacter :<\/p><ul><li>Mobile : 78 90 91<\/li><li>T\u00e9l Fixe : 277 500<\/li><li>cjproduction.nc@gmail.com<\/li><\/ul>\t\t\t\t\t\t\t\t<\/div>\n\t\t\t\t\t<\/div>\n\t\t\t\t<\/div>\n\t\t\t\t<\/div>","protected":false},"excerpt":{"rendered":"<p>Impression sur objet Personnalisez vos supports avec la Roland LEF-300 Gr\u00e2ce \u00e0 notre imprimante UV Roland LEF-300, CJ Production imprime directement sur une large gamme d\u2019objets : m\u00e9tal, plastique, bois, verre, cuir\u2026 pour des rendus durables et \u00e9clatants. Pourquoi choisir CJ Production ? \u2705\u00a0Impression haute d\u00e9finition\u00a0\u2014 rendu net, couleurs \u00e9clatantes et d\u00e9tails pr\u00e9cis gr\u00e2ce \u00e0 [&hellip;]<\/p>\n","protected":false},"author":3,"featured_media":0,"parent":0,"menu_order":0,"comment_status":"closed","ping_status":"closed","template":"","meta":{"footnotes":""},"class_list":["post-2054","page","type-page","status-publish","hentry"],"_links":{"self":[{"href":"https:\/\/cjproductionnc.com\/index.php\/wp-json\/wp\/v2\/pages\/2054","targetHints":{"allow":["GET"]}}],"collection":[{"href":"https:\/\/cjproductionnc.com\/index.php\/wp-json\/wp\/v2\/pages"}],"about":[{"href":"https:\/\/cjproductionnc.com\/index.php\/wp-json\/wp\/v2\/types\/page"}],"author":[{"embeddable":true,"href":"https:\/\/cjproductionnc.com\/index.php\/wp-json\/wp\/v2\/users\/3"}],"replies":[{"embeddable":true,"href":"https:\/\/cjproductionnc.com\/index.php\/wp-json\/wp\/v2\/comments?post=2054"}],"version-history":[{"count":4,"href":"https:\/\/cjproductionnc.com\/index.php\/wp-json\/wp\/v2\/pages\/2054\/revisions"}],"predecessor-version":[{"id":2059,"href":"https:\/\/cjproductionnc.com\/index.php\/wp-json\/wp\/v2\/pages\/2054\/revisions\/2059"}],"wp:attachment":[{"href":"https:\/\/cjproductionnc.com\/index.php\/wp-json\/wp\/v2\/media?parent=2054"}],"curies":[{"name":"wp","href":"https:\/\/api.w.org\/{rel}","templated":true}]}}