{"id":300,"date":"2017-02-08T09:28:00","date_gmt":"2017-02-07T22:28:00","guid":{"rendered":"http:\/\/cjproductionnc.com\/?page_id=300"},"modified":"2025-10-16T20:19:50","modified_gmt":"2025-10-16T09:19:50","slug":"gravure-plexi","status":"publish","type":"page","link":"https:\/\/cjproductionnc.com\/index.php\/gravure-laser\/gravure-plexi\/","title":{"rendered":"Gravure plexi"},"content":{"rendered":"<p><em>Vous \u00eates ici :<\/em> <a href=\"https:\/\/cjproductionnc.com\/\">Home<\/a> \/ <a href=\"https:\/\/cjproductionnc.com\/index.php\/gravure-laser\/\">Gravure laser<\/a> \/ <span style=\"color: #999999;\">Gravure plexi<\/span><\/p>\n<p style=\"text-align: right;\">\n<h1 style=\"text-align: center;\"><strong><span style=\"color: #d700a0;\">Gravure plexi<\/span><\/strong><\/h1>\n<div class=\"frame slider\"><div class=\"flexslider shortcode\"><ul class=\"slides\"><li><img decoding=\"async\" src=\"https:\/\/cjproductionnc.com\/wp-content\/uploads\/2017\/02\/plexi01b-300-400.png\"  alt=\"Gravure plexi\" \/><\/li>\n<li><img decoding=\"async\" src=\"https:\/\/cjproductionnc.com\/wp-content\/uploads\/2017\/02\/plexi02b-300-400.png\"  alt=\"Gravure plexi\" \/><\/li><\/ul> <\/div><\/div>\n<h4><span style=\"color: #d700a0;\">Caract\u00e9ristiques techniques :<\/span><\/h4>\n<div class=\"boxes\">\n<div class=\"box two first\">\n<p>Nous gravons et d\u00e9coupons du plexi de diff\u00e9rentes \u00e9paisseurs :<\/p>\n<ul>\n<li>2 mm<\/li>\n<li>4 mm<\/li>\n<li>5 mm<\/li>\n<li>6 mm<\/li>\n<li>8 mm<\/li>\n<li>10 mm<\/li>\n<\/ul>\n<p>Les dimensions maximales sont de 600 x 310 mm<\/p>\n<\/div>\n<div class=\"box two last\" style=\"text-align: center;\">\n<p>&nbsp;<\/p>\n<p>&nbsp;<\/p>\n<p>&nbsp;<\/p>\n<p>&nbsp;<\/p>\n<p>&nbsp;<\/p>\n<p><span style=\"color: #0000ff;\"><em>photo d&rsquo;un plexi grav\u00e9<\/em><\/span><\/p>\n<\/div>\n<\/div>\n<h4><span style=\"color: #d700a0;\">Type de gravure<\/span><\/h4>\n<div class=\"boxes\">\n<div class=\"box two first\" style=\"text-align: center;\">gravure normale<br \/>\n<span style=\"color: #0000ff;\"><em>photo <\/em><\/span><\/div>\n<div class=\"box two last\" style=\"text-align: center;\">gravure 3D<br \/>\n<span style=\"color: #0000ff;\"><em>photo <\/em><\/span><\/div>\n<\/div>\n<h4 style=\"text-align: left;\"><span style=\"color: #d700a0;\">D\u00e9coupe laser<\/span><\/h4>\n<p style=\"text-align: left;\">Nous pouvons d\u00e9couper au laser avec une tr\u00e8s grande pr\u00e9cision :<\/p>\n<p style=\"text-align: left;\"><span style=\"color: #0000ff;\"><em>2 ou 3 photos de plastiques d\u00e9coup\u00e9s avec trou pour fixation, etc<\/em><\/span><\/p>\n<h4><span style=\"color: #d700a0;\">Supports<\/span><\/h4>\n<p>La pi\u00e8ce grav\u00e9e et d\u00e9coup\u00e9e peut \u00eatre :<\/p>\n<div class=\"boxes\">\n<div class=\"box three first\" style=\"text-align: center;\">fix\u00e9e sur un support bois<br \/>\n<span style=\"color: #0000ff;\"><em>photo troph\u00e9e gendarmes<\/em><\/span><\/div>\n<div class=\"box three\" style=\"text-align: center;\">coll\u00e9e sur un support plexi<br \/>\n<span style=\"color: #0000ff;\"><em>photo troph\u00e9e golf CIEL<\/em><\/span><\/div>\n<div class=\"box three last\" style=\"text-align: center;\">maintenue par 2 pieds inox<br \/>\n<span style=\"color: #0000ff;\"><em>photo troph\u00e9e course CIEL<\/em><\/span><\/div>\n<\/div>\n<p>&nbsp;<\/p>\n<hr \/>\n<h4 style=\"padding-left: 90px;\"><span style=\"color: #666699;\">\u00a0\u00a0\u00a0 <span style=\"color: #d700a0;\">Gravure plexi<\/span> \u00a0 \u00a0<\/span> \u00a0 \u00a0 \u00a0\u00a0 <a class=\"button medium default\" href=\"https:\/\/cjproductionnc.com\/index.php\/gravure-laser\/gravure-dilophane\/\">Gravure dilophane<\/a>\u00a0\u00a0 \u00a0 \u00a0 \u00a0 \u00a0 <a class=\"button medium default\" href=\"https:\/\/cjproductionnc.com\/index.php\/gravure-laser\/gravure-metal\/\">Gravure m\u00e9tal<\/a><\/h4>\n<p style=\"padding-left: 90px;\">\u00a0\u00a0\u00a0<a class=\"button medium default\" href=\"https:\/\/cjproductionnc.com\/index.php\/gravure-laser\/gravure-sur-verre\/\">Gravure verre<\/a> \u00a0 \u00a0 \u00a0 \u00a0 \u00a0 \u00a0 \u00a0 \u00a0\u00a0 <a class=\"button medium default\" href=\"https:\/\/cjproductionnc.com\/index.php\/gravure-laser\/gravure-sur-bois\/\">Gravure bois<\/a> \u00a0 \u00a0 \u00a0 \u00a0 \u00a0\u00a0 \u00a0 \u00a0 <a class=\"button medium default\" href=\"https:\/\/cjproductionnc.com\/index.php\/gravure-laser\/gravure-sur-carton\/\">Gravure carton<\/a><\/p>\n<p style=\"padding-left: 90px;\">\u00a0 \u00a0 \u00a0 \u00a0 \u00a0 \u00a0 \u00a0 \u00a0 \u00a0 \u00a0 \u00a0 \u00a0 \u00a0 \u00a0 \u00a0 \u00a0 \u00a0 \u00a0 \u00a0 \u00a0 \u00a0 \u00a0 \u00a0 \u00a0 \u00a0 \u00a0 \u00a0 \u00a0 \u00a0\u00a0 \u00a0\u00a0 <a class=\"button medium default\" href=\"https:\/\/cjproductionnc.com\/index.php\/gravure-laser\/gravure-sur-cuir\/\">Gravure cuir<\/a><\/p>\n<p>Pour toute demande de devis, me contacter :<\/p>\n<ul>\n<li>Mobile : 78 90 91<\/li>\n<li>T\u00e9l Fixe : 277 500<\/li>\n<li>cjproduction.nc@gmail.com<\/li>\n<\/ul>","protected":false},"excerpt":{"rendered":"<p>Vous \u00eates ici : Home \/ Gravure laser \/ Gravure plexi Gravure plexi Caract\u00e9ristiques techniques : Nous gravons et d\u00e9coupons du plexi de diff\u00e9rentes \u00e9paisseurs : 2 mm 4 mm 5 mm 6 mm 8 mm 10 mm Les dimensions maximales sont de 600 x 310 mm &nbsp; &nbsp; &nbsp; &nbsp; &nbsp; photo d&rsquo;un plexi [&hellip;]<\/p>\n","protected":false},"author":1,"featured_media":0,"parent":14,"menu_order":1,"comment_status":"closed","ping_status":"closed","template":"","meta":{"footnotes":""},"class_list":["post-300","page","type-page","status-publish","hentry"],"_links":{"self":[{"href":"https:\/\/cjproductionnc.com\/index.php\/wp-json\/wp\/v2\/pages\/300","targetHints":{"allow":["GET"]}}],"collection":[{"href":"https:\/\/cjproductionnc.com\/index.php\/wp-json\/wp\/v2\/pages"}],"about":[{"href":"https:\/\/cjproductionnc.com\/index.php\/wp-json\/wp\/v2\/types\/page"}],"author":[{"embeddable":true,"href":"https:\/\/cjproductionnc.com\/index.php\/wp-json\/wp\/v2\/users\/1"}],"replies":[{"embeddable":true,"href":"https:\/\/cjproductionnc.com\/index.php\/wp-json\/wp\/v2\/comments?post=300"}],"version-history":[{"count":1,"href":"https:\/\/cjproductionnc.com\/index.php\/wp-json\/wp\/v2\/pages\/300\/revisions"}],"predecessor-version":[{"id":1977,"href":"https:\/\/cjproductionnc.com\/index.php\/wp-json\/wp\/v2\/pages\/300\/revisions\/1977"}],"up":[{"embeddable":true,"href":"https:\/\/cjproductionnc.com\/index.php\/wp-json\/wp\/v2\/pages\/14"}],"wp:attachment":[{"href":"https:\/\/cjproductionnc.com\/index.php\/wp-json\/wp\/v2\/media?parent=300"}],"curies":[{"name":"wp","href":"https:\/\/api.w.org\/{rel}","templated":true}]}}