{"id":303,"date":"2017-02-08T09:53:02","date_gmt":"2017-02-07T22:53:02","guid":{"rendered":"http:\/\/cjproductionnc.com\/?page_id=303"},"modified":"2017-04-14T19:22:18","modified_gmt":"2017-04-14T08:22:18","slug":"gravure-dilophane","status":"publish","type":"page","link":"https:\/\/cjproductionnc.com\/index.php\/gravure-laser\/gravure-dilophane\/","title":{"rendered":"Gravure dilophane"},"content":{"rendered":"<p><em>Vous \u00eates ici :<\/em> <a href=\"https:\/\/cjproductionnc.com\/\">Home<\/a> \/ <a href=\"https:\/\/cjproductionnc.com\/index.php\/gravure-laser\/\">Gravure laser<\/a> \/ <span style=\"color: #999999;\">Gravure dilophane<\/span><\/p>\n<p style=\"text-align: right;\"><a class=\"button medium orange\" href=\"https:\/\/cjproductionnc.com\/index.php\/demande-de-devis-gravure\/\">Demande de devis<\/a><\/p>\n<h1 style=\"text-align: center;\"><strong><span style=\"color: #d700a0;\">Gravure dilophane<\/span><\/strong><\/h1>\n<h4 style=\"text-align: center;\"><span style=\"color: #d700a0;\">Nous avons des dilophanes* en 2 \u00e9paisseurs<\/span><\/h4>\n<p style=\"text-align: left; padding-left: 150px;\">0.5 mm\u00a0 : Flexibrass<br \/>\n1.5 mm :\u00a0 Lasermax ou Texture (pour signal\u00e9tique en ext\u00e9rieur)<\/p>\n<p style=\"text-align: left; padding-left: 150px;\">*<span style=\"color: #d700a0;\">dilophane<\/span> : plastique bi-couche bicolores. La gravure enl\u00e8ve la couche de surface et fait apparaitre la couche dite de marquage.<\/p>\n<p style=\"text-align: center;\">avec ou sans dos adh\u00e9sif<\/p>\n<h4 style=\"text-align: center;\"><span style=\"color: #d700a0;\">D\u00e9coupe laser<\/span><\/h4>\n<p style=\"text-align: center;\">Nous pouvons d\u00e9couper au laser avec une tr\u00e8s grande pr\u00e9cision :<\/p>\n<p style=\"text-align: center;\"><span style=\"color: #0000ff;\"><em>2 ou 3 photos de plastiques d\u00e9coup\u00e9s avec trou pour fixation, etc<\/em><\/span><\/p>\n<h4 style=\"text-align: center;\"><span style=\"color: #d700a0;\">Plusieurs coloris :<\/span><\/h4>\n<p style=\"text-align: center;\"><strong><em>(couleur de surface \/ couleur de marquage)<\/em><\/strong><\/p>\n<div class=\"boxes\">\n<div class=\"box four first\" style=\"text-align: center;\">blanc \/ noir<br \/>\n<img decoding=\"async\" class=\"aligncenter size-full wp-image-225\" src=\"https:\/\/cjproductionnc.com\/wp-content\/uploads\/2017\/02\/blanc-noir.png\" alt=\"\" width=\"85\" height=\"43\" \/>blanc \/ rouge<br \/>\n<img decoding=\"async\" class=\"aligncenter size-full wp-image-226\" src=\"https:\/\/cjproductionnc.com\/wp-content\/uploads\/2017\/02\/blanc-rouge.png\" alt=\"\" width=\"85\" height=\"43\" \/>blanc \/ bleu<br \/>\n<img decoding=\"async\" class=\"aligncenter size-full wp-image-224\" src=\"https:\/\/cjproductionnc.com\/wp-content\/uploads\/2017\/02\/blanc-bleu.png\" alt=\"\" width=\"85\" height=\"43\" \/>blanc \/ vert<br \/>\n<img loading=\"lazy\" decoding=\"async\" class=\"aligncenter size-full wp-image-227\" src=\"https:\/\/cjproductionnc.com\/wp-content\/uploads\/2017\/02\/blanc-vert.png\" alt=\"\" width=\"85\" height=\"43\" \/><\/div>\n<div class=\"box four\" style=\"text-align: center;\">bleu \/ blanc<br \/>\n<img loading=\"lazy\" decoding=\"async\" class=\"aligncenter size-full wp-image-228\" src=\"https:\/\/cjproductionnc.com\/wp-content\/uploads\/2017\/02\/bleu-blanc.png\" alt=\"\" width=\"85\" height=\"43\" \/>noir \/ blanc<br \/>\n<img loading=\"lazy\" decoding=\"async\" class=\"aligncenter size-full wp-image-229\" src=\"https:\/\/cjproductionnc.com\/wp-content\/uploads\/2017\/02\/noir-blanc.png\" alt=\"\" width=\"85\" height=\"43\" \/>rouge \/ blanc<br \/>\n<img loading=\"lazy\" decoding=\"async\" class=\"aligncenter size-full wp-image-231\" src=\"https:\/\/cjproductionnc.com\/wp-content\/uploads\/2017\/02\/rouge-blanc.png\" alt=\"\" width=\"85\" height=\"43\" \/>vert \/ blanc<br \/>\n<img loading=\"lazy\" decoding=\"async\" class=\"aligncenter size-full wp-image-232\" src=\"https:\/\/cjproductionnc.com\/wp-content\/uploads\/2017\/02\/vert-blanc.png\" alt=\"\" width=\"85\" height=\"43\" \/>violet \/ blanc<br \/>\n<img loading=\"lazy\" decoding=\"async\" class=\"aligncenter size-full wp-image-233\" src=\"https:\/\/cjproductionnc.com\/wp-content\/uploads\/2017\/02\/violet-blanc.png\" alt=\"\" width=\"85\" height=\"43\" \/><\/div>\n<div class=\"box four\" style=\"text-align: center;\">jaune \/ noir<br \/>\n<img loading=\"lazy\" decoding=\"async\" class=\"aligncenter size-full wp-image-234\" src=\"https:\/\/cjproductionnc.com\/wp-content\/uploads\/2017\/02\/jaune-noir.png\" alt=\"\" width=\"85\" height=\"43\" \/>&nbsp;<\/p>\n<p>&nbsp;<\/p>\n<p>&nbsp;<\/p>\n<p>&nbsp;<\/p>\n<p>&nbsp;<\/p>\n<p>&nbsp;<\/p>\n<p>&nbsp;<\/p>\n<p>.<\/p>\n<\/div>\n<div class=\"box four last\" style=\"text-align: center;\">argent bross\u00e9 \/ noir<br \/>\n<img loading=\"lazy\" decoding=\"async\" class=\"aligncenter size-full wp-image-223\" src=\"https:\/\/cjproductionnc.com\/wp-content\/uploads\/2017\/02\/argent-noir.png\" alt=\"\" width=\"85\" height=\"43\" \/>dor\u00e9 bross\u00e9 \/ noir<br \/>\n<img loading=\"lazy\" decoding=\"async\" class=\"aligncenter size-full wp-image-230\" src=\"https:\/\/cjproductionnc.com\/wp-content\/uploads\/2017\/02\/or-noir.png\" alt=\"\" width=\"85\" height=\"43\" \/>&nbsp;<\/p>\n<p>&nbsp;<\/p>\n<p>&nbsp;<\/p>\n<p>&nbsp;<\/p>\n<p>&nbsp;<\/p>\n<p>.<\/p>\n<\/div>\n<\/div>\n<p>&nbsp;<\/p>\n<hr \/>\n<h4 style=\"padding-left: 90px;\">\u00a0\u00a0\u00a0 <a class=\"button medium default\" href=\"https:\/\/cjproductionnc.com\/index.php\/gravure-laser\/gravure-plexi\/\">Gravure plexi<\/a> \u00a0 \u00a0 \u00a0\u00a0\u00a0 <span style=\"color: #666699;\"><span style=\"color: #d700a0;\">Gravure dilophane<\/span>\u00a0 \u00a0<\/span> \u00a0 \u00a0 \u00a0 <a class=\"button medium default\" href=\"https:\/\/cjproductionnc.com\/index.php\/gravure-laser\/gravure-metal\/\">Gravure m\u00e9tal<\/a><\/h4>\n<p style=\"padding-left: 90px;\">\u00a0\u00a0\u00a0<a class=\"button medium default\" href=\"https:\/\/cjproductionnc.com\/index.php\/gravure-laser\/gravure-sur-verre\/\">Gravure verre<\/a> \u00a0 \u00a0 \u00a0 \u00a0 \u00a0 \u00a0 \u00a0 \u00a0\u00a0 <a class=\"button medium default\" href=\"https:\/\/cjproductionnc.com\/index.php\/gravure-laser\/gravure-sur-bois\/\">Gravure bois<\/a> \u00a0 \u00a0 \u00a0 \u00a0 \u00a0\u00a0 \u00a0 \u00a0 <a class=\"button medium default\" href=\"https:\/\/cjproductionnc.com\/index.php\/gravure-laser\/gravure-sur-carton\/\">Gravure carton<\/a><\/p>\n<p style=\"padding-left: 90px;\">\u00a0 \u00a0 \u00a0 \u00a0 \u00a0 \u00a0 \u00a0 \u00a0 \u00a0 \u00a0 \u00a0 \u00a0 \u00a0 \u00a0 \u00a0 \u00a0 \u00a0 \u00a0 \u00a0 \u00a0 \u00a0 \u00a0 \u00a0 \u00a0 \u00a0 \u00a0 \u00a0 \u00a0 \u00a0\u00a0 \u00a0\u00a0 <a class=\"button medium default\" href=\"https:\/\/cjproductionnc.com\/index.php\/gravure-laser\/gravure-sur-cuir\/\">Gravure cuir<\/a><\/p>\n<p>&nbsp;<\/p>\n<p><span style=\"border-radius: 2px; text-indent: 20px; width: auto; padding: 0px 4px 0px 0px; text-align: center; font: bold 11px\/20px 'Helvetica Neue',Helvetica,sans-serif; color: #ffffff; background: #bd081c no-repeat scroll 3px 50% \/ 14px 14px; position: absolute; opacity: 1; z-index: 8675309; display: none; cursor: pointer;\">Enregistrer<\/span><\/p>\n<p><span style=\"border-radius: 2px; text-indent: 20px; width: auto; padding: 0px 4px 0px 0px; text-align: center; font: bold 11px\/20px 'Helvetica Neue',Helvetica,sans-serif; color: #ffffff; background: #bd081c  no-repeat scroll 3px 50% \/ 14px 14px; position: absolute; opacity: 1; z-index: 8675309; display: none; cursor: pointer;\">Enregistrer<\/span><\/p>","protected":false},"excerpt":{"rendered":"<p>Vous \u00eates ici : Home \/ Gravure laser \/ Gravure dilophane Demande de devis Gravure dilophane Nous avons des dilophanes* en 2 \u00e9paisseurs 0.5 mm\u00a0 : Flexibrass 1.5 mm :\u00a0 Lasermax ou Texture (pour signal\u00e9tique en ext\u00e9rieur) *dilophane : plastique bi-couche bicolores. La gravure enl\u00e8ve la couche de surface et fait apparaitre la couche dite [&hellip;]<\/p>\n","protected":false},"author":1,"featured_media":0,"parent":14,"menu_order":2,"comment_status":"closed","ping_status":"closed","template":"","meta":{"footnotes":""},"class_list":["post-303","page","type-page","status-publish","hentry"],"_links":{"self":[{"href":"https:\/\/cjproductionnc.com\/index.php\/wp-json\/wp\/v2\/pages\/303","targetHints":{"allow":["GET"]}}],"collection":[{"href":"https:\/\/cjproductionnc.com\/index.php\/wp-json\/wp\/v2\/pages"}],"about":[{"href":"https:\/\/cjproductionnc.com\/index.php\/wp-json\/wp\/v2\/types\/page"}],"author":[{"embeddable":true,"href":"https:\/\/cjproductionnc.com\/index.php\/wp-json\/wp\/v2\/users\/1"}],"replies":[{"embeddable":true,"href":"https:\/\/cjproductionnc.com\/index.php\/wp-json\/wp\/v2\/comments?post=303"}],"version-history":[{"count":0,"href":"https:\/\/cjproductionnc.com\/index.php\/wp-json\/wp\/v2\/pages\/303\/revisions"}],"up":[{"embeddable":true,"href":"https:\/\/cjproductionnc.com\/index.php\/wp-json\/wp\/v2\/pages\/14"}],"wp:attachment":[{"href":"https:\/\/cjproductionnc.com\/index.php\/wp-json\/wp\/v2\/media?parent=303"}],"curies":[{"name":"wp","href":"https:\/\/api.w.org\/{rel}","templated":true}]}}