{"id":306,"date":"2017-02-08T09:57:27","date_gmt":"2017-02-07T22:57:27","guid":{"rendered":"http:\/\/cjproductionnc.com\/?page_id=306"},"modified":"2017-04-14T19:22:47","modified_gmt":"2017-04-14T08:22:47","slug":"gravure-metal","status":"publish","type":"page","link":"https:\/\/cjproductionnc.com\/index.php\/gravure-laser\/gravure-metal\/","title":{"rendered":"Gravure m\u00e9tal"},"content":{"rendered":"<p><em>Vous \u00eates ici :<\/em> <a href=\"https:\/\/cjproductionnc.com\/\">Home<\/a> \/ <a href=\"https:\/\/cjproductionnc.com\/index.php\/gravure-laser\/\">Gravure laser<\/a> \/ <span style=\"color: #999999;\">Gravure m\u00e9tal<\/span><\/p>\n<p style=\"text-align: right;\"><a class=\"button medium orange\" href=\"https:\/\/cjproductionnc.com\/index.php\/demande-de-devis-gravure\/\">Demande de devis<\/a><\/p>\n<h1 style=\"text-align: center;\"><strong><span style=\"color: #d700a0;\">Gravure m\u00e9tal<\/span><\/strong><\/h1>\n<div class=\"frame slider\"><div class=\"flexslider shortcode\"><ul class=\"slides\"><li><img decoding=\"async\" src=\"https:\/\/cjproductionnc.com\/wp-content\/uploads\/2017\/02\/metal1jpg600.jpg\" alt=\"Gravure m\u00e9tall\" \/><\/li>\n<li><img decoding=\"async\" src=\"https:\/\/cjproductionnc.com\/wp-content\/uploads\/2017\/02\/metal2jpg600.jpg\" alt=\"Gravure m\u00e9tall\" \/><\/li>\n<li><img decoding=\"async\" src=\"https:\/\/cjproductionnc.com\/wp-content\/uploads\/2017\/02\/metal3jpg600.jpg\" alt=\"Gravure m\u00e9tall\" \/><\/li>\n<li><img decoding=\"async\" src=\"https:\/\/cjproductionnc.com\/wp-content\/uploads\/2017\/02\/metal4jpg600.jpg\" alt=\"Gravure m\u00e9tall\" \/><\/li><\/ul> <\/div><\/div>\n<h4 style=\"text-align: center;\"><span style=\"color: #d700a0;\">Nous gravons des plaques en m\u00e9tal<\/span><\/h4>\n<h5 style=\"text-align: center;\"><span style=\"color: #000000;\">Plaques laiton<\/span><\/h5>\n<h5 style=\"text-align: center;\"><span style=\"color: #000000;\">Plaques inox<\/span><\/h5>\n<p style=\"padding-left: 150px; text-align: center;\">dimensions maximales des plaques : 600 x 300 mm<\/p>\n<h5 style=\"padding-left: 150px; text-align: center;\"><span style=\"color: #d700a0;\">Nous pouvons \u00e9galement imprimer ces plaques apr\u00e8s ou avant gravure<\/span><\/h5>\n<hr \/>\n<p>&nbsp;<\/p>\n<h4 style=\"padding-left: 90px;\">\u00a0\u00a0 <a class=\"button medium default\" href=\"https:\/\/cjproductionnc.com\/index.php\/gravure-laser\/gravure-plexi\/\">Gravure plexi<\/a> \u00a0 \u00a0 \u00a0\u00a0 <a class=\"button medium default\" href=\"https:\/\/cjproductionnc.com\/index.php\/gravure-laser\/gravure-dilophane\/\">Gravure dilophane<\/a>\u00a0\u00a0 \u00a0\u00a0\u00a0 \u00a0 <span style=\"color: #d700a0;\">Gravure m\u00e9tal<\/span><\/h4>\n<p style=\"padding-left: 90px;\">\u00a0\u00a0\u00a0<a class=\"button medium default\" href=\"https:\/\/cjproductionnc.com\/index.php\/gravure-laser\/gravure-sur-verre\/\">Gravure verre<\/a> \u00a0 \u00a0 \u00a0 \u00a0 \u00a0 \u00a0 \u00a0 \u00a0\u00a0 <a class=\"button medium default\" href=\"https:\/\/cjproductionnc.com\/index.php\/gravure-laser\/gravure-sur-bois\/\">Gravure bois<\/a> \u00a0 \u00a0 \u00a0 \u00a0 \u00a0\u00a0 \u00a0 \u00a0 <a class=\"button medium default\" href=\"https:\/\/cjproductionnc.com\/index.php\/gravure-laser\/gravure-sur-carton\/\">Gravure carton<\/a><\/p>\n<p style=\"padding-left: 90px;\">\u00a0 \u00a0 \u00a0 \u00a0 \u00a0 \u00a0 \u00a0 \u00a0 \u00a0 \u00a0 \u00a0 \u00a0 \u00a0 \u00a0 \u00a0 \u00a0 \u00a0 \u00a0 \u00a0 \u00a0 \u00a0 \u00a0 \u00a0 \u00a0 \u00a0 \u00a0 \u00a0 \u00a0 \u00a0\u00a0 \u00a0\u00a0 <a class=\"button medium default\" href=\"https:\/\/cjproductionnc.com\/index.php\/gravure-laser\/gravure-sur-cuir\/\">Gravure cuir<\/a><\/p>\n<p><span style=\"border-radius: 2px; text-indent: 20px; width: auto; padding: 0px 4px 0px 0px; text-align: center; font: bold 11px\/20px 'Helvetica Neue',Helvetica,sans-serif; color: #ffffff; background: #bd081c none no-repeat scroll 3px 50% \/ 14px 14px; position: absolute; opacity: 1; z-index: 8675309; display: none; cursor: pointer;\">Enregistrer<\/span><\/p>","protected":false},"excerpt":{"rendered":"<p>Vous \u00eates ici : Home \/ Gravure laser \/ Gravure m\u00e9tal Demande de devis Gravure m\u00e9tal Nous gravons des plaques en m\u00e9tal Plaques laiton Plaques inox dimensions maximales des plaques : 600 x 300 mm Nous pouvons \u00e9galement imprimer ces plaques apr\u00e8s ou avant gravure &nbsp; \u00a0\u00a0 Gravure plexi \u00a0 \u00a0 \u00a0\u00a0 Gravure dilophane\u00a0\u00a0 \u00a0\u00a0\u00a0 [&hellip;]<\/p>\n","protected":false},"author":1,"featured_media":0,"parent":14,"menu_order":3,"comment_status":"closed","ping_status":"closed","template":"","meta":{"footnotes":""},"class_list":["post-306","page","type-page","status-publish","hentry"],"_links":{"self":[{"href":"https:\/\/cjproductionnc.com\/index.php\/wp-json\/wp\/v2\/pages\/306","targetHints":{"allow":["GET"]}}],"collection":[{"href":"https:\/\/cjproductionnc.com\/index.php\/wp-json\/wp\/v2\/pages"}],"about":[{"href":"https:\/\/cjproductionnc.com\/index.php\/wp-json\/wp\/v2\/types\/page"}],"author":[{"embeddable":true,"href":"https:\/\/cjproductionnc.com\/index.php\/wp-json\/wp\/v2\/users\/1"}],"replies":[{"embeddable":true,"href":"https:\/\/cjproductionnc.com\/index.php\/wp-json\/wp\/v2\/comments?post=306"}],"version-history":[{"count":0,"href":"https:\/\/cjproductionnc.com\/index.php\/wp-json\/wp\/v2\/pages\/306\/revisions"}],"up":[{"embeddable":true,"href":"https:\/\/cjproductionnc.com\/index.php\/wp-json\/wp\/v2\/pages\/14"}],"wp:attachment":[{"href":"https:\/\/cjproductionnc.com\/index.php\/wp-json\/wp\/v2\/media?parent=306"}],"curies":[{"name":"wp","href":"https:\/\/api.w.org\/{rel}","templated":true}]}}