{"id":391,"date":"2017-02-09T10:43:33","date_gmt":"2017-02-08T23:43:33","guid":{"rendered":"http:\/\/cjproductionnc.com\/?page_id=391"},"modified":"2017-03-01T10:45:40","modified_gmt":"2017-02-28T23:45:40","slug":"usage-normal","status":"publish","type":"page","link":"https:\/\/cjproductionnc.com\/index.php\/tampons\/usage-normal\/","title":{"rendered":"Tampons pour usage normal"},"content":{"rendered":"<p><em>Vous \u00eates ici :<\/em> <a href=\"https:\/\/cjproductionnc.com\/\">Home<\/a>\u00a0 \/ <a href=\"https:\/\/cjproductionnc.com\/index.php\/tampons\/\">Tampons<\/a>\u00a0 \/\u00a0<span style=\"color: #999999;\"> Tampons pour usage normal<\/span><\/p>\n<p style=\"text-align: right;\"><a class=\"button medium orange\" href=\"https:\/\/cjproductionnc.com\/index.php\/tampons\/les-tampons-shiny\/devis-tampons\/\">Demande de devis<\/a><\/p>\n<h1 style=\"text-align: center;\"><strong>Tampons pour usage normal<\/strong><\/h1>\n<p>&nbsp;<\/p>\n<hr \/>\n<p><a id=\"S308\" href=\"https:\/\/cjproductionnc.com\/index.php\/product\/shiny-s-308\/\"><img fetchpriority=\"high\" decoding=\"async\" class=\"aligncenter size-full wp-image-179\" src=\"https:\/\/cjproductionnc.com\/wp-content\/uploads\/2017\/02\/S-308-ligne-png24-1240.png\" alt=\"\" width=\"1260\" height=\"233\" srcset=\"https:\/\/cjproductionnc.com\/wp-content\/uploads\/2017\/02\/S-308-ligne-png24-1240.png 1260w, https:\/\/cjproductionnc.com\/wp-content\/uploads\/2017\/02\/S-308-ligne-png24-1240-300x55.png 300w, https:\/\/cjproductionnc.com\/wp-content\/uploads\/2017\/02\/S-308-ligne-png24-1240-768x142.png 768w, https:\/\/cjproductionnc.com\/wp-content\/uploads\/2017\/02\/S-308-ligne-png24-1240-1024x189.png 1024w\" sizes=\"(max-width: 1260px) 100vw, 1260px\" \/><\/a><\/p>\n<hr \/>\n<p><a id=\"S851\" href=\"https:\/\/cjproductionnc.com\/index.php\/product\/shiny-s851\/\"><img decoding=\"async\" class=\"aligncenter size-full wp-image-179\" src=\"https:\/\/cjproductionnc.com\/wp-content\/uploads\/2017\/02\/S-851-ligne-png24-1240.png\" alt=\"\" width=\"1260\" height=\"233\" \/><\/a><\/p>\n<hr \/>\n<p><a id=\"S852\" href=\"https:\/\/cjproductionnc.com\/index.php\/product\/shiny-s852\/\"><img decoding=\"async\" class=\"aligncenter size-full wp-image-179\" src=\"https:\/\/cjproductionnc.com\/wp-content\/uploads\/2017\/02\/S-852-ligne-png24-1240.png\" alt=\"\" width=\"1260\" height=\"233\" \/><\/a><\/p>\n<hr \/>\n<p><a id=\"S853\" href=\"https:\/\/cjproductionnc.com\/index.php\/product\/shiny-s853\/\"><img loading=\"lazy\" decoding=\"async\" class=\"aligncenter size-full wp-image-179\" src=\"https:\/\/cjproductionnc.com\/wp-content\/uploads\/2017\/02\/S-853-ligne-png24-1240.png\" alt=\"\" width=\"1260\" height=\"233\" \/><\/a><\/p>\n<hr \/>\n<p><a id=\"S854\" href=\"https:\/\/cjproductionnc.com\/index.php\/product\/shiny-s854\/\"><img loading=\"lazy\" decoding=\"async\" class=\"aligncenter size-full wp-image-179\" src=\"https:\/\/cjproductionnc.com\/wp-content\/uploads\/2017\/02\/S-854-ligne-png24-1240.png\" alt=\"\" width=\"1260\" height=\"233\" \/><\/a><\/p>\n<hr \/>\n<p><a id=\"S855\" href=\"https:\/\/cjproductionnc.com\/index.php\/product\/shiny-s855\/\"><img loading=\"lazy\" decoding=\"async\" class=\"aligncenter size-full wp-image-179\" src=\"https:\/\/cjproductionnc.com\/wp-content\/uploads\/2017\/02\/S-855-ligne-png24-1240.png\" alt=\"\" width=\"1260\" height=\"233\" \/><\/a><\/p>\n<hr \/>\n<p><a id=\"S826\" href=\"https:\/\/cjproductionnc.com\/index.php\/product\/shiny-s-826\/\"><img loading=\"lazy\" decoding=\"async\" class=\"aligncenter size-full wp-image-187\" src=\"https:\/\/cjproductionnc.com\/wp-content\/uploads\/2017\/02\/S-826-ligne-png24-1240.png\" alt=\"\" width=\"1260\" height=\"360\" srcset=\"https:\/\/cjproductionnc.com\/wp-content\/uploads\/2017\/02\/S-826-ligne-png24-1240.png 1260w, https:\/\/cjproductionnc.com\/wp-content\/uploads\/2017\/02\/S-826-ligne-png24-1240-300x86.png 300w, https:\/\/cjproductionnc.com\/wp-content\/uploads\/2017\/02\/S-826-ligne-png24-1240-768x219.png 768w, https:\/\/cjproductionnc.com\/wp-content\/uploads\/2017\/02\/S-826-ligne-png24-1240-1024x293.png 1024w\" sizes=\"(max-width: 1260px) 100vw, 1260px\" \/><\/a><\/p>\n<hr \/>\n<p><a id=\"S827\" href=\"https:\/\/cjproductionnc.com\/index.php\/product\/shiny-s-827\/\"><img loading=\"lazy\" decoding=\"async\" class=\"aligncenter size-full wp-image-186\" src=\"https:\/\/cjproductionnc.com\/wp-content\/uploads\/2017\/02\/S-827-ligne-png24-1240.png\" alt=\"\" width=\"1260\" height=\"417\" srcset=\"https:\/\/cjproductionnc.com\/wp-content\/uploads\/2017\/02\/S-827-ligne-png24-1240.png 1260w, https:\/\/cjproductionnc.com\/wp-content\/uploads\/2017\/02\/S-827-ligne-png24-1240-300x99.png 300w, https:\/\/cjproductionnc.com\/wp-content\/uploads\/2017\/02\/S-827-ligne-png24-1240-768x254.png 768w, https:\/\/cjproductionnc.com\/wp-content\/uploads\/2017\/02\/S-827-ligne-png24-1240-1024x339.png 1024w\" sizes=\"(max-width: 1260px) 100vw, 1260px\" \/><\/a><\/p>\n<hr \/>\n<p><a id=\"S828\" href=\"https:\/\/cjproductionnc.com\/index.php\/product\/shiny-s-828\/\"><img loading=\"lazy\" decoding=\"async\" class=\"aligncenter size-full wp-image-185\" src=\"https:\/\/cjproductionnc.com\/wp-content\/uploads\/2017\/02\/S-828-ligne-png24-1240.png\" alt=\"\" width=\"1260\" height=\"434\" srcset=\"https:\/\/cjproductionnc.com\/wp-content\/uploads\/2017\/02\/S-828-ligne-png24-1240.png 1260w, https:\/\/cjproductionnc.com\/wp-content\/uploads\/2017\/02\/S-828-ligne-png24-1240-300x103.png 300w, https:\/\/cjproductionnc.com\/wp-content\/uploads\/2017\/02\/S-828-ligne-png24-1240-768x265.png 768w, https:\/\/cjproductionnc.com\/wp-content\/uploads\/2017\/02\/S-828-ligne-png24-1240-1024x353.png 1024w\" sizes=\"(max-width: 1260px) 100vw, 1260px\" \/><\/a><\/p>\n<hr \/>\n<p><a id=\"S829\" href=\"https:\/\/cjproductionnc.com\/index.php\/product\/shiny-s-829\/\"><img loading=\"lazy\" decoding=\"async\" class=\"aligncenter size-full wp-image-184\" src=\"https:\/\/cjproductionnc.com\/wp-content\/uploads\/2017\/02\/S-829-ligne-png24-1240.png\" alt=\"\" width=\"1260\" height=\"512\" srcset=\"https:\/\/cjproductionnc.com\/wp-content\/uploads\/2017\/02\/S-829-ligne-png24-1240.png 1260w, https:\/\/cjproductionnc.com\/wp-content\/uploads\/2017\/02\/S-829-ligne-png24-1240-300x122.png 300w, https:\/\/cjproductionnc.com\/wp-content\/uploads\/2017\/02\/S-829-ligne-png24-1240-768x312.png 768w, https:\/\/cjproductionnc.com\/wp-content\/uploads\/2017\/02\/S-829-ligne-png24-1240-1024x416.png 1024w\" sizes=\"(max-width: 1260px) 100vw, 1260px\" \/><\/a><\/p>\n<hr \/>\n<p><a id=\"S830\" href=\"https:\/\/cjproductionnc.com\/index.php\/product\/shiny-s-830\/\"><img loading=\"lazy\" decoding=\"async\" class=\"aligncenter size-full wp-image-183\" src=\"https:\/\/cjproductionnc.com\/wp-content\/uploads\/2017\/02\/S-830-ligne-png24-1240.png\" alt=\"\" width=\"1260\" height=\"500\" srcset=\"https:\/\/cjproductionnc.com\/wp-content\/uploads\/2017\/02\/S-830-ligne-png24-1240.png 1260w, https:\/\/cjproductionnc.com\/wp-content\/uploads\/2017\/02\/S-830-ligne-png24-1240-300x119.png 300w, https:\/\/cjproductionnc.com\/wp-content\/uploads\/2017\/02\/S-830-ligne-png24-1240-768x305.png 768w, https:\/\/cjproductionnc.com\/wp-content\/uploads\/2017\/02\/S-830-ligne-png24-1240-1024x406.png 1024w\" sizes=\"(max-width: 1260px) 100vw, 1260px\" \/><\/a><\/p>\n<hr \/>\n<p><a id=\"S831\" href=\"https:\/\/cjproductionnc.com\/index.php\/product\/shiny-s-831\/\"><img loading=\"lazy\" decoding=\"async\" class=\"aligncenter size-full wp-image-182\" src=\"https:\/\/cjproductionnc.com\/wp-content\/uploads\/2017\/02\/S-831-ligne-png24-1240.png\" alt=\"\" width=\"1260\" height=\"233\" srcset=\"https:\/\/cjproductionnc.com\/wp-content\/uploads\/2017\/02\/S-831-ligne-png24-1240.png 1260w, https:\/\/cjproductionnc.com\/wp-content\/uploads\/2017\/02\/S-831-ligne-png24-1240-300x55.png 300w, https:\/\/cjproductionnc.com\/wp-content\/uploads\/2017\/02\/S-831-ligne-png24-1240-768x142.png 768w, https:\/\/cjproductionnc.com\/wp-content\/uploads\/2017\/02\/S-831-ligne-png24-1240-1024x189.png 1024w\" sizes=\"(max-width: 1260px) 100vw, 1260px\" \/><\/a><\/p>\n<hr \/>\n<p><a id=\"S832\" href=\"https:\/\/cjproductionnc.com\/index.php\/product\/shiny-s-832\/\"><img loading=\"lazy\" decoding=\"async\" class=\"aligncenter size-full wp-image-181\" src=\"https:\/\/cjproductionnc.com\/wp-content\/uploads\/2017\/02\/S-832-ligne-png24-1240.png\" alt=\"\" width=\"1260\" height=\"233\" srcset=\"https:\/\/cjproductionnc.com\/wp-content\/uploads\/2017\/02\/S-832-ligne-png24-1240.png 1260w, https:\/\/cjproductionnc.com\/wp-content\/uploads\/2017\/02\/S-832-ligne-png24-1240-300x55.png 300w, https:\/\/cjproductionnc.com\/wp-content\/uploads\/2017\/02\/S-832-ligne-png24-1240-768x142.png 768w, https:\/\/cjproductionnc.com\/wp-content\/uploads\/2017\/02\/S-832-ligne-png24-1240-1024x189.png 1024w\" sizes=\"(max-width: 1260px) 100vw, 1260px\" \/><\/a><\/p>\n<hr \/>\n<p><a id=\"S833\" href=\"https:\/\/cjproductionnc.com\/index.php\/product\/shiny-s-833\/\"><img loading=\"lazy\" decoding=\"async\" class=\"aligncenter size-full wp-image-180\" src=\"https:\/\/cjproductionnc.com\/wp-content\/uploads\/2017\/02\/S-833-ligne-png24-1240.png\" alt=\"\" width=\"1260\" height=\"233\" srcset=\"https:\/\/cjproductionnc.com\/wp-content\/uploads\/2017\/02\/S-833-ligne-png24-1240.png 1260w, https:\/\/cjproductionnc.com\/wp-content\/uploads\/2017\/02\/S-833-ligne-png24-1240-300x55.png 300w, https:\/\/cjproductionnc.com\/wp-content\/uploads\/2017\/02\/S-833-ligne-png24-1240-768x142.png 768w, https:\/\/cjproductionnc.com\/wp-content\/uploads\/2017\/02\/S-833-ligne-png24-1240-1024x189.png 1024w\" sizes=\"(max-width: 1260px) 100vw, 1260px\" \/><\/a><\/p>\n<hr \/>\n<p><a id=\"S510\" href=\"https:\/\/cjproductionnc.com\/index.php\/product\/shiny-s-510\/\"><img loading=\"lazy\" decoding=\"async\" class=\"aligncenter size-full wp-image-176\" src=\"https:\/\/cjproductionnc.com\/wp-content\/uploads\/2017\/02\/S-510-ligne-png24-1240.png\" alt=\"\" width=\"1260\" height=\"233\" srcset=\"https:\/\/cjproductionnc.com\/wp-content\/uploads\/2017\/02\/S-510-ligne-png24-1240.png 1260w, https:\/\/cjproductionnc.com\/wp-content\/uploads\/2017\/02\/S-510-ligne-png24-1240-300x55.png 300w, https:\/\/cjproductionnc.com\/wp-content\/uploads\/2017\/02\/S-510-ligne-png24-1240-768x142.png 768w, https:\/\/cjproductionnc.com\/wp-content\/uploads\/2017\/02\/S-510-ligne-png24-1240-1024x189.png 1024w\" sizes=\"(max-width: 1260px) 100vw, 1260px\" \/><\/a><\/p>\n<hr \/>\n<p><a id=\"S520\" href=\"https:\/\/cjproductionnc.com\/index.php\/product\/shiny-s-520\/\"><img loading=\"lazy\" decoding=\"async\" class=\"aligncenter size-full wp-image-175\" src=\"https:\/\/cjproductionnc.com\/wp-content\/uploads\/2017\/02\/S-520-ligne-png24-1240.png\" alt=\"\" width=\"1260\" height=\"233\" srcset=\"https:\/\/cjproductionnc.com\/wp-content\/uploads\/2017\/02\/S-520-ligne-png24-1240.png 1260w, https:\/\/cjproductionnc.com\/wp-content\/uploads\/2017\/02\/S-520-ligne-png24-1240-300x55.png 300w, https:\/\/cjproductionnc.com\/wp-content\/uploads\/2017\/02\/S-520-ligne-png24-1240-768x142.png 768w, https:\/\/cjproductionnc.com\/wp-content\/uploads\/2017\/02\/S-520-ligne-png24-1240-1024x189.png 1024w\" sizes=\"(max-width: 1260px) 100vw, 1260px\" \/><\/a><\/p>\n<hr \/>\n<p><a id=\"S530\" href=\"https:\/\/cjproductionnc.com\/index.php\/product\/shiny-s-530\/\"><img loading=\"lazy\" decoding=\"async\" class=\"aligncenter size-full wp-image-174\" src=\"https:\/\/cjproductionnc.com\/wp-content\/uploads\/2017\/02\/S-530-ligne-png24-1240.png\" alt=\"\" width=\"1260\" height=\"233\" srcset=\"https:\/\/cjproductionnc.com\/wp-content\/uploads\/2017\/02\/S-530-ligne-png24-1240.png 1260w, https:\/\/cjproductionnc.com\/wp-content\/uploads\/2017\/02\/S-530-ligne-png24-1240-300x55.png 300w, https:\/\/cjproductionnc.com\/wp-content\/uploads\/2017\/02\/S-530-ligne-png24-1240-768x142.png 768w, https:\/\/cjproductionnc.com\/wp-content\/uploads\/2017\/02\/S-530-ligne-png24-1240-1024x189.png 1024w\" sizes=\"(max-width: 1260px) 100vw, 1260px\" \/><\/a><\/p>\n<hr \/>\n<p><a id=\"S542\" href=\"https:\/\/cjproductionnc.com\/index.php\/product\/shiny-s-542\/\"><img loading=\"lazy\" decoding=\"async\" class=\"aligncenter size-full wp-image-173\" src=\"https:\/\/cjproductionnc.com\/wp-content\/uploads\/2017\/02\/S-542-ligne-png24-1240.png\" alt=\"\" width=\"1260\" height=\"322\" srcset=\"https:\/\/cjproductionnc.com\/wp-content\/uploads\/2017\/02\/S-542-ligne-png24-1240.png 1260w, https:\/\/cjproductionnc.com\/wp-content\/uploads\/2017\/02\/S-542-ligne-png24-1240-300x77.png 300w, https:\/\/cjproductionnc.com\/wp-content\/uploads\/2017\/02\/S-542-ligne-png24-1240-768x196.png 768w, https:\/\/cjproductionnc.com\/wp-content\/uploads\/2017\/02\/S-542-ligne-png24-1240-1024x262.png 1024w\" sizes=\"(max-width: 1260px) 100vw, 1260px\" \/><\/a><\/p>\n<hr \/>\n<p><a id=\"S300\" href=\"https:\/\/cjproductionnc.com\/index.php\/product\/shiny-s-300\/\"><img loading=\"lazy\" decoding=\"async\" class=\"aligncenter size-full wp-image-178\" src=\"https:\/\/cjproductionnc.com\/wp-content\/uploads\/2017\/02\/S-300-ligne-png24-1240.png\" alt=\"\" width=\"1260\" height=\"233\" srcset=\"https:\/\/cjproductionnc.com\/wp-content\/uploads\/2017\/02\/S-300-ligne-png24-1240.png 1260w, https:\/\/cjproductionnc.com\/wp-content\/uploads\/2017\/02\/S-300-ligne-png24-1240-300x55.png 300w, https:\/\/cjproductionnc.com\/wp-content\/uploads\/2017\/02\/S-300-ligne-png24-1240-768x142.png 768w, https:\/\/cjproductionnc.com\/wp-content\/uploads\/2017\/02\/S-300-ligne-png24-1240-1024x189.png 1024w\" sizes=\"(max-width: 1260px) 100vw, 1260px\" \/><\/a><\/p>\n<hr \/>\n<p><a id=\"S400\" href=\"https:\/\/cjproductionnc.com\/index.php\/product\/shiny-s-400\/\"><img loading=\"lazy\" decoding=\"async\" class=\"aligncenter size-full wp-image-177\" src=\"https:\/\/cjproductionnc.com\/wp-content\/uploads\/2017\/02\/S-400-ligne-png24-1240.png\" alt=\"\" width=\"1260\" height=\"233\" srcset=\"https:\/\/cjproductionnc.com\/wp-content\/uploads\/2017\/02\/S-400-ligne-png24-1240.png 1260w, https:\/\/cjproductionnc.com\/wp-content\/uploads\/2017\/02\/S-400-ligne-png24-1240-300x55.png 300w, https:\/\/cjproductionnc.com\/wp-content\/uploads\/2017\/02\/S-400-ligne-png24-1240-768x142.png 768w, https:\/\/cjproductionnc.com\/wp-content\/uploads\/2017\/02\/S-400-ligne-png24-1240-1024x189.png 1024w\" sizes=\"(max-width: 1260px) 100vw, 1260px\" \/><\/a><\/p>\n<hr \/>\n<p>&nbsp;<\/p>\n<p style=\"text-align: right;\"><a class=\"button medium orange\" href=\"https:\/\/cjproductionnc.com\/index.php\/tampons\/les-tampons-shiny\/devis-tampons\/\">Demande de devis<\/a><\/p>\n<p>&nbsp;<\/p>\n<h4 style=\"text-align: center;\">\n<span style=\"color: #808080;\">    Tampons \u00e0 usage normal<\/span><\/p>\n<p> <a class=\"button medium red\" href=\"https:\/\/cjproductionnc.com\/index.php\/tampons\/les-tampons-shiny\/antibacteriens\/\">Tampons antibact\u00e9riens<\/a><\/p>\n<p> <a class=\"button medium red\" href=\"https:\/\/cjproductionnc.com\/index.php\/tampons\/les-tampons-shiny\/usage-intensif\/\">Tampons pour usage intensif<\/a><\/p>\n<p> <a class=\"button medium red\" href=\"https:\/\/cjproductionnc.com\/index.php\/tampons\/les-tampons-shiny\/itinerants\/\">Tampons pour usage itin\u00e9rant<\/a><\/p>\n<\/h4>\n<p>&nbsp;<\/p>","protected":false},"excerpt":{"rendered":"<p>Vous \u00eates ici : Home\u00a0 \/ Tampons\u00a0 \/\u00a0 Tampons pour usage normal Demande de devis Tampons pour usage normal &nbsp; &nbsp; Demande de devis &nbsp; Tampons \u00e0 usage normal Tampons antibact\u00e9riens Tampons pour usage intensif Tampons pour usage itin\u00e9rant &nbsp;<\/p>\n","protected":false},"author":1,"featured_media":0,"parent":12,"menu_order":1,"comment_status":"closed","ping_status":"closed","template":"","meta":{"footnotes":""},"class_list":["post-391","page","type-page","status-publish","hentry"],"_links":{"self":[{"href":"https:\/\/cjproductionnc.com\/index.php\/wp-json\/wp\/v2\/pages\/391","targetHints":{"allow":["GET"]}}],"collection":[{"href":"https:\/\/cjproductionnc.com\/index.php\/wp-json\/wp\/v2\/pages"}],"about":[{"href":"https:\/\/cjproductionnc.com\/index.php\/wp-json\/wp\/v2\/types\/page"}],"author":[{"embeddable":true,"href":"https:\/\/cjproductionnc.com\/index.php\/wp-json\/wp\/v2\/users\/1"}],"replies":[{"embeddable":true,"href":"https:\/\/cjproductionnc.com\/index.php\/wp-json\/wp\/v2\/comments?post=391"}],"version-history":[{"count":0,"href":"https:\/\/cjproductionnc.com\/index.php\/wp-json\/wp\/v2\/pages\/391\/revisions"}],"up":[{"embeddable":true,"href":"https:\/\/cjproductionnc.com\/index.php\/wp-json\/wp\/v2\/pages\/12"}],"wp:attachment":[{"href":"https:\/\/cjproductionnc.com\/index.php\/wp-json\/wp\/v2\/media?parent=391"}],"curies":[{"name":"wp","href":"https:\/\/api.w.org\/{rel}","templated":true}]}}