{"id":397,"date":"2017-02-09T11:03:50","date_gmt":"2017-02-09T00:03:50","guid":{"rendered":"http:\/\/cjproductionnc.com\/?page_id=397"},"modified":"2017-03-01T10:50:49","modified_gmt":"2017-02-28T23:50:49","slug":"antibacteriens","status":"publish","type":"page","link":"https:\/\/cjproductionnc.com\/index.php\/tampons\/antibacteriens\/","title":{"rendered":"Tampons antibact\u00e9riens"},"content":{"rendered":"<p><em>Vous \u00eates ici :<\/em> <a href=\"https:\/\/cjproductionnc.com\/\">Home<\/a> \/ <a href=\"https:\/\/cjproductionnc.com\/index.php\/tampons\/\">Tampons<\/a>\u00a0 \/<span style=\"color: #999999;\"> Tampons antibact\u00e9riens<\/span><\/p>\n<p style=\"text-align: right;\"><a class=\"button medium orange\" href=\"https:\/\/cjproductionnc.com\/index.php\/tampons\/les-tampons-shiny\/devis-tampons\/\">Demande de devis<\/a><\/p>\n<h1 style=\"text-align: center;\"><strong>Tampons antibact\u00e9riens<\/strong><\/h1>\n<hr \/>\n<p><a href=\"https:\/\/cjproductionnc.com\/index.php\/product\/shiny-a-841\/\"><img fetchpriority=\"high\" decoding=\"async\" class=\"aligncenter size-full wp-image-199\" src=\"https:\/\/cjproductionnc.com\/wp-content\/uploads\/2017\/02\/A-841-ligne-png24-1240.png\" alt=\"\" width=\"1260\" height=\"246\" srcset=\"https:\/\/cjproductionnc.com\/wp-content\/uploads\/2017\/02\/A-841-ligne-png24-1240.png 1260w, https:\/\/cjproductionnc.com\/wp-content\/uploads\/2017\/02\/A-841-ligne-png24-1240-300x59.png 300w, https:\/\/cjproductionnc.com\/wp-content\/uploads\/2017\/02\/A-841-ligne-png24-1240-768x150.png 768w, https:\/\/cjproductionnc.com\/wp-content\/uploads\/2017\/02\/A-841-ligne-png24-1240-1024x200.png 1024w\" sizes=\"(max-width: 1260px) 100vw, 1260px\" \/><\/a><\/p>\n<hr \/>\n<p><a href=\"https:\/\/cjproductionnc.com\/index.php\/product\/shiny-a-842\/\"><img decoding=\"async\" class=\"aligncenter size-full wp-image-200\" src=\"https:\/\/cjproductionnc.com\/wp-content\/uploads\/2017\/02\/A-842-ligne-png24-1240.png\" alt=\"\" width=\"1260\" height=\"246\" srcset=\"https:\/\/cjproductionnc.com\/wp-content\/uploads\/2017\/02\/A-842-ligne-png24-1240.png 1260w, https:\/\/cjproductionnc.com\/wp-content\/uploads\/2017\/02\/A-842-ligne-png24-1240-300x59.png 300w, https:\/\/cjproductionnc.com\/wp-content\/uploads\/2017\/02\/A-842-ligne-png24-1240-768x150.png 768w, https:\/\/cjproductionnc.com\/wp-content\/uploads\/2017\/02\/A-842-ligne-png24-1240-1024x200.png 1024w\" sizes=\"(max-width: 1260px) 100vw, 1260px\" \/><\/a><\/p>\n<hr \/>\n<p><a href=\"https:\/\/cjproductionnc.com\/index.php\/product\/shiny-a-843\/\"><img decoding=\"async\" class=\"aligncenter size-full wp-image-201\" src=\"https:\/\/cjproductionnc.com\/wp-content\/uploads\/2017\/02\/A-843-ligne-png24-1240.png\" alt=\"\" width=\"1260\" height=\"277\" srcset=\"https:\/\/cjproductionnc.com\/wp-content\/uploads\/2017\/02\/A-843-ligne-png24-1240.png 1260w, https:\/\/cjproductionnc.com\/wp-content\/uploads\/2017\/02\/A-843-ligne-png24-1240-300x66.png 300w, https:\/\/cjproductionnc.com\/wp-content\/uploads\/2017\/02\/A-843-ligne-png24-1240-768x169.png 768w, https:\/\/cjproductionnc.com\/wp-content\/uploads\/2017\/02\/A-843-ligne-png24-1240-1024x225.png 1024w\" sizes=\"(max-width: 1260px) 100vw, 1260px\" \/><\/a><\/p>\n<hr \/>\n<p><a href=\"https:\/\/cjproductionnc.com\/index.php\/product\/shiny-a-844\/\"><img loading=\"lazy\" decoding=\"async\" class=\"aligncenter size-full wp-image-202\" src=\"https:\/\/cjproductionnc.com\/wp-content\/uploads\/2017\/02\/A-844-ligne-png24-1240.png\" alt=\"\" width=\"1260\" height=\"322\" srcset=\"https:\/\/cjproductionnc.com\/wp-content\/uploads\/2017\/02\/A-844-ligne-png24-1240.png 1260w, https:\/\/cjproductionnc.com\/wp-content\/uploads\/2017\/02\/A-844-ligne-png24-1240-300x77.png 300w, https:\/\/cjproductionnc.com\/wp-content\/uploads\/2017\/02\/A-844-ligne-png24-1240-768x196.png 768w, https:\/\/cjproductionnc.com\/wp-content\/uploads\/2017\/02\/A-844-ligne-png24-1240-1024x262.png 1024w\" sizes=\"(max-width: 1260px) 100vw, 1260px\" \/><\/a><\/p>\n<hr \/>\n<p><a href=\"https:\/\/cjproductionnc.com\/index.php\/product\/shiny-a-845\/\"><img loading=\"lazy\" decoding=\"async\" class=\"aligncenter size-full wp-image-203\" src=\"https:\/\/cjproductionnc.com\/wp-content\/uploads\/2017\/02\/A-845-ligne-png24-1240.png\" alt=\"\" width=\"1260\" height=\"360\" srcset=\"https:\/\/cjproductionnc.com\/wp-content\/uploads\/2017\/02\/A-845-ligne-png24-1240.png 1260w, https:\/\/cjproductionnc.com\/wp-content\/uploads\/2017\/02\/A-845-ligne-png24-1240-300x86.png 300w, https:\/\/cjproductionnc.com\/wp-content\/uploads\/2017\/02\/A-845-ligne-png24-1240-768x219.png 768w, https:\/\/cjproductionnc.com\/wp-content\/uploads\/2017\/02\/A-845-ligne-png24-1240-1024x293.png 1024w\" sizes=\"(max-width: 1260px) 100vw, 1260px\" \/><\/a><\/p>\n<hr \/>\n<p>&nbsp;<\/p>\n<p style=\"text-align: right;\"><a class=\"button medium orange\" href=\"https:\/\/cjproductionnc.com\/index.php\/tampons\/les-tampons-shiny\/devis-tampons\/\">Demande de devis<\/a><\/p>\n<p>&nbsp;<\/p>\n<h4 style=\"text-align: center;\">\n<p> <a class=\"button medium red\" href=\"https:\/\/cjproductionnc.com\/index.php\/tampons\/les-tampons-shiny\/usage-normal\/\">Tampons pour usage normal<\/a><\/p>\n<p><span style=\"color: #808080;\">    Tampons antibact\u00e9riens<\/span><\/p>\n<p> <a class=\"button medium red\" href=\"https:\/\/cjproductionnc.com\/index.php\/tampons\/les-tampons-shiny\/usage-intensif\/\">Tampons pour usage intensif<\/a><\/p>\n<p> <a class=\"button medium red\" href=\"https:\/\/cjproductionnc.com\/index.php\/tampons\/les-tampons-shiny\/itinerants\/\">Tampons pour usage itin\u00e9rant<\/a><\/p>\n<\/h4>\n<p>&nbsp;<\/p>","protected":false},"excerpt":{"rendered":"<p>Vous \u00eates ici : Home \/ Tampons\u00a0 \/ Tampons antibact\u00e9riens Demande de devis Tampons antibact\u00e9riens &nbsp; Demande de devis &nbsp; Tampons pour usage normal Tampons antibact\u00e9riens Tampons pour usage intensif Tampons pour usage itin\u00e9rant &nbsp;<\/p>\n","protected":false},"author":1,"featured_media":0,"parent":12,"menu_order":2,"comment_status":"closed","ping_status":"closed","template":"","meta":{"footnotes":""},"class_list":["post-397","page","type-page","status-publish","hentry"],"_links":{"self":[{"href":"https:\/\/cjproductionnc.com\/index.php\/wp-json\/wp\/v2\/pages\/397","targetHints":{"allow":["GET"]}}],"collection":[{"href":"https:\/\/cjproductionnc.com\/index.php\/wp-json\/wp\/v2\/pages"}],"about":[{"href":"https:\/\/cjproductionnc.com\/index.php\/wp-json\/wp\/v2\/types\/page"}],"author":[{"embeddable":true,"href":"https:\/\/cjproductionnc.com\/index.php\/wp-json\/wp\/v2\/users\/1"}],"replies":[{"embeddable":true,"href":"https:\/\/cjproductionnc.com\/index.php\/wp-json\/wp\/v2\/comments?post=397"}],"version-history":[{"count":0,"href":"https:\/\/cjproductionnc.com\/index.php\/wp-json\/wp\/v2\/pages\/397\/revisions"}],"up":[{"embeddable":true,"href":"https:\/\/cjproductionnc.com\/index.php\/wp-json\/wp\/v2\/pages\/12"}],"wp:attachment":[{"href":"https:\/\/cjproductionnc.com\/index.php\/wp-json\/wp\/v2\/media?parent=397"}],"curies":[{"name":"wp","href":"https:\/\/api.w.org\/{rel}","templated":true}]}}