{"id":410,"date":"2017-02-09T11:11:00","date_gmt":"2017-02-09T00:11:00","guid":{"rendered":"http:\/\/cjproductionnc.com\/?page_id=410"},"modified":"2017-03-01T13:49:49","modified_gmt":"2017-03-01T02:49:49","slug":"usage-intensif","status":"publish","type":"page","link":"https:\/\/cjproductionnc.com\/index.php\/tampons\/usage-intensif\/","title":{"rendered":"Tampons \u00e0 usage intensif"},"content":{"rendered":"<p><em>Vous \u00eates ici :<\/em> <a href=\"https:\/\/cjproductionnc.com\/\">Home<\/a>\u00a0 \/ <a href=\"https:\/\/cjproductionnc.com\/index.php\/tampons\/\">Tampons<\/a>\u00a0 \/<span style=\"color: #999999;\"> Tampons \u00e0 usage intensif<\/span><\/p>\n<p style=\"text-align: right;\"><a class=\"button medium orange\" href=\"https:\/\/cjproductionnc.com\/index.php\/tampons\/les-tampons-shiny\/devis-tampons\/\">Demande de devis<\/a><\/p>\n<h1 style=\"text-align: center;\">Tampons \u00e0 usage intensif<span style=\"color: #ff0000;\"><br \/>\n<\/span><\/h1>\n<p>&nbsp;<\/p>\n<hr \/>\n<p><a href=\"https:\/\/cjproductionnc.com\/index.php\/product\/shiny-e-903\/\"><img fetchpriority=\"high\" decoding=\"async\" class=\"aligncenter size-full wp-image-206\" src=\"https:\/\/cjproductionnc.com\/wp-content\/uploads\/2017\/03\/E-903-ligne-png24-1240.png\" alt=\"\" width=\"1260\" height=\"250\" \/><\/a><\/p>\n<hr \/>\n<p><a href=\"https:\/\/cjproductionnc.com\/index.php\/product\/shiny-e-905\/\"><img decoding=\"async\" class=\"aligncenter size-full wp-image-207\" src=\"https:\/\/cjproductionnc.com\/wp-content\/uploads\/2017\/03\/E-905-ligne-png24-1240.png\" alt=\"\" width=\"1260\" height=\"288\" \/><\/a><\/p>\n<hr \/>\n<p><a href=\"https:\/\/cjproductionnc.com\/index.php\/product\/shiny-e-906\/\"><img decoding=\"async\" class=\"aligncenter size-full wp-image-209\" src=\"https:\/\/cjproductionnc.com\/wp-content\/uploads\/2017\/03\/E-906-ligne-png24-1240.png\" alt=\"\" width=\"1260\" height=\"250\" \/><\/a><\/p>\n<hr \/>\n<p><a href=\"https:\/\/cjproductionnc.com\/index.php\/product\/shiny-e-907\/\"><img loading=\"lazy\" decoding=\"async\" class=\"aligncenter size-full wp-image-210\" src=\"https:\/\/cjproductionnc.com\/wp-content\/uploads\/2017\/03\/E-907-ligne-png24-1240.png\" alt=\"\" width=\"1260\" height=\"288\" \/><\/a><\/p>\n<hr \/>\n<p><a href=\"https:\/\/cjproductionnc.com\/index.php\/product\/shiny-e-908\/\"><img loading=\"lazy\" decoding=\"async\" class=\"aligncenter size-full wp-image-211\" src=\"https:\/\/cjproductionnc.com\/wp-content\/uploads\/2017\/03\/E-908-ligne-png24-1240.png\" alt=\"\" width=\"1260\" height=\"392\" \/><\/a><\/p>\n<hr \/>\n<p>&nbsp;<\/p>\n<p style=\"text-align: right;\"><a class=\"button medium orange\" href=\"https:\/\/cjproductionnc.com\/index.php\/tampons\/les-tampons-shiny\/devis-tampons\/\">Demande de devis<\/a><\/p>\n<p>&nbsp;<\/p>\n<h4 style=\"text-align: center;\">\n<p> <a class=\"button medium red\" href=\"https:\/\/cjproductionnc.com\/index.php\/tampons\/les-tampons-shiny\/usage-normal\/\">Tampons pour usage normal<\/a><\/p>\n<p> <a class=\"button medium red\" href=\"https:\/\/cjproductionnc.com\/index.php\/tampons\/les-tampons-shiny\/antibacteriens\/\">Tampons antibact\u00e9riens<\/a><\/p>\n<p><span style=\"color: #808080;\">    Tampons \u00e0 usage intensif<\/span><\/p>\n<p> <a class=\"button medium red\" href=\"https:\/\/cjproductionnc.com\/index.php\/tampons\/les-tampons-shiny\/itinerants\/\">Tampons pour usage itin\u00e9rant<\/a><\/p>\n<\/h4>\n<p>&nbsp;<\/p>","protected":false},"excerpt":{"rendered":"<p>Vous \u00eates ici : Home\u00a0 \/ Tampons\u00a0 \/ Tampons \u00e0 usage intensif Demande de devis Tampons \u00e0 usage intensif &nbsp; &nbsp; Demande de devis &nbsp; Tampons pour usage normal Tampons antibact\u00e9riens Tampons \u00e0 usage intensif Tampons pour usage itin\u00e9rant &nbsp;<\/p>\n","protected":false},"author":1,"featured_media":0,"parent":12,"menu_order":3,"comment_status":"closed","ping_status":"closed","template":"","meta":{"footnotes":""},"class_list":["post-410","page","type-page","status-publish","hentry"],"_links":{"self":[{"href":"https:\/\/cjproductionnc.com\/index.php\/wp-json\/wp\/v2\/pages\/410","targetHints":{"allow":["GET"]}}],"collection":[{"href":"https:\/\/cjproductionnc.com\/index.php\/wp-json\/wp\/v2\/pages"}],"about":[{"href":"https:\/\/cjproductionnc.com\/index.php\/wp-json\/wp\/v2\/types\/page"}],"author":[{"embeddable":true,"href":"https:\/\/cjproductionnc.com\/index.php\/wp-json\/wp\/v2\/users\/1"}],"replies":[{"embeddable":true,"href":"https:\/\/cjproductionnc.com\/index.php\/wp-json\/wp\/v2\/comments?post=410"}],"version-history":[{"count":0,"href":"https:\/\/cjproductionnc.com\/index.php\/wp-json\/wp\/v2\/pages\/410\/revisions"}],"up":[{"embeddable":true,"href":"https:\/\/cjproductionnc.com\/index.php\/wp-json\/wp\/v2\/pages\/12"}],"wp:attachment":[{"href":"https:\/\/cjproductionnc.com\/index.php\/wp-json\/wp\/v2\/media?parent=410"}],"curies":[{"name":"wp","href":"https:\/\/api.w.org\/{rel}","templated":true}]}}