{"id":414,"date":"2017-02-09T11:14:55","date_gmt":"2017-02-09T00:14:55","guid":{"rendered":"http:\/\/cjproductionnc.com\/?page_id=414"},"modified":"2017-03-01T10:54:51","modified_gmt":"2017-02-28T23:54:51","slug":"itinerants","status":"publish","type":"page","link":"https:\/\/cjproductionnc.com\/index.php\/tampons\/itinerants\/","title":{"rendered":"Tampons itin\u00e9rants"},"content":{"rendered":"<p><em>Vous \u00eates ici :<\/em> <a href=\"https:\/\/cjproductionnc.com\/\">Home<\/a>\u00a0 \/\u00a0 <a href=\"https:\/\/cjproductionnc.com\/index.php\/tampons\/\">Tampons<\/a>\u00a0 \/\u00a0<span style=\"color: #999999;\"> Tampons pour usage itin\u00e9rant<\/span><\/p>\n<p style=\"text-align: right;\"><a class=\"button medium orange\" href=\"https:\/\/cjproductionnc.com\/index.php\/tampons\/les-tampons-shiny\/devis-tampons\/\">Demande de devis<\/a><\/p>\n<h1 style=\"text-align: center;\"><strong>Tampons pour usage itin\u00e9rant<\/strong><\/h1>\n<p style=\"text-align: center;\"><span style=\"color: #ff0000;\">ins\u00e9rer liste des tampons itin\u00e9rants<\/span><\/p>\n<hr \/>\n<p>&nbsp;<\/p>\n<p style=\"text-align: right;\"><a class=\"button medium orange\" href=\"https:\/\/cjproductionnc.com\/index.php\/tampons\/les-tampons-shiny\/devis-tampons\/\">Demande de devis<\/a><\/p>\n<p>&nbsp;<\/p>\n<h4 style=\"text-align: center;\">\n<p> <a class=\"button medium red\" href=\"https:\/\/cjproductionnc.com\/index.php\/tampons\/les-tampons-shiny\/usage-normal\/\">Tampons pour usage normal<\/a><\/p>\n<p> <a class=\"button medium red\" href=\"https:\/\/cjproductionnc.com\/index.php\/tampons\/les-tampons-shiny\/antibacteriens\/\">Tampons antibact\u00e9riens<\/a><\/p>\n<p> <a class=\"button medium red\" href=\"https:\/\/cjproductionnc.com\/index.php\/tampons\/les-tampons-shiny\/usage-intensif\/\">Tampons pour usage intensif<\/a><\/p>\n<p><span style=\"color: #808080;\">    Tampons itin\u00e9rants<\/span><\/h4>\n<p>&nbsp;<\/p>","protected":false},"excerpt":{"rendered":"<p>Vous \u00eates ici : Home\u00a0 \/\u00a0 Tampons\u00a0 \/\u00a0 Tampons pour usage itin\u00e9rant Demande de devis Tampons pour usage itin\u00e9rant ins\u00e9rer liste des tampons itin\u00e9rants &nbsp; Demande de devis &nbsp; Tampons pour usage normal Tampons antibact\u00e9riens Tampons pour usage intensif Tampons itin\u00e9rants &nbsp;<\/p>\n","protected":false},"author":1,"featured_media":0,"parent":12,"menu_order":4,"comment_status":"closed","ping_status":"closed","template":"","meta":{"footnotes":""},"class_list":["post-414","page","type-page","status-publish","hentry"],"_links":{"self":[{"href":"https:\/\/cjproductionnc.com\/index.php\/wp-json\/wp\/v2\/pages\/414","targetHints":{"allow":["GET"]}}],"collection":[{"href":"https:\/\/cjproductionnc.com\/index.php\/wp-json\/wp\/v2\/pages"}],"about":[{"href":"https:\/\/cjproductionnc.com\/index.php\/wp-json\/wp\/v2\/types\/page"}],"author":[{"embeddable":true,"href":"https:\/\/cjproductionnc.com\/index.php\/wp-json\/wp\/v2\/users\/1"}],"replies":[{"embeddable":true,"href":"https:\/\/cjproductionnc.com\/index.php\/wp-json\/wp\/v2\/comments?post=414"}],"version-history":[{"count":0,"href":"https:\/\/cjproductionnc.com\/index.php\/wp-json\/wp\/v2\/pages\/414\/revisions"}],"up":[{"embeddable":true,"href":"https:\/\/cjproductionnc.com\/index.php\/wp-json\/wp\/v2\/pages\/12"}],"wp:attachment":[{"href":"https:\/\/cjproductionnc.com\/index.php\/wp-json\/wp\/v2\/media?parent=414"}],"curies":[{"name":"wp","href":"https:\/\/api.w.org\/{rel}","templated":true}]}}