{"id":84,"date":"2017-02-03T08:38:17","date_gmt":"2017-02-02T21:38:17","guid":{"rendered":"http:\/\/cjproductionnc.com\/?page_id=84"},"modified":"2017-02-20T09:58:49","modified_gmt":"2017-02-19T22:58:49","slug":"les-tampons-shiny","status":"publish","type":"page","link":"https:\/\/cjproductionnc.com\/index.php\/tampons\/les-tampons-shiny\/","title":{"rendered":"Les tampons Shiny"},"content":{"rendered":"<p><em>Vous \u00eates ici :<\/em> <a href=\"https:\/\/cjproductionnc.com\/\">Home <\/a>\/ <a href=\"https:\/\/cjproductionnc.com\/index.php\/tampons\/\">Tampons <\/a>\/ <span style=\"color: #999999;\">Les tampons Shiny<\/span><\/p>\n<h1 style=\"text-align: center;\"><strong><span style=\"color: #000000;\">\u00a0<\/span>Les tampons Shiny<\/strong><\/h1>\n<p>&nbsp;<\/p>\n<div class=\"boxes\">\n<div class=\"box two last\" style=\"text-align: center;\">\n<p><a class=\"button medium red\" href=\"https:\/\/cjproductionnc.com\/index.php\/tampons\/les-tampons-shiny\/usage-normal\/\">Tampons pour usage normal<\/a><\/p>\n<p><a href=\"https:\/\/cjproductionnc.com\/index.php\/tampons\/les-tampons-shiny\/usage-normal\/\"><img decoding=\"async\" class=\"aligncenter wp-image-214\" src=\"https:\/\/cjproductionnc.com\/wp-content\/uploads\/2017\/02\/tampons-Shiny-ordinaires.png\" alt=\"\" width=\"304\" height=\"105\" srcset=\"https:\/\/cjproductionnc.com\/wp-content\/uploads\/2017\/02\/tampons-Shiny-ordinaires.png 620w, https:\/\/cjproductionnc.com\/wp-content\/uploads\/2017\/02\/tampons-Shiny-ordinaires-300x104.png 300w\" sizes=\"(max-width: 304px) 100vw, 304px\" \/><\/a><br \/>\n<a class=\"button medium red\" href=\"https:\/\/cjproductionnc.com\/index.php\/tampons\/les-tampons-shiny\/usage-intensif\/\">Tampons pour usage intensif<\/a><br \/>\n<a href=\"https:\/\/cjproductionnc.com\/index.php\/tampons\/les-tampons-shiny\/usage-intensif\/\"><br \/>\n<img decoding=\"async\" class=\"size-medium wp-image-103 aligncenter\" src=\"https:\/\/cjproductionnc.com\/wp-content\/uploads\/2017\/02\/tampons-Shiny-metal.png\" alt=\"\" width=\"300\" height=\"70\" \/><\/a><\/p>\n<\/div>\n<div class=\"box two last\" style=\"text-align: center;\">\n<p><a class=\"button medium red\" href=\"https:\/\/cjproductionnc.com\/index.php\/tampons\/les-tampons-shiny\/antibacteriens\/\">Tampons antibact\u00e9riens<\/a><br \/>\n<a href=\"https:\/\/cjproductionnc.com\/index.php\/tampons\/les-tampons-shiny\/antibacteriens\/\"><br \/>\n<img decoding=\"async\" class=\"wp-image-197 aligncenter\" src=\"https:\/\/cjproductionnc.com\/wp-content\/uploads\/2017\/02\/serieA-600b-1.png\" alt=\"\" width=\"259\" height=\"102\" srcset=\"https:\/\/cjproductionnc.com\/wp-content\/uploads\/2017\/02\/serieA-600b-1.png 600w, https:\/\/cjproductionnc.com\/wp-content\/uploads\/2017\/02\/serieA-600b-1-300x119.png 300w\" sizes=\"(max-width: 259px) 100vw, 259px\" \/><br \/>\n<\/a><a class=\"button medium red\" href=\"https:\/\/cjproductionnc.com\/index.php\/tampons\/les-tampons-shiny\/itinerants\/\">Tampons pour usage itin\u00e9rant<\/a><a href=\"https:\/\/cjproductionnc.com\/index.php\/product\/tampons-antibacteriens\/\"><br \/>\n<\/a><a href=\"https:\/\/cjproductionnc.com\/index.php\/tampons\/les-tampons-shiny\/itinerants\/\"><br \/>\n<img loading=\"lazy\" decoding=\"async\" class=\"alignnone size-medium wp-image-117 aligncenter\" src=\"https:\/\/cjproductionnc.com\/wp-content\/uploads\/2017\/02\/handy-stamp-300x120.png\" alt=\"\" width=\"300\" height=\"120\" srcset=\"https:\/\/cjproductionnc.com\/wp-content\/uploads\/2017\/02\/handy-stamp-300x120.png 300w, https:\/\/cjproductionnc.com\/wp-content\/uploads\/2017\/02\/handy-stamp.png 420w\" sizes=\"(max-width: 300px) 100vw, 300px\" \/><\/a><\/p>\n<\/div>\n<\/div>\n<p>&nbsp;<\/p>\n<div class=\"boxes\">\n<div class=\"box two first\" style=\"text-align: right;\"><a href=\"http:\/\/www.shinystamp.com\"><img loading=\"lazy\" decoding=\"async\" class=\"size-thumbnail wp-image-89\" src=\"https:\/\/cjproductionnc.com\/wp-content\/uploads\/2017\/02\/logo-shiny-150x86.png\" alt=\"\" width=\"150\" height=\"86\" \/><\/a><\/div>\n<div class=\"box two last\"><span style=\"color: #ffffff;\">.<\/span><br \/>\n<span style=\"color: #ffffff;\"> .<\/span><br \/>\nDistributeur de la marque Shiny<br \/>\nen Nouvelle-Cal\u00e9donie<\/div>\n<\/div>","protected":false},"excerpt":{"rendered":"<p>Vous \u00eates ici : Home \/ Tampons \/ Les tampons Shiny \u00a0Les tampons Shiny &nbsp; Tampons pour usage normal Tampons pour usage intensif Tampons antibact\u00e9riens Tampons pour usage itin\u00e9rant &nbsp; . . Distributeur de la marque Shiny en Nouvelle-Cal\u00e9donie<\/p>\n","protected":false},"author":1,"featured_media":0,"parent":12,"menu_order":1,"comment_status":"closed","ping_status":"closed","template":"","meta":{"footnotes":""},"class_list":["post-84","page","type-page","status-publish","hentry"],"_links":{"self":[{"href":"https:\/\/cjproductionnc.com\/index.php\/wp-json\/wp\/v2\/pages\/84","targetHints":{"allow":["GET"]}}],"collection":[{"href":"https:\/\/cjproductionnc.com\/index.php\/wp-json\/wp\/v2\/pages"}],"about":[{"href":"https:\/\/cjproductionnc.com\/index.php\/wp-json\/wp\/v2\/types\/page"}],"author":[{"embeddable":true,"href":"https:\/\/cjproductionnc.com\/index.php\/wp-json\/wp\/v2\/users\/1"}],"replies":[{"embeddable":true,"href":"https:\/\/cjproductionnc.com\/index.php\/wp-json\/wp\/v2\/comments?post=84"}],"version-history":[{"count":0,"href":"https:\/\/cjproductionnc.com\/index.php\/wp-json\/wp\/v2\/pages\/84\/revisions"}],"up":[{"embeddable":true,"href":"https:\/\/cjproductionnc.com\/index.php\/wp-json\/wp\/v2\/pages\/12"}],"wp:attachment":[{"href":"https:\/\/cjproductionnc.com\/index.php\/wp-json\/wp\/v2\/media?parent=84"}],"curies":[{"name":"wp","href":"https:\/\/api.w.org\/{rel}","templated":true}]}}