{"id":930,"date":"2017-02-15T18:44:14","date_gmt":"2017-02-15T07:44:14","guid":{"rendered":"http:\/\/cjproductionnc.com\/?page_id=930"},"modified":"2017-04-14T20:02:01","modified_gmt":"2017-04-14T09:02:01","slug":"bois","status":"publish","type":"page","link":"https:\/\/cjproductionnc.com\/index.php\/trophees\/bois\/","title":{"rendered":"Troph\u00e9es Bois"},"content":{"rendered":"<p><em>Vous \u00eates ici :<\/em> <a href=\"https:\/\/cjproductionnc.com\/\">Home<\/a> \/ <a href=\"https:\/\/cjproductionnc.com\/index.php\/trophees\">Troph\u00e9es<\/a> \/ <span style=\"color: #999999;\">Troph\u00e9es avec plaque de bois<\/span><\/p>\n<p style=\"text-align: right;\"><a class=\"button medium orange\" href=\"https:\/\/cjproductionnc.com\/index.php\/demande-de-devis-trophees\/\">Demande de devis<\/a><\/p>\n<h1 style=\"text-align: center;\"><span style=\"color: #3366ff;\">Galerie des troph\u00e9es avec plaque de bois<\/span><\/h1>\n<p>&nbsp;<\/p>\n<div class=\"boxes\">\n<div class=\"box three first\" style=\"text-align: center;\"><span style=\"color: #3366ff;\">Troph\u00e9e Tontouta bois<a  href=\"https:\/\/cjproductionnc.com\/index.php\/product\/1016\/\"><img decoding=\"async\" class=\"aligncenter size-full wp-image-921\" src=\"https:\/\/cjproductionnc.com\/wp-content\/uploads\/2017\/02\/escadronttouta-300.jpg\" alt=\"\" width=\"200\" height=\"200\" \/><\/a><\/span><\/div>\n<div class=\"box three\" style=\"text-align: center;\"><span style=\"color: #3366ff;\">Troph\u00e9e palme socle bois<a href=\"https:\/\/cjproductionnc.com\/index.php\/product\/1015\/\"><img decoding=\"async\" class=\"aligncenter size-full wp-image-924\" src=\"https:\/\/cjproductionnc.com\/wp-content\/uploads\/2017\/02\/palme01b-300.jpg\" alt=\"\" width=\"200\" height=\"200\" \/><\/a><\/span><\/div>\n<div class=\"box three last\" style=\"text-align: center;\"><span style=\"color: #3366ff;\">Troph\u00e9e fer \u00e0 cheval<a  href=\"https:\/\/cjproductionnc.com\/index.php\/product\/1002\/\"><img decoding=\"async\" class=\"aligncenter size-full wp-image-923\" src=\"https:\/\/cjproductionnc.com\/wp-content\/uploads\/2017\/02\/fer-_a-cheval-300.jpg\" alt=\"\" width=\"200\" height=\"200\" \/><\/a><\/span><\/div>\n<\/div>\n<div class=\"boxes\">\n<div class=\"box three first\" style=\"text-align: center;\"><span style=\"color: #3366ff;\">Troph\u00e9e GPI bois<a  href=\"https:\/\/cjproductionnc.com\/index.php\/product\/1022\/\"><img loading=\"lazy\" decoding=\"async\" class=\"aligncenter size-full wp-image-921\" src=\"https:\/\/cjproductionnc.com\/wp-content\/uploads\/2017\/02\/Plaque-GPI-2015-300.jpg\" alt=\"\" width=\"200\" height=\"200\" \/><\/a><\/span><\/div>\n<div class=\"box three\" style=\"text-align: center;\"><span style=\"color: #3366ff;\">Troph\u00e9e palme socle plexi<a href=\"https:\/\/cjproductionnc.com\/index.php\/product\/1020\/\"><img loading=\"lazy\" decoding=\"async\" class=\"aligncenter size-full wp-image-924\" src=\"https:\/\/cjproductionnc.com\/wp-content\/uploads\/2017\/02\/palme01-300.jpg\" alt=\"\" width=\"200\" height=\"200\" \/><\/a><\/span><\/div>\n<div class=\"box three last\" style=\"text-align: center;\"><span style=\"color: #3366ff;\">Troph\u00e9e EGM bois<a  href=\"https:\/\/cjproductionnc.com\/index.php\/product\/1018\/\"><img loading=\"lazy\" decoding=\"async\" class=\"aligncenter size-full wp-image-923\" src=\"https:\/\/cjproductionnc.com\/wp-content\/uploads\/2017\/02\/branco-300.jpg\" alt=\"\" width=\"200\" height=\"200\" \/><\/a><\/span><\/div>\n<\/div>\n<p>&nbsp;&nbsp;<\/p>\n<p style=\"text-align: center;\"><a class=\"button small dark\" href=\"https:\/\/cjproductionnc.com\/index.php\/trophees\/plexi\/\">Galerie des troph\u00e9es plexi<\/a><span style=\"color: #ffffff;\">&#8212;&#8212;<\/span><a class=\"button small dark\" href=\"https:\/\/cjproductionnc.com\/index.php\/trophees\/metal\/\">Galerie des troph\u00e9es m\u00e9tal<\/a><\/p>\n<p style=\"text-align: center;\"><a class=\"button small dark\" href=\"https:\/\/cjproductionnc.com\/index.php\/trophees\/multi\/\">Galerie des troph\u00e9es multi mat\u00e9riaux<\/a><\/p>","protected":false},"excerpt":{"rendered":"<p>Vous \u00eates ici : Home \/ Troph\u00e9es \/ Troph\u00e9es avec plaque de bois Demande de devis Galerie des troph\u00e9es avec plaque de bois &nbsp; Troph\u00e9e Tontouta bois Troph\u00e9e palme socle bois Troph\u00e9e fer \u00e0 cheval Troph\u00e9e GPI bois Troph\u00e9e palme socle plexi Troph\u00e9e EGM bois &nbsp;&nbsp; Galerie des troph\u00e9es plexi&#8212;&#8212;Galerie des troph\u00e9es m\u00e9tal Galerie des [&hellip;]<\/p>\n","protected":false},"author":1,"featured_media":0,"parent":13,"menu_order":0,"comment_status":"closed","ping_status":"closed","template":"","meta":{"footnotes":""},"class_list":["post-930","page","type-page","status-publish","hentry"],"_links":{"self":[{"href":"https:\/\/cjproductionnc.com\/index.php\/wp-json\/wp\/v2\/pages\/930","targetHints":{"allow":["GET"]}}],"collection":[{"href":"https:\/\/cjproductionnc.com\/index.php\/wp-json\/wp\/v2\/pages"}],"about":[{"href":"https:\/\/cjproductionnc.com\/index.php\/wp-json\/wp\/v2\/types\/page"}],"author":[{"embeddable":true,"href":"https:\/\/cjproductionnc.com\/index.php\/wp-json\/wp\/v2\/users\/1"}],"replies":[{"embeddable":true,"href":"https:\/\/cjproductionnc.com\/index.php\/wp-json\/wp\/v2\/comments?post=930"}],"version-history":[{"count":0,"href":"https:\/\/cjproductionnc.com\/index.php\/wp-json\/wp\/v2\/pages\/930\/revisions"}],"up":[{"embeddable":true,"href":"https:\/\/cjproductionnc.com\/index.php\/wp-json\/wp\/v2\/pages\/13"}],"wp:attachment":[{"href":"https:\/\/cjproductionnc.com\/index.php\/wp-json\/wp\/v2\/media?parent=930"}],"curies":[{"name":"wp","href":"https:\/\/api.w.org\/{rel}","templated":true}]}}