{"id":994,"date":"2017-02-16T14:24:20","date_gmt":"2017-02-16T03:24:20","guid":{"rendered":"http:\/\/cjproductionnc.com\/?page_id=994"},"modified":"2017-04-14T20:02:32","modified_gmt":"2017-04-14T09:02:32","slug":"metal","status":"publish","type":"page","link":"https:\/\/cjproductionnc.com\/index.php\/trophees\/metal\/","title":{"rendered":"Troph\u00e9es M\u00e9tal"},"content":{"rendered":"<p><em>Vous \u00eates ici :<\/em> <a href=\"https:\/\/cjproductionnc.com\/\">Home<\/a> \/ <a href=\"https:\/\/cjproductionnc.com\/index.php\/trophees\">Troph\u00e9es<\/a> \/ <span style=\"color: #999999;\">Troph\u00e9es \u00e0 base de M\u00e9tal<\/span><\/p>\n<p style=\"text-align: right;\"><a class=\"button medium orange\" href=\"https:\/\/cjproductionnc.com\/index.php\/demande-de-devis-trophees\/\">Demande de devis<\/a><\/p>\n<h1 style=\"text-align: center;\"><span style=\"color: #3366ff;\">Galerie des troph\u00e9es \u00e0 base de m\u00e9tal<\/span><\/h1>\n<p style=\"text-align: center;\">\n&nbsp;<\/p>\n<div class=\"boxes\">\n<div class=\"box three first\" style=\"text-align: center;\"><span style=\"color: #3366ff;\">Troph\u00e9e CPNSL m\u00e9tal sur socle bois<a  href=\"https:\/\/cjproductionnc.com\/index.php\/product\/1047\/\"><img decoding=\"async\" class=\"aligncenter size-full wp-image-921\" src=\"https:\/\/cjproductionnc.com\/wp-content\/uploads\/2017\/02\/CPNSL2014-300.jpg\" alt=\"\" width=\"200\" height=\"200\" \/><\/a><\/span><\/div>\n<div class=\"box three\" style=\"text-align: center;\"><span style=\"color: #3366ff;\">Troph\u00e9e BCI m\u00e9tal sur bois<a href=\"https:\/\/cjproductionnc.com\/index.php\/product\/1040\/\"><img decoding=\"async\" class=\"aligncenter size-full wp-image-924\" src=\"https:\/\/cjproductionnc.com\/wp-content\/uploads\/2017\/02\/BCI-boismetal-300.jpg\" alt=\"\" width=\"200\" height=\"200\" \/><\/a><\/span><\/div>\n<div class=\"box three last\" style=\"text-align: center;\"><span style=\"color: #3366ff;\">.<\/span><\/div>\n<\/div>\n<p>&nbsp;<br \/>\n&nbsp;<br \/>\n&nbsp;<br \/>\n&nbsp;<br \/>\n&nbsp;<br \/>\n&nbsp;<br \/>\n&nbsp;<\/p>\n<p style=\"text-align: center;\"><a class=\"button small dark\" href=\"https:\/\/cjproductionnc.com\/index.php\/trophees\/plexi\/\">Galerie des troph\u00e9es plexi<\/a><span style=\"color: #ffffff;\">&#8212;&#8212;<\/span><a class=\"button small dark\" href=\"https:\/\/cjproductionnc.com\/index.php\/trophees\/bois\/\">Galerie des troph\u00e9es bois<\/a><\/p>\n<p style=\"text-align: center;\"><a class=\"button small dark\" href=\"https:\/\/cjproductionnc.com\/index.php\/trophees\/multi\/\">Galerie des troph\u00e9es multi mat\u00e9riaux<\/a><\/p>","protected":false},"excerpt":{"rendered":"<p>Vous \u00eates ici : Home \/ Troph\u00e9es \/ Troph\u00e9es \u00e0 base de M\u00e9tal Demande de devis Galerie des troph\u00e9es \u00e0 base de m\u00e9tal &nbsp; Troph\u00e9e CPNSL m\u00e9tal sur socle bois Troph\u00e9e BCI m\u00e9tal sur bois . &nbsp; &nbsp; &nbsp; &nbsp; &nbsp; &nbsp; &nbsp; Galerie des troph\u00e9es plexi&#8212;&#8212;Galerie des troph\u00e9es bois Galerie des troph\u00e9es multi mat\u00e9riaux<\/p>\n","protected":false},"author":1,"featured_media":0,"parent":13,"menu_order":0,"comment_status":"closed","ping_status":"closed","template":"","meta":{"footnotes":""},"class_list":["post-994","page","type-page","status-publish","hentry"],"_links":{"self":[{"href":"https:\/\/cjproductionnc.com\/index.php\/wp-json\/wp\/v2\/pages\/994","targetHints":{"allow":["GET"]}}],"collection":[{"href":"https:\/\/cjproductionnc.com\/index.php\/wp-json\/wp\/v2\/pages"}],"about":[{"href":"https:\/\/cjproductionnc.com\/index.php\/wp-json\/wp\/v2\/types\/page"}],"author":[{"embeddable":true,"href":"https:\/\/cjproductionnc.com\/index.php\/wp-json\/wp\/v2\/users\/1"}],"replies":[{"embeddable":true,"href":"https:\/\/cjproductionnc.com\/index.php\/wp-json\/wp\/v2\/comments?post=994"}],"version-history":[{"count":0,"href":"https:\/\/cjproductionnc.com\/index.php\/wp-json\/wp\/v2\/pages\/994\/revisions"}],"up":[{"embeddable":true,"href":"https:\/\/cjproductionnc.com\/index.php\/wp-json\/wp\/v2\/pages\/13"}],"wp:attachment":[{"href":"https:\/\/cjproductionnc.com\/index.php\/wp-json\/wp\/v2\/media?parent=994"}],"curies":[{"name":"wp","href":"https:\/\/api.w.org\/{rel}","templated":true}]}}