{"id":997,"date":"2017-02-16T14:30:58","date_gmt":"2017-02-16T03:30:58","guid":{"rendered":"http:\/\/cjproductionnc.com\/?page_id=997"},"modified":"2017-04-14T20:03:01","modified_gmt":"2017-04-14T09:03:01","slug":"multi","status":"publish","type":"page","link":"https:\/\/cjproductionnc.com\/index.php\/trophees\/multi\/","title":{"rendered":"Troph\u00e9es multi mat\u00e9riaux"},"content":{"rendered":"<p><em>Vous \u00eates ici :<\/em> <a href=\"https:\/\/cjproductionnc.com\/\">Home<\/a> \/ <a href=\"https:\/\/cjproductionnc.com\/index.php\/trophees\">Troph\u00e9es<\/a> \/ <span style=\"color: #999999;\">Troph\u00e9es multi mat\u00e9riaux<\/span><\/p>\n<p style=\"text-align: right;\"><a class=\"button medium orange\" href=\"https:\/\/cjproductionnc.com\/index.php\/demande-de-devis-trophees\/\">Demande de devis<\/a><\/p>\n<h1 style=\"text-align: center;\"><span style=\"color: #3366ff;\">Galerie des troph\u00e9es multi mat\u00e9riaux<\/span><\/h1>\n<p style=\"text-align: center;\">\n&nbsp;<\/p>\n<div class=\"boxes\">\n<div class=\"box three first\" style=\"text-align: center;\"><span style=\"color: #3366ff;\">Troph\u00e9e 3 bambous et plexi<a  href=\"https:\/\/cjproductionnc.com\/index.php\/product\/1050\/\"><img decoding=\"async\" class=\"aligncenter size-full wp-image-921\" src=\"https:\/\/cjproductionnc.com\/wp-content\/uploads\/2017\/02\/bbous-CPNSL-300.jpg\" alt=\"\" width=\"200\" height=\"200\" \/><\/a><\/span><\/div>\n<div class=\"box three\" style=\"text-align: center;\"><span style=\"color: #3366ff;\">Troph\u00e9e 4 joueurs<a href=\"https:\/\/cjproductionnc.com\/index.php\/product\/1045\/\"><img decoding=\"async\" class=\"aligncenter size-full wp-image-924\" src=\"https:\/\/cjproductionnc.com\/wp-content\/uploads\/2017\/02\/CPNSL-2016-300.jpg\" alt=\"\" width=\"200\" height=\"200\" \/><\/a><\/span><\/div>\n<div class=\"box three last\" style=\"text-align: center;\"><span style=\"color: #3366ff;\">.<\/span><\/div>\n<\/div>\n<p>&nbsp;<br \/>\n&nbsp;<br \/>\n&nbsp;<br \/>\n&nbsp;<br \/>\n&nbsp;<br \/>\n&nbsp;<br \/>\n&nbsp;<\/p>\n<p style=\"text-align: center;\"><a class=\"button small dark\" href=\"https:\/\/cjproductionnc.com\/index.php\/trophees\/plexi\/\">Galerie des troph\u00e9es plexi<\/a> \u00a0 \u00a0 \u00a0 \u00a0 \u00a0 \u00a0 <a class=\"button small dark\" href=\"https:\/\/cjproductionnc.com\/index.php\/trophees\/bois\/\">Galerie des troph\u00e9es bois<\/a><\/p>\n<p style=\"text-align: center;\"><a class=\"button small dark\" href=\"https:\/\/cjproductionnc.com\/index.php\/trophees\/metal\/\">Galerie des troph\u00e9es m\u00e9tal <\/a><\/p>\n<p>&nbsp;<\/p>","protected":false},"excerpt":{"rendered":"<p>Vous \u00eates ici : Home \/ Troph\u00e9es \/ Troph\u00e9es multi mat\u00e9riaux Demande de devis Galerie des troph\u00e9es multi mat\u00e9riaux &nbsp; Troph\u00e9e 3 bambous et plexi Troph\u00e9e 4 joueurs . &nbsp; &nbsp; &nbsp; &nbsp; &nbsp; &nbsp; &nbsp; Galerie des troph\u00e9es plexi \u00a0 \u00a0 \u00a0 \u00a0 \u00a0 \u00a0 Galerie des troph\u00e9es bois Galerie des troph\u00e9es m\u00e9tal &nbsp;<\/p>\n","protected":false},"author":1,"featured_media":0,"parent":13,"menu_order":0,"comment_status":"closed","ping_status":"closed","template":"","meta":{"footnotes":""},"class_list":["post-997","page","type-page","status-publish","hentry"],"_links":{"self":[{"href":"https:\/\/cjproductionnc.com\/index.php\/wp-json\/wp\/v2\/pages\/997","targetHints":{"allow":["GET"]}}],"collection":[{"href":"https:\/\/cjproductionnc.com\/index.php\/wp-json\/wp\/v2\/pages"}],"about":[{"href":"https:\/\/cjproductionnc.com\/index.php\/wp-json\/wp\/v2\/types\/page"}],"author":[{"embeddable":true,"href":"https:\/\/cjproductionnc.com\/index.php\/wp-json\/wp\/v2\/users\/1"}],"replies":[{"embeddable":true,"href":"https:\/\/cjproductionnc.com\/index.php\/wp-json\/wp\/v2\/comments?post=997"}],"version-history":[{"count":0,"href":"https:\/\/cjproductionnc.com\/index.php\/wp-json\/wp\/v2\/pages\/997\/revisions"}],"up":[{"embeddable":true,"href":"https:\/\/cjproductionnc.com\/index.php\/wp-json\/wp\/v2\/pages\/13"}],"wp:attachment":[{"href":"https:\/\/cjproductionnc.com\/index.php\/wp-json\/wp\/v2\/media?parent=997"}],"curies":[{"name":"wp","href":"https:\/\/api.w.org\/{rel}","templated":true}]}}